{"id":83199,"date":"2026-01-29T18:04:40","date_gmt":"2026-01-29T18:04:40","guid":{"rendered":"https:\/\/go-st.vizia.si\/?post_type=product&#038;p=83199"},"modified":"2026-02-12T09:42:21","modified_gmt":"2026-02-12T09:42:21","slug":"hladilni-pult-korpus-4-li-fk-ag-regs-440e","status":"publish","type":"product","link":"https:\/\/go-st.vizia.si\/?product=hladilni-pult-korpus-4-li-fk-ag-regs-440e","title":{"rendered":"Hladilni pult, Korpus 4 LI-FK-AG, REGS 440E"},"content":{"rendered":"<p><strong>Konstantna zmogljivost hlajenja<\/strong><span> v kombinaciji z <\/span><strong>moderno obliko, funkcionalnostjo<\/strong><span> in <\/span><strong>najvi\u0161jo kakovostjo<\/strong><span>! <\/span><strong>Hladilne vitrine MAYWAY<\/strong><span> so prepri\u010dljive za vsakim pultom in so posebej opremljene za ekstremne obremenitve v gostinskih obratih. So idealne za shranjevanje va\u0161ih pija\u010d in se lahko prostorsko var\u010dno vgradijo v pult. Sami se odlo\u010dite o konfiguraciji va\u0161ega hladilnega pulta \u2013 z vrati iz nerjave\u010dega jekla, steklenimi vrati, funkcionalnimi predali, hladilnikom za steklenice, predalom za rde\u010de vino, izvle\u010dnim predalom za pivske sode, pripravljenim za priklop ali za zunanje hlajenje. Vsi hladilni pulti so izolirani z visokokakovostno 5 cm debelo poliuretansko peno visoke gostote. Tla\u010dna ventilacija zagotavlja enakomerno hlajenje in s tem konstantno temperaturo v celotnem notranjem prostoru. <\/span><\/p>\n<h3 class=\"desc-headings\">Poudarki<\/h3>\n<ul>\n<li>Notranjost in zunanjost iz nerjave\u010dega jekla<\/li>\n<li>Konstantna temperatura v celotnem notranjem prostoru<\/li>\n<li>V zadnjo steno vgrajen izparilnik<\/li>\n<li>Ni ve\u010d po\u0161kodb zaradi korozije na izparilniku<\/li>\n<li>Ni izparilnika v notranjem prostoru, kar je optimalno za to\u010dilno tehniko<\/li>\n<li>Notranji dno je globoko vle\u010deno za enostavno \u010di\u0161\u010denje<\/li>\n<li>Pripravljeni, perforirani prehodni kanali za cevi za pija\u010de<\/li>\n<li>Okolju prijazno hladilno sredstvo z nizkim GWP<\/li>\n<li>Popolnoma vgradljiv zaradi prezra\u010devanja in odzra\u010devanja na sprednji strani<\/li>\n<li>5 cm poliuretanska toplotna izolacija<\/li>\n<\/ul>\n<h3 class=\"desc-headings\">Informacije o izdelku<\/h3>\n<ul>\n<li>vklju\u010dno s 4 vrati z magnetnim tesnilom<\/li>\n<li>4 vrata, svetla \u0161irina x vi\u0161ina: 480 x 740 mm<\/li>\n<li>Hladilnik za steklenice z vstavnim okvirjem<\/li>\n<li>Dimenzije posode hladilnika za steklenice \u0160 x G x V: 315 x 515 x 250 mm<\/li>\n<li>Agregat na levi strani, pripravljen za priklop<\/li>\n<li>Avtomatsko izhlapevanje kondenzata<\/li>\n<li>Digitalno uravnavanje temperature s prikazom temperature<\/li>\n<\/ul>\n<h3 class=\"desc-headings\">Tehni\u010dne informacije<\/h3>\n<ul>\n<li>izvedba, pripravljena za priklop<\/li>\n<li>Hladilno sredstvo: R455a<\/li>\n<li>Temperaturno obmo\u010dje: +2\u00b0\/+8\u00b0C<\/li>\n<li>Priklju\u010dna mo\u010d: 230 V \/ 600 W<\/li>\n<li>Dimenzije: 273 x 68 x 85 cm<\/li>\n<\/ul>\n","protected":false},"excerpt":{"rendered":"<p><span>4 vrata, pripravljeno za priklop,<\/span><br \/><span>4 vrata, svetla \u0161irina x vi\u0161ina: 480 x 740 mm<\/span><br \/><span>Temperaturno obmo\u010dje: +2\u00b0\/+8\u00b0C<\/span><br \/><span>Povezovalna vrednost: 230 V \/ 600 W<\/span><br \/><span>Dimenzije: 273 x 68 x 85 cm (\u0160xGxV)<\/span><\/p>\n","protected":false},"featured_media":83292,"comment_status":"open","ping_status":"closed","template":"","meta":{"_acf_changed":false},"product_brand":[166],"product_cat":[94],"product_tag":[],"class_list":{"0":"post-83199","1":"product","2":"type-product","3":"status-publish","4":"has-post-thumbnail","6":"product_brand-mayway","7":"product_cat-hladilni-pulti","9":"first","10":"instock","11":"shipping-taxable","12":"purchasable","13":"product-type-simple"},"acf":[],"_links":{"self":[{"href":"https:\/\/go-st.vizia.si\/index.php?rest_route=\/wp\/v2\/product\/83199","targetHints":{"allow":["GET"]}}],"collection":[{"href":"https:\/\/go-st.vizia.si\/index.php?rest_route=\/wp\/v2\/product"}],"about":[{"href":"https:\/\/go-st.vizia.si\/index.php?rest_route=\/wp\/v2\/types\/product"}],"replies":[{"embeddable":true,"href":"https:\/\/go-st.vizia.si\/index.php?rest_route=%2Fwp%2Fv2%2Fcomments&post=83199"}],"wp:featuredmedia":[{"embeddable":true,"href":"https:\/\/go-st.vizia.si\/index.php?rest_route=\/wp\/v2\/media\/83292"}],"wp:attachment":[{"href":"https:\/\/go-st.vizia.si\/index.php?rest_route=%2Fwp%2Fv2%2Fmedia&parent=83199"}],"wp:term":[{"taxonomy":"product_brand","embeddable":true,"href":"https:\/\/go-st.vizia.si\/index.php?rest_route=%2Fwp%2Fv2%2Fproduct_brand&post=83199"},{"taxonomy":"product_cat","embeddable":true,"href":"https:\/\/go-st.vizia.si\/index.php?rest_route=%2Fwp%2Fv2%2Fproduct_cat&post=83199"},{"taxonomy":"product_tag","embeddable":true,"href":"https:\/\/go-st.vizia.si\/index.php?rest_route=%2Fwp%2Fv2%2Fproduct_tag&post=83199"}],"curies":[{"name":"wp","href":"https:\/\/api.w.org\/{rel}","templated":true}]}}