{"id":83200,"date":"2026-01-29T18:04:40","date_gmt":"2026-01-29T18:04:40","guid":{"rendered":"https:\/\/go-st.vizia.si\/?post_type=product&#038;p=83200"},"modified":"2026-02-12T09:49:09","modified_gmt":"2026-02-12T09:49:09","slug":"pomivalni-stroj-za-kozarce-steel-tech-1400-n","status":"publish","type":"product","link":"https:\/\/go-st.vizia.si\/?product=pomivalni-stroj-za-kozarce-steel-tech-1400-n","title":{"rendered":"Pomivalni stroj za kozarce Steel Tech 1400 N"},"content":{"rendered":"<p>Pomivalni stroji za kozarce MAYWAY iz <strong>kompaktne serije SteelTech<\/strong> so odli\u010dni za podjetja, ki dajejo velik poudarek kompaktnim dimenzijam in enostavni uporabi pomivalnega stroja. Omogo\u010dajo vam hitro in u\u010dinkovito delo. Vgrajena funkcija ThermoStop in digitalni prikaz temperature zagotavljata varno delovanje <strong>ob upo\u0161tevanju veljavnih higienskih smernic.<\/strong> Kljub kompaktnim dimenzijam imajo <strong>pomivalni stroji MAYWAY<\/strong> serije SteelTech dvojno steno (konstrukcija vrat\/pokrova) in na\u0161e najnovej\u0161e tehnologije.<\/p>\n<h3 class=\"desc-headings\">Poudarki<\/h3>\n<ul>\n<li><strong>DuoFlow <\/strong>patentirana pompa za pranje, var\u010dna in tiha<\/li>\n<li><strong>Roka za pranje in roka za izpiranje<\/strong> na vrhu iz izredno lahkega kompozitnega materiala<\/li>\n<li><strong>Nerjave\u010de jeklo<\/strong> roka za pranje in roka za izpiranje na dnu<\/li>\n<li><strong>EnergySaving<\/strong> sistem za var\u010devanje z energijo \u2013 zni\u017eanje temperature v stanju pripravljenosti<\/li>\n<li><strong>ProDose<\/strong> sistem za nadzor izpiranja<\/li>\n<li><strong>HotWash<\/strong> sistem ogrevanja zagotavlja kraj\u0161e \u010dase izpiranja in izbolj\u0161ano zmogljivost stroja<\/li>\n<li><strong>ThermoStop<\/strong> nadzor nad izpiranjem za ohranjanje temperature izpiranja<\/li>\n<li><strong>Archimedes<\/strong> sistem za umazano vodo za enostavno \u010di\u0161\u010denje in vzdr\u017eevanje<\/li>\n<li><strong>Sistem samodiagnostike<\/strong> sporo\u010da napake z utripanjem LED-diod<\/li>\n<li><strong>Enostavno upravljanje<\/strong> zanesljivo in robustno zaradi kombinacije upravljalnih gumbov in LED-zaslona<\/li>\n<li><strong>Prikaz temperature<\/strong> prek LED-zaslona<\/li>\n<\/ul>\n<h3 class=\"desc-headings\">Informacije o izdelku<\/h3>\n<ul>\n<li>Velikost ko\u0161a: 38,5 x 38,5 cm<\/li>\n<li>V celoti iz nerjave\u010dega jekla<\/li>\n<li>Dvojno stenska konstrukcija vrat<\/li>\n<li>Enostenska konstrukcija ohi\u0161ja<\/li>\n<li>Vodila za ko\u0161aro za pomivanje<\/li>\n<li>Varjena konstrukcija rezervoarja<\/li>\n<li>\u010casovno krmiljeno izpiranje<\/li>\n<li>Varnostni filter za pralno \u010drpalko<\/li>\n<li>Elektronsko krmiljeno doziranje izpiranja<\/li>\n<li>Odto\u010dni sistem preliv<\/li>\n<\/ul>\n<h3 class=\"desc-headings\">Tehni\u010dne informacije<\/h3>\n<ul>\n<li>Teoreti\u010dna zmogljivost, pribli\u017eno 30 ko\u0161ar\/h<\/li>\n<li>Temperatura pranja: 60 \u00b0C<\/li>\n<li>Temperatura izpiranja: 80 \u00b0C<\/li>\n<li>Poraba vode na izpiranje: 2,1 l<\/li>\n<li>Maks. odprtina vrat: 32 cm<\/li>\n<li>Maks. uporabna vi\u0161ina polnjenja: 30 cm<\/li>\n<li>Vsebina rezervoarja: 8 l<\/li>\n<li>Vsebina bojlerja: 2,6 l<\/li>\n<li>Grevanje rezervoarja: 600 W<\/li>\n<li>Grevanje bojlerja: 2600 W<\/li>\n<li>Mo\u010d pralne \u010drpalke: 200 W<\/li>\n<li>Povezovalna mo\u010d: 3500 W<\/li>\n<li>Napajanje: 230 V \/ 50 Hz \/ 1 N<\/li>\n<li>Najve\u010dja jakost toka: 16 A<\/li>\n<li>Tlak vode min.-max.: 2 - 4 bar<\/li>\n<li>Minimalna\/maksimalna temperatura vode: 15\u201360 \u00b0C<\/li>\n<li>Dimenzije: 43,6 x 53,5 x 67 cm (\u0160xGxV)<\/li>\n<li>Globina z odprtimi vrati: 87 cm<\/li>\n<\/ul>\n<h3 class=\"desc-headings\">Prilo\u017eena oprema<\/h3>\n<ul>\n<li>2 ko\u0161ari za kozarce 38,5 x 38,5 cm<\/li>\n<li>1 dr\u017ealo za jedilni pribor<\/li>\n<li>2 m dovodni cev \u00be\"<\/li>\n<li>2 m odvodni cev<\/li>\n<li>Priklju\u010dni kabel 230 V z vti\u010dem Schuko<\/li>\n<li>Dol\u017eina cevi za sredstvo za lo\u0161\u010danje: pribl. 1,9 m<\/li>\n<\/ul>\n","protected":false},"excerpt":{"rendered":"<p>Trajanje pomivanja: 120 sek. <br \/>Velikost ko\u0161are: 38,5 x 38,5 cm <br \/>Povezava: 230 V \/ 3,5 KW <br \/>Dimenzije: 43,6 x 53,5 x 67 cm (\u0160xGxV)<\/p>\n","protected":false},"featured_media":85698,"comment_status":"open","ping_status":"closed","template":"","meta":{"_acf_changed":false},"product_brand":[1060],"product_cat":[85],"product_tag":[],"class_list":{"0":"post-83200","1":"product","2":"type-product","3":"status-publish","4":"has-post-thumbnail","6":"product_brand-colged","7":"product_cat-podpultni-pomivalni-stroji-za-kozarce","9":"first","10":"instock","11":"shipping-taxable","12":"purchasable","13":"product-type-simple"},"acf":[],"_links":{"self":[{"href":"https:\/\/go-st.vizia.si\/index.php?rest_route=\/wp\/v2\/product\/83200","targetHints":{"allow":["GET"]}}],"collection":[{"href":"https:\/\/go-st.vizia.si\/index.php?rest_route=\/wp\/v2\/product"}],"about":[{"href":"https:\/\/go-st.vizia.si\/index.php?rest_route=\/wp\/v2\/types\/product"}],"replies":[{"embeddable":true,"href":"https:\/\/go-st.vizia.si\/index.php?rest_route=%2Fwp%2Fv2%2Fcomments&post=83200"}],"wp:featuredmedia":[{"embeddable":true,"href":"https:\/\/go-st.vizia.si\/index.php?rest_route=\/wp\/v2\/media\/85698"}],"wp:attachment":[{"href":"https:\/\/go-st.vizia.si\/index.php?rest_route=%2Fwp%2Fv2%2Fmedia&parent=83200"}],"wp:term":[{"taxonomy":"product_brand","embeddable":true,"href":"https:\/\/go-st.vizia.si\/index.php?rest_route=%2Fwp%2Fv2%2Fproduct_brand&post=83200"},{"taxonomy":"product_cat","embeddable":true,"href":"https:\/\/go-st.vizia.si\/index.php?rest_route=%2Fwp%2Fv2%2Fproduct_cat&post=83200"},{"taxonomy":"product_tag","embeddable":true,"href":"https:\/\/go-st.vizia.si\/index.php?rest_route=%2Fwp%2Fv2%2Fproduct_tag&post=83200"}],"curies":[{"name":"wp","href":"https:\/\/api.w.org\/{rel}","templated":true}]}}