{"id":83206,"date":"2026-01-29T18:04:40","date_gmt":"2026-01-29T18:04:40","guid":{"rendered":"https:\/\/go-st.vizia.si\/?post_type=product&#038;p=83206"},"modified":"2026-02-12T09:42:21","modified_gmt":"2026-02-12T09:42:21","slug":"hladilni-pult-korpus-4-li-fk-ag-regs-416e","status":"publish","type":"product","link":"https:\/\/go-st.vizia.si\/?product=hladilni-pult-korpus-4-li-fk-ag-regs-416e","title":{"rendered":"Hladilni pult, Korpus 4 LI-FK-AG, REGS 416E"},"content":{"rendered":"<p><strong>Konstantna zmogljivost hlajenja<\/strong><span> v kombinaciji z <\/span><strong>moderno obliko, funkcionalnostjo<\/strong><span> in <\/span><strong>najvi\u0161jo kakovostjo<\/strong><span>! <\/span><strong>Hladilni pulti za pija\u010de MAYWAY<\/strong><span> so prepri\u010dljivi za vsakim pultom in so posebej opremljeni za ekstremne obremenitve v gostinskih obratih. So idealni za shranjevanje va\u0161ih pija\u010d in se lahko prostorsko var\u010dno vgradijo v pult. Sami se odlo\u010dite o konfiguraciji va\u0161ega hladilnega pulta \u2013 z vrati iz nerjave\u010dega jekla, steklenimi vrati, funkcionalnimi predali, hladilnikom za steklenice, predalom za rde\u010de vino, izvle\u010dnim predalom za pivske sode, pripravljenim za priklop ali za zunanje hlajenje. Vsi hladilni pulti so izolirani z visokokakovostno 5 cm debelo poliuretansko peno visoke gostote. Tla\u010dna ventilacija zagotavlja enakomerno hlajenje in s tem konstantno temperaturo v celotnem notranjem prostoru.<\/p>\n<h3 class=\"desc-headings\">Poudarki<\/h3>\n<ul>\n<li>Notranjost in zunanjost iz nerjave\u010dega jekla<\/li>\n<li>Konstantna temperatura v celotnem notranjem prostoru<\/li>\n<li>V zadnjo steno vgrajen izparilnik<\/li>\n<li>Ni ve\u010d po\u0161kodb zaradi korozije na izparilniku<\/li>\n<li>Ni izparilnika v notranjem prostoru, optimalno za to\u010dilno tehniko<\/li>\n<li>Teleskopske predale z nosilnostjo do 50 kg<\/li>\n<li>Kakovostne teleskopske vodilne letve<\/li>\n<li>Notranji dno globoko vle\u010deno za enostavno \u010di\u0161\u010denje<\/li>\n<li>Predali z zaobljenimi vogali za enostavno \u010di\u0161\u010denje<\/li>\n<li>Pripravljeni, perforirani prehodni kanali za cevi za pija\u010de<\/li>\n<li>Okolju prijazno hladilno sredstvo z nizkim GWP<\/li>\n<li>Popolnoma vgradljiv zaradi sprednje prezra\u010devanja in odzra\u010devanja<\/li>\n<li>5 cm poliuretanska toplotna izolacija<\/li>\n<\/ul>\n<h3 class=\"desc-headings\">Informacije o izdelku<\/h3>\n<ul>\n<li>vklju\u010dno z 1 vrati, 6 predali, z magnetnim tesnilom<\/li>\n<li>1 vrata, svetla \u0161irina x vi\u0161ina: 480 x 740 mm<\/li>\n<li>3 nosilci (2\/5+3\/5)<\/li>\n<li>Uporabna vi\u0161ina predala: zgoraj 270 mm, spodaj 370 mm<\/li>\n<li>Hladilnik za steklenice s priklju\u010dnim okvirjem<\/li>\n<li>Dimenzije posode hladilnika za steklenice \u0160 x G x V: 315 x 515 x 250 mm<\/li>\n<li>Agregat na levi strani, pripravljen za priklop<\/li>\n<li>Avtomatsko izhlapevanje kondenzata<\/li>\n<li>Digitalno uravnavanje temperature s prikazom temperature<\/li>\n<\/ul>\n<h3 class=\"desc-headings\">Tehni\u010dne informacije<\/h3>\n<ul>\n<li>izvedba, pripravljena za priklop<\/li>\n<li>Hladilno sredstvo: R455a<\/li>\n<li>Temperaturno obmo\u010dje: +2\u00b0\/+8\u00b0C<\/li>\n<li>Priklju\u010dna mo\u010d: 230 V \/ 600 W<\/li>\n<li>Dimenzije: 273 x 68 x 85 cm<\/li>\n<\/ul>\n","protected":false},"excerpt":{"rendered":"<p><span>1 vrata, 6 predalov, pripravljen za priklop,<\/span><br \/><span>1 vrata, svetla \u0161irina x vi\u0161ina: 480 x 740 mm<br \/><span>3 palice za polnjenje (2\/5+3\/5)<\/span><\/span><br \/><span>Temperaturno obmo\u010dje: +2\u00b0\/+8\u00b0C<\/span><br \/><span>Povezovalna vrednost: 230 V \/ 600 W<\/span><br \/>Dimenzije: 273 x 68 x 85 cm (\u0160xGxV)<br \/><em>Sami se odlo\u010dite o<br \/><\/em><em>konfiguraciji hladilne vitrine,<br \/><\/em><em>polo\u017eaj vratnih polic,<br \/><\/em><em>je po \u017eelji prosto izbiren.<br \/><\/em><em>Prosimo, navedite ob naro\u010dilu!<\/em><\/p>\n","protected":false},"featured_media":83309,"comment_status":"open","ping_status":"closed","template":"","meta":{"_acf_changed":false},"product_brand":[166],"product_cat":[94],"product_tag":[],"class_list":{"0":"post-83206","1":"product","2":"type-product","3":"status-publish","4":"has-post-thumbnail","6":"product_brand-mayway","7":"product_cat-hladilni-pulti","9":"first","10":"instock","11":"shipping-taxable","12":"purchasable","13":"product-type-simple"},"acf":[],"_links":{"self":[{"href":"https:\/\/go-st.vizia.si\/index.php?rest_route=\/wp\/v2\/product\/83206","targetHints":{"allow":["GET"]}}],"collection":[{"href":"https:\/\/go-st.vizia.si\/index.php?rest_route=\/wp\/v2\/product"}],"about":[{"href":"https:\/\/go-st.vizia.si\/index.php?rest_route=\/wp\/v2\/types\/product"}],"replies":[{"embeddable":true,"href":"https:\/\/go-st.vizia.si\/index.php?rest_route=%2Fwp%2Fv2%2Fcomments&post=83206"}],"wp:featuredmedia":[{"embeddable":true,"href":"https:\/\/go-st.vizia.si\/index.php?rest_route=\/wp\/v2\/media\/83309"}],"wp:attachment":[{"href":"https:\/\/go-st.vizia.si\/index.php?rest_route=%2Fwp%2Fv2%2Fmedia&parent=83206"}],"wp:term":[{"taxonomy":"product_brand","embeddable":true,"href":"https:\/\/go-st.vizia.si\/index.php?rest_route=%2Fwp%2Fv2%2Fproduct_brand&post=83206"},{"taxonomy":"product_cat","embeddable":true,"href":"https:\/\/go-st.vizia.si\/index.php?rest_route=%2Fwp%2Fv2%2Fproduct_cat&post=83206"},{"taxonomy":"product_tag","embeddable":true,"href":"https:\/\/go-st.vizia.si\/index.php?rest_route=%2Fwp%2Fv2%2Fproduct_tag&post=83206"}],"curies":[{"name":"wp","href":"https:\/\/api.w.org\/{rel}","templated":true}]}}