{"id":83208,"date":"2026-01-29T18:04:40","date_gmt":"2026-01-29T18:04:40","guid":{"rendered":"https:\/\/go-st.vizia.si\/?post_type=product&#038;p=83208"},"modified":"2026-02-12T09:48:56","modified_gmt":"2026-02-12T09:48:56","slug":"namizna-hladna-vitrina-mvw-130-2","status":"publish","type":"product","link":"https:\/\/go-st.vizia.si\/?product=namizna-hladna-vitrina-mvw-130-2","title":{"rendered":"NAMIZNA HLADNA VITRINA MVW 130-2"},"content":{"rendered":"<p><strong>Hladilne vitrine MAYWAY<\/strong> so odli\u010dne za hlajenje in predstavitev tort, peciva, desertov, prigrizkov in pija\u010d, zato zelo spodbujajo prodajo. <strong>Moderen dizajn<\/strong>, <strong>prostorna predstavitvena povr\u0161ina<\/strong> in <strong>dvojno steklo na vseh straneh<\/strong> omogo\u010dajo optimalno predstavitev va\u0161ih izdelkov. Preudarna notranja osvetlitev daje va\u0161im izdelkom \u0161e posebej apetiten videz in jih spremeni v posebne vrhunce. Va\u0161a hrana ostane dlje sve\u017ea zaradi <strong>u\u010dinkovitega sistema hlajenja z zra\u010dnim obtokom<\/strong>, ki je opremljen z visokokakovostnimi komponentami in zagotavlja enakomerno temperaturo v celotnem notranjem prostoru.<\/p>\n<h3 class=\"desc-headings\">Poudarki<\/h3>\n<ul>\n<li>dvojno steklo na vseh straneh<\/li>\n<li>Ukrivljeno sprednje steklo omogo\u010da optimalen pogled na izdelke<\/li>\n<li>Enostavno polnjenje s pomo\u010djo drsnih steklenih vrat na strani upravljavca<\/li>\n<li>Moderen dizajn <\/li>\n<li>LED notranja osvetlitev za privla\u010dno predstavitev<\/li>\n<\/ul>\n<h3 class=\"desc-headings\">Informacije o izdelku<\/h3>\n<ul>\n<li>iz nerjave\u010dega jekla<\/li>\n<li>barva: \u010drna<\/li>\n<li>3 vi\u0161insko nastavljive police<\/li>\n<li>digitalni prikaz temperature<\/li>\n<li>prostornina: 130 l<\/li>\n<li>enostavno \u010di\u0161\u010denje<\/li>\n<\/ul>\n<h3 class=\"desc-headings\">Tehni\u010dne informacije<\/h3>\n<ul>\n<li>hlajenje z zra\u010dnim pretokom<\/li>\n<li>avtomatsko odtaljevanje<\/li>\n<li>hladilno sredstvo: R600a<\/li>\n<li>Temperaturno obmo\u010dje: +3\u00b0\/+8\u00b0C<\/li>\n<li>Povezava: 230 V \/ 200 W<\/li>\n<li>Dimenzije: 79,7 x 59 x 68,5 cm (\u0160xGxV)<\/li>\n<\/ul>\n<h3 class=\"desc-headings\">Prilo\u017eena oprema<\/h3>\n<ul>\n<li>3 police iz nerjave\u010dega jekla<\/li>\n<\/ul>\n","protected":false},"excerpt":{"rendered":"<p>Temperaturno obmo\u010dje: +3\u00b0\/+8\u00b0C<br \/>Povezovalna vrednost: 230 V \/ 200 W<br \/>Dimenzije: 79,7 x 59 x 68,5 cm (\u0160xGxV)<\/p>\n","protected":false},"featured_media":84009,"comment_status":"open","ping_status":"closed","template":"","meta":{"_acf_changed":false},"product_brand":[166],"product_cat":[37],"product_tag":[],"class_list":{"0":"post-83208","1":"product","2":"type-product","3":"status-publish","4":"has-post-thumbnail","6":"product_brand-mayway","7":"product_cat-namizne-hladilne-vitrine","9":"first","10":"instock","11":"shipping-taxable","12":"purchasable","13":"product-type-simple"},"acf":[],"_links":{"self":[{"href":"https:\/\/go-st.vizia.si\/index.php?rest_route=\/wp\/v2\/product\/83208","targetHints":{"allow":["GET"]}}],"collection":[{"href":"https:\/\/go-st.vizia.si\/index.php?rest_route=\/wp\/v2\/product"}],"about":[{"href":"https:\/\/go-st.vizia.si\/index.php?rest_route=\/wp\/v2\/types\/product"}],"replies":[{"embeddable":true,"href":"https:\/\/go-st.vizia.si\/index.php?rest_route=%2Fwp%2Fv2%2Fcomments&post=83208"}],"wp:featuredmedia":[{"embeddable":true,"href":"https:\/\/go-st.vizia.si\/index.php?rest_route=\/wp\/v2\/media\/84009"}],"wp:attachment":[{"href":"https:\/\/go-st.vizia.si\/index.php?rest_route=%2Fwp%2Fv2%2Fmedia&parent=83208"}],"wp:term":[{"taxonomy":"product_brand","embeddable":true,"href":"https:\/\/go-st.vizia.si\/index.php?rest_route=%2Fwp%2Fv2%2Fproduct_brand&post=83208"},{"taxonomy":"product_cat","embeddable":true,"href":"https:\/\/go-st.vizia.si\/index.php?rest_route=%2Fwp%2Fv2%2Fproduct_cat&post=83208"},{"taxonomy":"product_tag","embeddable":true,"href":"https:\/\/go-st.vizia.si\/index.php?rest_route=%2Fwp%2Fv2%2Fproduct_tag&post=83208"}],"curies":[{"name":"wp","href":"https:\/\/api.w.org\/{rel}","templated":true}]}}