{"id":83213,"date":"2026-01-29T18:04:41","date_gmt":"2026-01-29T18:04:41","guid":{"rendered":"https:\/\/go-st.vizia.si\/?post_type=product&#038;p=83213"},"modified":"2026-02-12T09:48:58","modified_gmt":"2026-02-12T09:48:58","slug":"predalnik-za-kavo-dvojni","status":"publish","type":"product","link":"https:\/\/go-st.vizia.si\/?product=predalnik-za-kavo-dvojni","title":{"rendered":"Predalnik za kavo \u2013 dvojni"},"content":{"rendered":"<h3 class=\"desc-headings\">Poudarki<\/h3>\n<ul>\n<li>Robustna izvedba iz nerjave\u010dega jekla<\/li>\n<li>Te\u017eka konstrukcija z optimiziranim hrupom<\/li>\n<li>Visokokakovostne teleskopske vodilne letve<\/li>\n<li>Enostavno odstranljivi predali<\/li>\n<li>Robustna, odstranljiva palica za trkanje<\/li>\n<li>Enostavno \u010di\u0161\u010denje<\/li>\n<\/ul>\n<h3 class=\"desc-headings\">Informacije o izdelku<\/h3>\n<ul>\n<li>Dimenzije: 70 x 53 x 16 cm (\u0160xGxV)<\/li>\n<\/ul>\n","protected":false},"excerpt":{"rendered":"<p>Z dvema predaloma 1 x palica za trkanje<br \/>Dimenzije: 70 x 53 x 16 cm (\u0160xGxV)<\/p>\n","protected":false},"featured_media":85192,"comment_status":"open","ping_status":"closed","template":"","meta":{"_acf_changed":false},"product_brand":[],"product_cat":[135],"product_tag":[],"class_list":{"0":"post-83213","1":"product","2":"type-product","3":"status-publish","4":"has-post-thumbnail","6":"product_cat-dodatki-in-nadgradnje","8":"first","9":"instock","10":"shipping-taxable","11":"purchasable","12":"product-type-simple"},"acf":[],"_links":{"self":[{"href":"https:\/\/go-st.vizia.si\/index.php?rest_route=\/wp\/v2\/product\/83213","targetHints":{"allow":["GET"]}}],"collection":[{"href":"https:\/\/go-st.vizia.si\/index.php?rest_route=\/wp\/v2\/product"}],"about":[{"href":"https:\/\/go-st.vizia.si\/index.php?rest_route=\/wp\/v2\/types\/product"}],"replies":[{"embeddable":true,"href":"https:\/\/go-st.vizia.si\/index.php?rest_route=%2Fwp%2Fv2%2Fcomments&post=83213"}],"wp:featuredmedia":[{"embeddable":true,"href":"https:\/\/go-st.vizia.si\/index.php?rest_route=\/wp\/v2\/media\/85192"}],"wp:attachment":[{"href":"https:\/\/go-st.vizia.si\/index.php?rest_route=%2Fwp%2Fv2%2Fmedia&parent=83213"}],"wp:term":[{"taxonomy":"product_brand","embeddable":true,"href":"https:\/\/go-st.vizia.si\/index.php?rest_route=%2Fwp%2Fv2%2Fproduct_brand&post=83213"},{"taxonomy":"product_cat","embeddable":true,"href":"https:\/\/go-st.vizia.si\/index.php?rest_route=%2Fwp%2Fv2%2Fproduct_cat&post=83213"},{"taxonomy":"product_tag","embeddable":true,"href":"https:\/\/go-st.vizia.si\/index.php?rest_route=%2Fwp%2Fv2%2Fproduct_tag&post=83213"}],"curies":[{"name":"wp","href":"https:\/\/api.w.org\/{rel}","templated":true}]}}