{"id":83221,"date":"2026-01-29T18:04:41","date_gmt":"2026-01-29T18:04:41","guid":{"rendered":"https:\/\/go-st.vizia.si\/?post_type=product&#038;p=83221"},"modified":"2026-02-12T09:49:07","modified_gmt":"2026-02-12T09:49:07","slug":"ledomat-ice-cube-60l-2","status":"publish","type":"product","link":"https:\/\/go-st.vizia.si\/?product=ledomat-ice-cube-60l-2","title":{"rendered":"LEDOMAT, ICE CUBE 60L"},"content":{"rendered":"<p>Led je klju\u010dnega pomena \u2013 ve\u010dina pija\u010d postane okusna \u0161ele pri pravi temperaturi! Ledomat MAYWAY je nepogre\u0161ljiv v barih, kavarnah in restavracijah. Primeren je tudi za hlajenje mesa, rib in drugih \u017eivil ter nepogre\u0161ljiv v bifejih. Izberite model z zra\u010dnim ali vodnim hlajenjem, odvisno od dnevne potrebe med 20 in 150 kg.<\/p>\n<h3 class=\"desc-headings\">Poudarki<\/h3>\n<ul>\n<li>Vgradljiv<\/li>\n<li>Tiho delovanje zaradi vodnega hlajenja<\/li>\n<li>Kompakten in prostorsko var\u010den<\/li>\n<li>Avtomatski sistem \u010di\u0161\u010denja<\/li>\n<li>Zagotavlja kocke ledu najbolj\u0161e kakovosti<\/li>\n<li>Okolju prijazno hladilno sredstvo R290<\/li>\n<\/ul>\n<h3 class=\"desc-headings\">Informacije o izdelku<\/h3>\n<ul>\n<li>Robustno ohi\u0161je iz nerjave\u010dega jekla<\/li>\n<li>Proizvodna zmogljivost do 29 kg \/ 24h<\/li>\n<li>Zmogljivost zalogovnika: 9 kg<\/li>\n<\/ul>\n<h3 class=\"desc-headings\">Tehni\u010dne informacije<\/h3>\n<ul>\n<li>Poraba vode pribli\u017eno 16 l na kg ledu<\/li>\n<li>vodno hlajenje<\/li>\n<li>Hladilno sredstvo: R290<\/li>\n<li>Priklju\u010dna mo\u010d: 230 V \/ 290 W<\/li>\n<li>Vgradne mere: 38,7 x 46,5 x 68,7 cm (\u0160xGxV)<\/li>\n<li>Dimenzije: 38,7 x 46,5 x 68,7 cm (\u0160xGxV)\n<\/li>\n<li>Priklju\u010dek za dovod vode: 3\/4\"<\/li>\n<li>Priklju\u010dek za odtok vode: DM 2,4 cm<\/li>\n<li>Priporo\u010deni tlak vode: 1\u20136 bar<\/li>\n<li>Priporo\u010dena temperatura vode: +3 \u00b0C\/+32 \u00b0C<\/li>\n<li>Priporo\u010dena temperatura okolice: +10 \u00b0C\/+43 \u00b0C<\/li>\n<\/ul>\n","protected":false},"excerpt":{"rendered":"<p>Proizvodnja: 29 kg \/ 24 h<br \/>Hlajenje z vodo<br \/>Dimenzije: 38,7 x 46,5 x 69,2 cm (\u0160xGxV)<\/p>\n","protected":false},"featured_media":83824,"comment_status":"open","ping_status":"closed","template":"","meta":{"_acf_changed":false},"product_brand":[728],"product_cat":[36],"product_tag":[],"class_list":{"0":"post-83221","1":"product","2":"type-product","3":"status-publish","4":"has-post-thumbnail","6":"product_brand-ntf","7":"product_cat-ledomati","9":"first","10":"instock","11":"shipping-taxable","12":"purchasable","13":"product-type-simple"},"acf":[],"_links":{"self":[{"href":"https:\/\/go-st.vizia.si\/index.php?rest_route=\/wp\/v2\/product\/83221","targetHints":{"allow":["GET"]}}],"collection":[{"href":"https:\/\/go-st.vizia.si\/index.php?rest_route=\/wp\/v2\/product"}],"about":[{"href":"https:\/\/go-st.vizia.si\/index.php?rest_route=\/wp\/v2\/types\/product"}],"replies":[{"embeddable":true,"href":"https:\/\/go-st.vizia.si\/index.php?rest_route=%2Fwp%2Fv2%2Fcomments&post=83221"}],"wp:featuredmedia":[{"embeddable":true,"href":"https:\/\/go-st.vizia.si\/index.php?rest_route=\/wp\/v2\/media\/83824"}],"wp:attachment":[{"href":"https:\/\/go-st.vizia.si\/index.php?rest_route=%2Fwp%2Fv2%2Fmedia&parent=83221"}],"wp:term":[{"taxonomy":"product_brand","embeddable":true,"href":"https:\/\/go-st.vizia.si\/index.php?rest_route=%2Fwp%2Fv2%2Fproduct_brand&post=83221"},{"taxonomy":"product_cat","embeddable":true,"href":"https:\/\/go-st.vizia.si\/index.php?rest_route=%2Fwp%2Fv2%2Fproduct_cat&post=83221"},{"taxonomy":"product_tag","embeddable":true,"href":"https:\/\/go-st.vizia.si\/index.php?rest_route=%2Fwp%2Fv2%2Fproduct_tag&post=83221"}],"curies":[{"name":"wp","href":"https:\/\/api.w.org\/{rel}","templated":true}]}}