{"id":83449,"date":"2026-01-29T18:05:26","date_gmt":"2026-01-29T18:05:26","guid":{"rendered":"https:\/\/go-st.vizia.si\/?post_type=product&#038;p=83449"},"modified":"2026-02-12T09:43:05","modified_gmt":"2026-02-12T09:43:05","slug":"hladilni-pult-linear-plus-704-tn-a-4t","status":"publish","type":"product","link":"https:\/\/go-st.vizia.si\/?product=hladilni-pult-linear-plus-704-tn-a-4t","title":{"rendered":"Hladilni pult, LINEAR PLUS 704 TN\/A, 4T"},"content":{"rendered":"<p><strong>Stalna zmogljivost hlajenja<\/strong><span> v kombinaciji z <\/span><strong>moderno obliko, funkcionalnostjo<\/strong><span> in <\/span><strong>najvi\u0161jo kakovostjo<\/strong><span>! <\/span><strong>Hladilne mize AFINOX LINEAR PLUS<\/strong><span> so prepri\u010dljive v vsaki kuhinji in so posebej opremljene za ekstremne obremenitve v gostinskih obratih.\u00a0<\/span><span>Ustrezajo strogim higienskim predpisom za hlajenje in shranjevanje \u017eivil <\/span><span>in so na voljo v \u0161tevilnih razli\u010dicah. Sami se odlo\u010dite o konfiguraciji svoje hladilne mize \u2013 z vrati iz nerjave\u010dega jekla, funkcionalnimi predali, delovno plo\u0161\u010do iz nerjave\u010dega jekla, delovno plo\u0161\u010do z robom ali tudi brez delovne plo\u0161\u010de, za vgradnjo v neprekinjeno delovno plo\u0161\u010do, pripravljeno za priklop ali za zunanje hlajenje. Vse <\/span><strong>hladilne mize AFINOX LINEAR PLUS<\/strong><span> so izolirane z visokokakovostno 60 mm poliuretansko peno visoke gostote. Tla\u010dna ventilacija zagotavlja enakomerno hlajenje in s tem konstantno temperaturo v celotnem notranjem prostoru. <\/span><\/p>\n<h3 class=\"desc-headings\">Poudarki<\/h3>\n<ul>\n<li>Notranjost in zunanjost iz nerjave\u010dega jekla AISI 304<\/li>\n<li>3D sistem hlajenja, konstantna temperatura v celotnem notranjem prostoru<\/li>\n<li>Notranji prostor z zaobljenimi koti za enostavno \u010di\u0161\u010denje<\/li>\n<li>Notranji dno globoko vle\u010deno za enostavno \u010di\u0161\u010denje<\/li>\n<li>Okolju prijazno hladilno sredstvo z nizkim GWP<\/li>\n<li>6 cm poliuretanska toplotna izolacija<\/li>\n<\/ul>\n<h3 class=\"desc-headings\">Informacije o izdelku<\/h3>\n<ul>\n<li>vklju\u010dno s 4 vrati z magnetnim tesnilom<\/li>\n<li>Vrata \u0160xV: 352x528 mm<\/li>\n<li>primerno za re\u0161etke in pladnje GN 1\/1<\/li>\n<li>Vi\u0161ina korpusa: 650+50 mm<\/li>\n<li><span>50 mm delovna plo\u0161\u010da iz nerjave\u010dega jekla<br \/><\/span><\/li>\n<li><span>100 mm zadnji rob<\/span><\/li>\n<li><span>vi\u0161insko nastavljive noge iz nerjave\u010dega jekla<\/span><\/li>\n<li>Agregat na desni strani, pripravljen za priklop<\/li>\n<li>avtomatsko izhlapevanje kondenzata<\/li>\n<li>digitalno uravnavanje temperature s prikazom temperature<\/li>\n<\/ul>\n<h3 class=\"desc-headings\">Tehni\u010dne informacije<\/h3>\n<ul>\n<li>izvedba, pripravljena za priklop<\/li>\n<li>avtomatsko odtaljevanje<\/li>\n<li>hladilno sredstvo: R290<\/li>\n<li>temperaturno obmo\u010dje: -2\u00b0\/+7\u00b0C<\/li>\n<li>priklju\u010dna mo\u010d: 230 V \/ 247 W<\/li>\n<li>Dimenzije: 218 x 70 x 85\/90 cm (\u0160xGxV)<\/li>\n<\/ul>\n<p><strong>Dodatne mo\u017enosti za dopla\u010dilo<\/strong><\/p>\n<ul>\n<li>Predalnik 2x 1\/2<\/li>\n<li>Element s predali 3x 1\/3<\/li>\n<li>Predali\/vrata se lahko zaklenejo<\/li>\n<li>Agregat na levi strani<\/li>\n<li>Pomivalno korito<\/li>\n<li>Izparilnik iz nerjave\u010dega jekla<\/li>\n<li>Hladilna miza na kolesih<\/li>\n<\/ul>\n<h3 class=\"desc-headings\">Prilo\u017eena oprema<\/h3>\n<ul>\n<li>4 re\u0161etke GN 1\/1<\/li>\n<li>8 nerjave\u010dih jeklenih vodil<\/li>\n<\/ul>\n","protected":false},"excerpt":{"rendered":"<p><span>4 vrata, pripravljeno za priklop, <\/span><br \/><span>Vrata \u0160xV: 352 x 528 mm<br \/>50 mm delovna plo\u0161\u010da iz nerjave\u010dega jekla<br \/>100 mm zadnji rob<\/span><br \/><span>Temperaturno obmo\u010dje: -2\u00b0\/+7\u00b0C<\/span><br \/><span>Povezava: 230 V \/ 247 W<\/span><br \/><span>Dimenzije:\u00a0218 x 70 x 85\/90 cm (\u0160xGxV)<\/span><\/p>\n","protected":false},"featured_media":83617,"comment_status":"open","ping_status":"closed","template":"","meta":{"_acf_changed":false},"product_brand":[267],"product_cat":[94],"product_tag":[],"class_list":{"0":"post-83449","1":"product","2":"type-product","3":"status-publish","4":"has-post-thumbnail","6":"product_brand-afinox","7":"product_cat-hladilni-pulti","9":"first","10":"instock","11":"shipping-taxable","12":"purchasable","13":"product-type-simple"},"acf":[],"_links":{"self":[{"href":"https:\/\/go-st.vizia.si\/index.php?rest_route=\/wp\/v2\/product\/83449","targetHints":{"allow":["GET"]}}],"collection":[{"href":"https:\/\/go-st.vizia.si\/index.php?rest_route=\/wp\/v2\/product"}],"about":[{"href":"https:\/\/go-st.vizia.si\/index.php?rest_route=\/wp\/v2\/types\/product"}],"replies":[{"embeddable":true,"href":"https:\/\/go-st.vizia.si\/index.php?rest_route=%2Fwp%2Fv2%2Fcomments&post=83449"}],"wp:featuredmedia":[{"embeddable":true,"href":"https:\/\/go-st.vizia.si\/index.php?rest_route=\/wp\/v2\/media\/83617"}],"wp:attachment":[{"href":"https:\/\/go-st.vizia.si\/index.php?rest_route=%2Fwp%2Fv2%2Fmedia&parent=83449"}],"wp:term":[{"taxonomy":"product_brand","embeddable":true,"href":"https:\/\/go-st.vizia.si\/index.php?rest_route=%2Fwp%2Fv2%2Fproduct_brand&post=83449"},{"taxonomy":"product_cat","embeddable":true,"href":"https:\/\/go-st.vizia.si\/index.php?rest_route=%2Fwp%2Fv2%2Fproduct_cat&post=83449"},{"taxonomy":"product_tag","embeddable":true,"href":"https:\/\/go-st.vizia.si\/index.php?rest_route=%2Fwp%2Fv2%2Fproduct_tag&post=83449"}],"curies":[{"name":"wp","href":"https:\/\/api.w.org\/{rel}","templated":true}]}}