{"id":83553,"date":"2026-01-29T18:05:48","date_gmt":"2026-01-29T18:05:48","guid":{"rendered":"https:\/\/go-st.vizia.si\/?post_type=product&#038;p=83553"},"modified":"2026-02-12T09:43:00","modified_gmt":"2026-02-12T09:43:00","slug":"pizza-pult-pkt1000","status":"publish","type":"product","link":"https:\/\/go-st.vizia.si\/?product=pizza-pult-pkt1000","title":{"rendered":"PIZZA PULT, PKT1000"},"content":{"rendered":"<p>Genialni vsestranski pripomo\u010dek v vsaki kuhinji. Z visokokakovostno, higiensko <strong>izvedbo iz nerjave\u010dega jekla in granitno delovno plo\u0161\u010do<\/strong> so hladilne mize za pice MAYWAY prepri\u010dljive pri vsakem delu. Prepri\u010dljive so ne le pri pripravi, ampak so zaradi <strong>konstantne hladilne zmogljivosti<\/strong> odli\u010dne tudi za shranjevanje \u017eivil. Svoje sve\u017ee sestavine lahko shranjujete in predelujete <strong>prostorsko var\u010dno in u\u010dinkovito.<\/strong><\/p>\n<h3 class=\"desc-headings\">Poudarki<\/h3>\n<ul>\n<li>Notranjost in zunanjost iz nerjave\u010dega jekla<\/li>\n<li>Granitna delovna povr\u0161ina z robom<\/li>\n<li>Penasti izparilnik<\/li>\n<li>Elektronsko krmiljenje<\/li>\n<\/ul>\n<h3 class=\"desc-headings\">Informacije o izdelku<\/h3>\n<ul>\n<li>1 vrata iz nerjave\u010dega jekla in 1 blok predalov (nehlajen) s 6 predali<\/li>\n<li>Granitna delovna povr\u0161ina z robom<\/li>\n<li>Digitalni zaslon<\/li>\n<li>Vsebina: 109 l<\/li>\n<li>Noge z nastavljivo vi\u0161ino<\/li>\n<\/ul>\n<h3 class=\"desc-headings\">Tehni\u010dne informacije<\/h3>\n<ul>\n<li>Pripravljen za priklop<\/li>\n<li>Hlajenje z zra\u010dnim pretokom<\/li>\n<li>Avtomatsko odmrzovanje<\/li>\n<li>Penasti izparilnik<\/li>\n<li>Temperaturno obmo\u010dje: +2\u00b0\/+8\u00b0C<\/li>\n<li>Hladilno sredstvo: R600a<\/li>\n<li>Povezovalna vrednost: 230 V \/ 350 W<\/li>\n<li>Dimenzije: 95,5 x 70 x 102 cm (\u0160xGxV)<\/li>\n<\/ul>\n<h3 class=\"desc-headings\">Prilo\u017eena oprema<\/h3>\n<ul>\n<li>1 re\u0161etka<\/li>\n<\/ul>\n","protected":false},"excerpt":{"rendered":"<p>Vsebina: 109 l.<br \/>Povezava: 230 V \/ 350 W<br \/>Dimenzije: 95,5 x 70 x 102 cm (\u0160xGxV)<\/p>\n","protected":false},"featured_media":83641,"comment_status":"open","ping_status":"closed","template":"","meta":{"_acf_changed":false},"product_brand":[166],"product_cat":[96],"product_tag":[],"class_list":{"0":"post-83553","1":"product","2":"type-product","3":"status-publish","4":"has-post-thumbnail","6":"product_brand-mayway","7":"product_cat-pizza-pulti","9":"first","10":"instock","11":"shipping-taxable","12":"purchasable","13":"product-type-simple"},"acf":[],"_links":{"self":[{"href":"https:\/\/go-st.vizia.si\/index.php?rest_route=\/wp\/v2\/product\/83553","targetHints":{"allow":["GET"]}}],"collection":[{"href":"https:\/\/go-st.vizia.si\/index.php?rest_route=\/wp\/v2\/product"}],"about":[{"href":"https:\/\/go-st.vizia.si\/index.php?rest_route=\/wp\/v2\/types\/product"}],"replies":[{"embeddable":true,"href":"https:\/\/go-st.vizia.si\/index.php?rest_route=%2Fwp%2Fv2%2Fcomments&post=83553"}],"wp:featuredmedia":[{"embeddable":true,"href":"https:\/\/go-st.vizia.si\/index.php?rest_route=\/wp\/v2\/media\/83641"}],"wp:attachment":[{"href":"https:\/\/go-st.vizia.si\/index.php?rest_route=%2Fwp%2Fv2%2Fmedia&parent=83553"}],"wp:term":[{"taxonomy":"product_brand","embeddable":true,"href":"https:\/\/go-st.vizia.si\/index.php?rest_route=%2Fwp%2Fv2%2Fproduct_brand&post=83553"},{"taxonomy":"product_cat","embeddable":true,"href":"https:\/\/go-st.vizia.si\/index.php?rest_route=%2Fwp%2Fv2%2Fproduct_cat&post=83553"},{"taxonomy":"product_tag","embeddable":true,"href":"https:\/\/go-st.vizia.si\/index.php?rest_route=%2Fwp%2Fv2%2Fproduct_tag&post=83553"}],"curies":[{"name":"wp","href":"https:\/\/api.w.org\/{rel}","templated":true}]}}