{"id":83559,"date":"2026-01-29T18:05:48","date_gmt":"2026-01-29T18:05:48","guid":{"rendered":"https:\/\/go-st.vizia.si\/?post_type=product&#038;p=83559"},"modified":"2026-02-12T09:42:58","modified_gmt":"2026-02-12T09:42:58","slug":"pizza-pec-po-06","status":"publish","type":"product","link":"https:\/\/go-st.vizia.si\/?product=pizza-pec-po-06","title":{"rendered":"Pizza pe\u010d PO-06"},"content":{"rendered":"<p>Buon appetito \u2013 okusna, hrustljava pizza, sve\u017ee iz pe\u010dice! Skrivnost okusne pizze je poleg sestavin in priprave tudi v kakovosti pe\u010di za pizzo. Pe\u010d mora biti dobro in enakomerno ogrevana. Pe\u010d za pizzo MAYWAY je zaradi visokokakovostne izdelave in enostavne uporabe idealna oprema za vsakega pizzaiola. <\/p>\n<h3 class=\"desc-headings\">Poudarki<\/h3>\n<ul>\n<li>Pe\u010dica z visokokakovostnim \u0161amotnim dnom<\/li>\n<li>Enakomerno peko pice zahvaljujo\u010d 1,4 cm debelini \u0161amota<\/li>\n<li>Hkrati lahko spe\u010dete 6 pic premera 33 cm<\/li>\n<li>Notranja osvetlitev<\/li>\n<li>Sprednja stran iz nerjave\u010dega jekla<\/li>\n<\/ul>\n<h3 class=\"desc-headings\">Informacije o izdelku<\/h3>\n<ul>\n<li>Termometer v pe\u010dici<\/li>\n<li>Sprednja stran iz nerjave\u010dega jekla<\/li>\n<\/ul>\n<h3 class=\"desc-headings\">Tehni\u010dne informacije<\/h3>\n<ul>\n<li>Notranje mere komore: 70 x 105 x 15 cm (\u0160xGxV)<\/li>\n<li>Temperaturno obmo\u010dje: +50 \u00b0C\/+450 \u00b0C<\/li>\n<li>Povezovalna mo\u010d: 400 V \/ 7,2 KW<\/li>\n<li>Dimenzije: 98 x 127 x 42 cm (\u0160xGxV)<\/li>\n<\/ul>\n","protected":false},"excerpt":{"rendered":"<p>1 pe\u010dna komora<br \/>Priklju\u010dna mo\u010d: 400 V \/ 7,2 KW<br \/>Dimenzije: 98 x 127 x 42 cm (\u0160xGxV)<\/p>\n","protected":false},"featured_media":85404,"comment_status":"open","ping_status":"closed","template":"","meta":{"_acf_changed":false},"product_brand":[986],"product_cat":[52],"product_tag":[],"class_list":{"0":"post-83559","1":"product","2":"type-product","3":"status-publish","4":"has-post-thumbnail","6":"product_brand-rm-gastro","7":"product_cat-pizza-peci","9":"first","10":"instock","11":"shipping-taxable","12":"purchasable","13":"product-type-simple"},"acf":[],"_links":{"self":[{"href":"https:\/\/go-st.vizia.si\/index.php?rest_route=\/wp\/v2\/product\/83559","targetHints":{"allow":["GET"]}}],"collection":[{"href":"https:\/\/go-st.vizia.si\/index.php?rest_route=\/wp\/v2\/product"}],"about":[{"href":"https:\/\/go-st.vizia.si\/index.php?rest_route=\/wp\/v2\/types\/product"}],"replies":[{"embeddable":true,"href":"https:\/\/go-st.vizia.si\/index.php?rest_route=%2Fwp%2Fv2%2Fcomments&post=83559"}],"wp:featuredmedia":[{"embeddable":true,"href":"https:\/\/go-st.vizia.si\/index.php?rest_route=\/wp\/v2\/media\/85404"}],"wp:attachment":[{"href":"https:\/\/go-st.vizia.si\/index.php?rest_route=%2Fwp%2Fv2%2Fmedia&parent=83559"}],"wp:term":[{"taxonomy":"product_brand","embeddable":true,"href":"https:\/\/go-st.vizia.si\/index.php?rest_route=%2Fwp%2Fv2%2Fproduct_brand&post=83559"},{"taxonomy":"product_cat","embeddable":true,"href":"https:\/\/go-st.vizia.si\/index.php?rest_route=%2Fwp%2Fv2%2Fproduct_cat&post=83559"},{"taxonomy":"product_tag","embeddable":true,"href":"https:\/\/go-st.vizia.si\/index.php?rest_route=%2Fwp%2Fv2%2Fproduct_tag&post=83559"}],"curies":[{"name":"wp","href":"https:\/\/api.w.org\/{rel}","templated":true}]}}