{"id":83561,"date":"2026-01-29T18:05:48","date_gmt":"2026-01-29T18:05:48","guid":{"rendered":"https:\/\/go-st.vizia.si\/?post_type=product&#038;p=83561"},"modified":"2026-02-12T09:46:34","modified_gmt":"2026-02-12T09:46:34","slug":"hladilna-miza-za-pico-sl-03-pz-3-vrata","status":"publish","type":"product","link":"https:\/\/go-st.vizia.si\/?product=hladilna-miza-za-pico-sl-03-pz-3-vrata","title":{"rendered":"Hladilna miza za pico, SL 03 PZ, 3 vrata"},"content":{"rendered":"<p><span>Genialni vsestranski pripomo\u010dek v vsaki kuhinji. Z visokokakovostno, higiensko <\/span><strong>izvedbo iz nerjave\u010dega jekla in granitno delovno plo\u0161\u010do<\/strong><span> so hladilne mize za pice MAYWAY prepri\u010dljive pri vsakem delu. Prepri\u010dajo ne le pri pripravi, ampak so zaradi <\/span><strong>konstantne hladilne zmogljivosti<\/strong><span>odli\u010dni tudi za shranjevanje \u017eivil. Shranjujte in predelujte sve\u017ee sestavine <\/span><strong>prostorsko var\u010dno in u\u010dinkovito.<\/strong><\/p>\n<h3 class=\"desc-headings\">Poudarki<\/h3>\n<ul>\n<li>Delovna plo\u0161\u010da iz visokokakovostnega granita<\/li>\n<li>Granitna plo\u0161\u010da s 3-stranskim robom<\/li>\n<li>Ohi\u0161je in notranjost iz visokokakovostnega nerjave\u010dega jekla AISI 304 (CNS 18\/10)<\/li>\n<li>Krmiljenje temperature prek digitalnega regulatorja<\/li>\n<li>Prikaz temperature in stanja prek LCD-zaslona<\/li>\n<li>Re\u0161etke so vi\u0161insko nastavljive<\/li>\n<li>Z vi\u0161insko nastavljivimi nogami (10\u201380 mm)<\/li>\n<li>3 polna vrata s samozapiranjem in magnetnim tesnilom<\/li>\n<li>Izparilnik je na treh straneh oblo\u017een s peno in podprt z ventilatorjem<\/li>\n<li>Ventilator podprt kondenzator, lahko dostopen<\/li>\n<li>Z avtomatskim odmrzovanjem in izhlapevanjem kondenzata<\/li>\n<li>Enostavno \u010di\u0161\u010denje zaradi zaobljenih notranjih vogalov<\/li>\n<li>Visokokakovostna izolacija iz poliuretana brez CFC<\/li>\n<\/ul>\n<h3 class=\"desc-headings\">Informacije o izdelku<\/h3>\n<ul>\n<li>3 vrata iz nerjave\u010dega jekla<\/li>\n<li>Vsebina: 350 l<\/li>\n<li>Zaobljeni notranji koti<\/li>\n<li>Hlajenje z zra\u010dnim pretokom<\/li>\n<li>Avtomatsko odmrzovanje<\/li>\n<li>Izhlapevanje kondenzata<\/li>\n<li>Vklju\u010duje 1 plastificirano re\u0161etko in 2 nerjave\u010da vodila na vrata<\/li>\n<\/ul>\n<h3 class=\"desc-headings\">Tehni\u010dne informacije<\/h3>\n<ul>\n<li>Temperaturno obmo\u010dje: +4\u00b0\/+10\u00b0C<\/li>\n<li>Debelina izolacije: 40 mm<\/li>\n<li>Hladilno sredstvo: R452a<\/li>\n<li>Priklju\u010dek: 230 V \/ 460 W<\/li>\n<li>Vsebina: 350 l<\/li>\n<li>Dimenzije: 141 x 70 x 107 cm (\u0160xGxV)<\/li>\n<\/ul>\n","protected":false},"excerpt":{"rendered":"<p>Temperaturno obmo\u010dje: +4\u00b0\/+10\u00b0C<br \/>Povezovalna vrednost: 230 V \/ 460 W<br \/>Dimenzije: 141 x 70 x 107 cm (\u0160xGxV)<\/p>\n","protected":false},"featured_media":83647,"comment_status":"open","ping_status":"closed","template":"","meta":{"_acf_changed":false},"product_brand":[411],"product_cat":[96],"product_tag":[],"class_list":{"0":"post-83561","1":"product","2":"type-product","3":"status-publish","4":"has-post-thumbnail","6":"product_brand-tecnodom","7":"product_cat-pizza-pulti","9":"first","10":"instock","11":"shipping-taxable","12":"purchasable","13":"product-type-simple"},"acf":[],"_links":{"self":[{"href":"https:\/\/go-st.vizia.si\/index.php?rest_route=\/wp\/v2\/product\/83561","targetHints":{"allow":["GET"]}}],"collection":[{"href":"https:\/\/go-st.vizia.si\/index.php?rest_route=\/wp\/v2\/product"}],"about":[{"href":"https:\/\/go-st.vizia.si\/index.php?rest_route=\/wp\/v2\/types\/product"}],"replies":[{"embeddable":true,"href":"https:\/\/go-st.vizia.si\/index.php?rest_route=%2Fwp%2Fv2%2Fcomments&post=83561"}],"wp:featuredmedia":[{"embeddable":true,"href":"https:\/\/go-st.vizia.si\/index.php?rest_route=\/wp\/v2\/media\/83647"}],"wp:attachment":[{"href":"https:\/\/go-st.vizia.si\/index.php?rest_route=%2Fwp%2Fv2%2Fmedia&parent=83561"}],"wp:term":[{"taxonomy":"product_brand","embeddable":true,"href":"https:\/\/go-st.vizia.si\/index.php?rest_route=%2Fwp%2Fv2%2Fproduct_brand&post=83561"},{"taxonomy":"product_cat","embeddable":true,"href":"https:\/\/go-st.vizia.si\/index.php?rest_route=%2Fwp%2Fv2%2Fproduct_cat&post=83561"},{"taxonomy":"product_tag","embeddable":true,"href":"https:\/\/go-st.vizia.si\/index.php?rest_route=%2Fwp%2Fv2%2Fproduct_tag&post=83561"}],"curies":[{"name":"wp","href":"https:\/\/api.w.org\/{rel}","templated":true}]}}