{"id":83667,"date":"2026-01-29T18:06:08","date_gmt":"2026-01-29T18:06:08","guid":{"rendered":"https:\/\/go-st.vizia.si\/?post_type=product&#038;p=83667"},"modified":"2026-02-11T07:37:24","modified_gmt":"2026-02-11T07:37:24","slug":"hladilnik-za-pijaco-bbc-330s","status":"publish","type":"product","link":"https:\/\/go-st.vizia.si\/?product=hladilnik-za-pijaco-bbc-330s","title":{"rendered":"Hladilnik za pija\u010do BBC 330S"},"content":{"rendered":"<p>Hladilniki za pija\u010do so narejeni iz izredno kvalitetnih in vzdr\u017eljivih materialov. Igrajo pomembno vlogo v stiku z javnostjo., zato je velik poudarek na tem kako pija\u010do potencialnim strankam\/kupcem pokazati in pravilno predstaviti. Nepogre\u0161ljivi so v barih, restavracijah, kavarnah, sla\u0161\u010di\u010darnah, trgovinah, hotelih\u2026&nbsp; <\/p>\n<p>Hladilnik za pija\u010do BBC 330S je opremljen z zra\u010dnim hlajenjem in avtomatskim odtajevanjem. Ima digitalni nadzor temperature. Debelina izolacije je 40 mm. Odstranljiva tesnila vrat. Led osvetlitev. Vrata iz dvojnega varnostnega kaljenega stekla. Troja vrata. Vrata se zapirajo sama in s tem se prepre\u010di odve\u010dno uhajanje hladnega zraka. Nastavljive police. Nastavljive nogice po vi\u0161ini.<\/p>\n","protected":false},"excerpt":{"rendered":"<p>Hladilniki za pija\u010do so narejeni iz izredno kvalitetnih in vzdr\u017eljivih materialov. Igrajo pomembno vlogo v stiku z javnostjo., zato je velik poudarek na tem kako pija\u010do potencialnim strankam\/kupcem pokazati in pravilno predstaviti. Nepogre\u0161ljivi so v barih, restavracijah, kavarnah, sla\u0161\u010di\u010darnah, trgovinah, hotelih\u2026&nbsp; Hladilnik za pija\u010do BBC 330S je opremljen z zra\u010dnim hlajenjem in avtomatskim odtajevanjem. Ima [&hellip;]<\/p>\n","protected":false},"featured_media":83709,"comment_status":"open","ping_status":"closed","template":"","meta":{"_acf_changed":false},"product_brand":[313],"product_cat":[98],"product_tag":[],"class_list":{"0":"post-83667","1":"product","2":"type-product","3":"status-publish","4":"has-post-thumbnail","6":"product_brand-cool-head","7":"product_cat-hladilniki-za-pijace","9":"first","10":"instock","11":"shipping-taxable","12":"purchasable","13":"product-type-simple"},"acf":[],"_links":{"self":[{"href":"https:\/\/go-st.vizia.si\/index.php?rest_route=\/wp\/v2\/product\/83667","targetHints":{"allow":["GET"]}}],"collection":[{"href":"https:\/\/go-st.vizia.si\/index.php?rest_route=\/wp\/v2\/product"}],"about":[{"href":"https:\/\/go-st.vizia.si\/index.php?rest_route=\/wp\/v2\/types\/product"}],"replies":[{"embeddable":true,"href":"https:\/\/go-st.vizia.si\/index.php?rest_route=%2Fwp%2Fv2%2Fcomments&post=83667"}],"wp:featuredmedia":[{"embeddable":true,"href":"https:\/\/go-st.vizia.si\/index.php?rest_route=\/wp\/v2\/media\/83709"}],"wp:attachment":[{"href":"https:\/\/go-st.vizia.si\/index.php?rest_route=%2Fwp%2Fv2%2Fmedia&parent=83667"}],"wp:term":[{"taxonomy":"product_brand","embeddable":true,"href":"https:\/\/go-st.vizia.si\/index.php?rest_route=%2Fwp%2Fv2%2Fproduct_brand&post=83667"},{"taxonomy":"product_cat","embeddable":true,"href":"https:\/\/go-st.vizia.si\/index.php?rest_route=%2Fwp%2Fv2%2Fproduct_cat&post=83667"},{"taxonomy":"product_tag","embeddable":true,"href":"https:\/\/go-st.vizia.si\/index.php?rest_route=%2Fwp%2Fv2%2Fproduct_tag&post=83667"}],"curies":[{"name":"wp","href":"https:\/\/api.w.org\/{rel}","templated":true}]}}