{"id":83680,"date":"2026-01-29T18:06:09","date_gmt":"2026-01-29T18:06:09","guid":{"rendered":"https:\/\/go-st.vizia.si\/?post_type=product&#038;p=83680"},"modified":"2026-02-11T07:37:24","modified_gmt":"2026-02-11T07:37:24","slug":"ledomat-gb-601-a","status":"publish","type":"product","link":"https:\/\/go-st.vizia.si\/?product=ledomat-gb-601-a","title":{"rendered":"Ledomat GB 601 A"},"content":{"rendered":"<p>Ledomat GB 601 A je narejen iz inoxa. Enostaven za uporabo. Opremljen je z zra\u010dnim hlajenjem. Produktivnost 60 kg ledu v 24 urah. Proizvaja led v obliki ledenih kosmi\u010dev, kateri so nepogre\u0161ljivi v raznih veleblagovnicah, restavracijah, hotelih, barih, no\u010dnih lokalih, bencinskih \u010drpalkah, ribarnicah, farmaciji, znanstvenih laboratorijih, industriji\u2026 Omenjena oblika ledu ohranja sve\u017ea \u017eivila oziroma izdelke za rabo v medicini in industriji ter jim s tem podalj\u0161uje kakovost in dalj\u0161o obstojnost. <\/p>\n","protected":false},"excerpt":{"rendered":"<p>Ledomat GB 601 A je narejen iz inoxa. Enostaven za uporabo. Opremljen je z zra\u010dnim hlajenjem. Produktivnost 60 kg ledu v 24 urah. Proizvaja led v obliki ledenih kosmi\u010dev, kateri so nepogre\u0161ljivi v raznih veleblagovnicah, restavracijah, hotelih, barih, no\u010dnih lokalih, bencinskih \u010drpalkah, ribarnicah, farmaciji, znanstvenih laboratorijih, industriji\u2026 Omenjena oblika ledu ohranja sve\u017ea \u017eivila oziroma izdelke [&hellip;]<\/p>\n","protected":false},"featured_media":83748,"comment_status":"open","ping_status":"closed","template":"","meta":{"_acf_changed":false},"product_brand":[644],"product_cat":[36],"product_tag":[],"class_list":{"0":"post-83680","1":"product","2":"type-product","3":"status-publish","4":"has-post-thumbnail","6":"product_brand-brema","7":"product_cat-ledomati","9":"first","10":"instock","11":"shipping-taxable","12":"purchasable","13":"product-type-simple"},"acf":[],"_links":{"self":[{"href":"https:\/\/go-st.vizia.si\/index.php?rest_route=\/wp\/v2\/product\/83680","targetHints":{"allow":["GET"]}}],"collection":[{"href":"https:\/\/go-st.vizia.si\/index.php?rest_route=\/wp\/v2\/product"}],"about":[{"href":"https:\/\/go-st.vizia.si\/index.php?rest_route=\/wp\/v2\/types\/product"}],"replies":[{"embeddable":true,"href":"https:\/\/go-st.vizia.si\/index.php?rest_route=%2Fwp%2Fv2%2Fcomments&post=83680"}],"wp:featuredmedia":[{"embeddable":true,"href":"https:\/\/go-st.vizia.si\/index.php?rest_route=\/wp\/v2\/media\/83748"}],"wp:attachment":[{"href":"https:\/\/go-st.vizia.si\/index.php?rest_route=%2Fwp%2Fv2%2Fmedia&parent=83680"}],"wp:term":[{"taxonomy":"product_brand","embeddable":true,"href":"https:\/\/go-st.vizia.si\/index.php?rest_route=%2Fwp%2Fv2%2Fproduct_brand&post=83680"},{"taxonomy":"product_cat","embeddable":true,"href":"https:\/\/go-st.vizia.si\/index.php?rest_route=%2Fwp%2Fv2%2Fproduct_cat&post=83680"},{"taxonomy":"product_tag","embeddable":true,"href":"https:\/\/go-st.vizia.si\/index.php?rest_route=%2Fwp%2Fv2%2Fproduct_tag&post=83680"}],"curies":[{"name":"wp","href":"https:\/\/api.w.org\/{rel}","templated":true}]}}