{"id":83770,"date":"2026-01-29T18:06:20","date_gmt":"2026-01-29T18:06:20","guid":{"rendered":"https:\/\/go-st.vizia.si\/?post_type=product&#038;p=83770"},"modified":"2026-02-11T07:37:29","modified_gmt":"2026-02-11T07:37:29","slug":"ledomat-cb-1565-a","status":"publish","type":"product","link":"https:\/\/go-st.vizia.si\/?product=ledomat-cb-1565-a","title":{"rendered":"Ledomat CB 1565 A"},"content":{"rendered":"<p>Ledomat CB 1565 A je narejen iz inoxa. Enostaven za uporabo. Je avtomatski ledomat, z vklju\u010denim sistemom razpr\u0161ilca. Opremljen je&nbsp; z zra\u010dnim hlajenjem. Produktivnost 155 kg ledu v 24 urah. Proizvaja led v obliki 13 g, 18 g, 33 g, 42 g ali 60 g kock, katere so zaradi svoje preprostosti, elegantne oblike in kristalne \u010distosti ena izmed najbolj \u017eelenih oblik ledu po svetu. Proizvodnje cikle ureja termostat in notranji timer. Primeren predvsem za no\u010dne klube, bare, hotele, restavracije, turisti\u010dne kmetije, domove za starej\u0161e ob\u010dane\u2026 <\/p>\n","protected":false},"excerpt":{"rendered":"<p>Ledomat CB 1565 A je narejen iz inoxa. Enostaven za uporabo. Je avtomatski ledomat, z vklju\u010denim sistemom razpr\u0161ilca. Opremljen je&nbsp; z zra\u010dnim hlajenjem. Produktivnost 155 kg ledu v 24 urah. Proizvaja led v obliki 13 g, 18 g, 33 g, 42 g ali 60 g kock, katere so zaradi svoje preprostosti, elegantne oblike in kristalne [&hellip;]<\/p>\n","protected":false},"featured_media":83797,"comment_status":"open","ping_status":"closed","template":"","meta":{"_acf_changed":false},"product_brand":[644],"product_cat":[36],"product_tag":[],"class_list":{"0":"post-83770","1":"product","2":"type-product","3":"status-publish","4":"has-post-thumbnail","6":"product_brand-brema","7":"product_cat-ledomati","9":"first","10":"instock","11":"shipping-taxable","12":"purchasable","13":"product-type-simple"},"acf":[],"_links":{"self":[{"href":"https:\/\/go-st.vizia.si\/index.php?rest_route=\/wp\/v2\/product\/83770","targetHints":{"allow":["GET"]}}],"collection":[{"href":"https:\/\/go-st.vizia.si\/index.php?rest_route=\/wp\/v2\/product"}],"about":[{"href":"https:\/\/go-st.vizia.si\/index.php?rest_route=\/wp\/v2\/types\/product"}],"replies":[{"embeddable":true,"href":"https:\/\/go-st.vizia.si\/index.php?rest_route=%2Fwp%2Fv2%2Fcomments&post=83770"}],"wp:featuredmedia":[{"embeddable":true,"href":"https:\/\/go-st.vizia.si\/index.php?rest_route=\/wp\/v2\/media\/83797"}],"wp:attachment":[{"href":"https:\/\/go-st.vizia.si\/index.php?rest_route=%2Fwp%2Fv2%2Fmedia&parent=83770"}],"wp:term":[{"taxonomy":"product_brand","embeddable":true,"href":"https:\/\/go-st.vizia.si\/index.php?rest_route=%2Fwp%2Fv2%2Fproduct_brand&post=83770"},{"taxonomy":"product_cat","embeddable":true,"href":"https:\/\/go-st.vizia.si\/index.php?rest_route=%2Fwp%2Fv2%2Fproduct_cat&post=83770"},{"taxonomy":"product_tag","embeddable":true,"href":"https:\/\/go-st.vizia.si\/index.php?rest_route=%2Fwp%2Fv2%2Fproduct_tag&post=83770"}],"curies":[{"name":"wp","href":"https:\/\/api.w.org\/{rel}","templated":true}]}}