{"id":83774,"date":"2026-01-29T18:06:20","date_gmt":"2026-01-29T18:06:20","guid":{"rendered":"https:\/\/go-st.vizia.si\/?post_type=product&#038;p=83774"},"modified":"2026-02-11T07:37:29","modified_gmt":"2026-02-11T07:37:29","slug":"ledomat-imf-26-a","status":"publish","type":"product","link":"https:\/\/go-st.vizia.si\/?product=ledomat-imf-26-a","title":{"rendered":"Ledomat IMF 26 A"},"content":{"rendered":"<p>Ledomat IMF 26 A je narejen iz inoxa. Enostaven za uporabo. Opremljen je&nbsp; z zra\u010dnim hlajenjem. Produktivnost 25 kg ledu v 24 urah. Proizvaja led v obliki 20 g votlih kock v velikosti 29 x 45 mm (votlina: 12 x 35,5 mm), katere so zelo posebna in o\u010darljiva oblika v obliki prsta. Omenjena oblika je namenjena u\u010dinkovitemu ohlajanju pija\u010d vse do zadnje kapljice. Primeren predvsem za bare, restavracije, no\u010dne klube, hotele\u2026<\/p>\n","protected":false},"excerpt":{"rendered":"<p>Ledomat IMF 26 A je narejen iz inoxa. Enostaven za uporabo. Opremljen je&nbsp; z zra\u010dnim hlajenjem. Produktivnost 25 kg ledu v 24 urah. Proizvaja led v obliki 20 g votlih kock v velikosti 29 x 45 mm (votlina: 12 x 35,5 mm), katere so zelo posebna in o\u010darljiva oblika v obliki prsta. Omenjena oblika je [&hellip;]<\/p>\n","protected":false},"featured_media":83813,"comment_status":"open","ping_status":"closed","template":"","meta":{"_acf_changed":false},"product_brand":[644],"product_cat":[36],"product_tag":[],"class_list":{"0":"post-83774","1":"product","2":"type-product","3":"status-publish","4":"has-post-thumbnail","6":"product_brand-brema","7":"product_cat-ledomati","9":"first","10":"instock","11":"shipping-taxable","12":"purchasable","13":"product-type-simple"},"acf":[],"_links":{"self":[{"href":"https:\/\/go-st.vizia.si\/index.php?rest_route=\/wp\/v2\/product\/83774","targetHints":{"allow":["GET"]}}],"collection":[{"href":"https:\/\/go-st.vizia.si\/index.php?rest_route=\/wp\/v2\/product"}],"about":[{"href":"https:\/\/go-st.vizia.si\/index.php?rest_route=\/wp\/v2\/types\/product"}],"replies":[{"embeddable":true,"href":"https:\/\/go-st.vizia.si\/index.php?rest_route=%2Fwp%2Fv2%2Fcomments&post=83774"}],"wp:featuredmedia":[{"embeddable":true,"href":"https:\/\/go-st.vizia.si\/index.php?rest_route=\/wp\/v2\/media\/83813"}],"wp:attachment":[{"href":"https:\/\/go-st.vizia.si\/index.php?rest_route=%2Fwp%2Fv2%2Fmedia&parent=83774"}],"wp:term":[{"taxonomy":"product_brand","embeddable":true,"href":"https:\/\/go-st.vizia.si\/index.php?rest_route=%2Fwp%2Fv2%2Fproduct_brand&post=83774"},{"taxonomy":"product_cat","embeddable":true,"href":"https:\/\/go-st.vizia.si\/index.php?rest_route=%2Fwp%2Fv2%2Fproduct_cat&post=83774"},{"taxonomy":"product_tag","embeddable":true,"href":"https:\/\/go-st.vizia.si\/index.php?rest_route=%2Fwp%2Fv2%2Fproduct_tag&post=83774"}],"curies":[{"name":"wp","href":"https:\/\/api.w.org\/{rel}","templated":true}]}}