{"id":83852,"date":"2026-01-29T18:06:31","date_gmt":"2026-01-29T18:06:31","guid":{"rendered":"https:\/\/go-st.vizia.si\/?post_type=product&#038;p=83852"},"modified":"2026-02-12T09:42:52","modified_gmt":"2026-02-12T09:42:52","slug":"aparat-za-granuliran-led-snow-ice-130-l","status":"publish","type":"product","link":"https:\/\/go-st.vizia.si\/?product=aparat-za-granuliran-led-snow-ice-130-l","title":{"rendered":"Aparat za granuliran led, SNOW ICE 130 L"},"content":{"rendered":"<p>Popolna naprava za vse, kjer je potrebna velika koli\u010dina granuliranega ledu. Avtomati za granuliran led MAYWAY so nepogre\u0161ljivi v barih, restavracijah, diskotekah, lokalih s hitro hrano, hotelih in supermarketih. Poleg tega se uporabljajo tudi v proizvodnji \u017eivil, v spa centrih, farmacevtski industriji in drugih industrijskih panogah. <\/p>\n<h3 class=\"desc-headings\">Poudarki<\/h3>\n<ul>\n<li>Majhna poraba vode zaradi zra\u010dnega hlajenja<\/li>\n<li>Avtomatski sistem \u010di\u0161\u010denja<\/li>\n<li>Zagotovljeno granulirano led v najbolj\u0161i kakovosti<\/li>\n<li>Okolju prijazno hladilno sredstvo R290<\/li>\n<\/ul>\n<h3 class=\"desc-headings\">Informacije o izdelku<\/h3>\n<ul>\n<li>Robustno ohi\u0161je iz nerjave\u010dega jekla<\/li>\n<li>Proizvodna zmogljivost do 67 kg \/ 24h<\/li>\n<li>Zmogljivost zalogovnika: 10 kg<\/li>\n<\/ul>\n<h3 class=\"desc-headings\">Tehni\u010dne informacije<\/h3>\n<ul>\n<li>Zra\u010dno hlajenje<\/li>\n<li>Hladilno sredstvo: R290<\/li>\n<li>Povezovalna vrednost: 230 V \/ 400 W<\/li>\n<li>Dimenzije: 45 x 62 x 68 cm (\u0160xGxV)\n<\/li>\n<li>Povezava za dovod vode: 3\/4\"<\/li>\n<li>Priklju\u010dek za odtok vode: DM 2,4 cm<\/li>\n<li>Priporo\u010deni tlak vode: 1\u20136 bar<\/li>\n<li>Priporo\u010dena temperatura vode: +3 \u00b0C\/+32 \u00b0C<\/li>\n<li>Priporo\u010dena temperatura okolice: +10 \u00b0C\/+43 \u00b0C<\/li>\n<\/ul>\n","protected":false},"excerpt":{"rendered":"<p>Proizvodnja: 67 kg \/ 24 h<br \/>Zra\u010dno hlajenje<br \/>Dimenzije: 45 x 62 x 68 cm (\u0160xGxV)<\/p>\n","protected":false},"featured_media":83913,"comment_status":"open","ping_status":"closed","template":"","meta":{"_acf_changed":false},"product_brand":[166],"product_cat":[36],"product_tag":[],"class_list":{"0":"post-83852","1":"product","2":"type-product","3":"status-publish","4":"has-post-thumbnail","6":"product_brand-mayway","7":"product_cat-ledomati","9":"first","10":"instock","11":"shipping-taxable","12":"purchasable","13":"product-type-simple"},"acf":[],"_links":{"self":[{"href":"https:\/\/go-st.vizia.si\/index.php?rest_route=\/wp\/v2\/product\/83852","targetHints":{"allow":["GET"]}}],"collection":[{"href":"https:\/\/go-st.vizia.si\/index.php?rest_route=\/wp\/v2\/product"}],"about":[{"href":"https:\/\/go-st.vizia.si\/index.php?rest_route=\/wp\/v2\/types\/product"}],"replies":[{"embeddable":true,"href":"https:\/\/go-st.vizia.si\/index.php?rest_route=%2Fwp%2Fv2%2Fcomments&post=83852"}],"wp:featuredmedia":[{"embeddable":true,"href":"https:\/\/go-st.vizia.si\/index.php?rest_route=\/wp\/v2\/media\/83913"}],"wp:attachment":[{"href":"https:\/\/go-st.vizia.si\/index.php?rest_route=%2Fwp%2Fv2%2Fmedia&parent=83852"}],"wp:term":[{"taxonomy":"product_brand","embeddable":true,"href":"https:\/\/go-st.vizia.si\/index.php?rest_route=%2Fwp%2Fv2%2Fproduct_brand&post=83852"},{"taxonomy":"product_cat","embeddable":true,"href":"https:\/\/go-st.vizia.si\/index.php?rest_route=%2Fwp%2Fv2%2Fproduct_cat&post=83852"},{"taxonomy":"product_tag","embeddable":true,"href":"https:\/\/go-st.vizia.si\/index.php?rest_route=%2Fwp%2Fv2%2Fproduct_tag&post=83852"}],"curies":[{"name":"wp","href":"https:\/\/api.w.org\/{rel}","templated":true}]}}