{"id":83872,"date":"2026-01-29T18:06:31","date_gmt":"2026-01-29T18:06:31","guid":{"rendered":"https:\/\/go-st.vizia.si\/?post_type=product&#038;p=83872"},"modified":"2026-02-12T09:48:52","modified_gmt":"2026-02-12T09:48:52","slug":"namizna-hladilna-vitrina-m800-bela","status":"publish","type":"product","link":"https:\/\/go-st.vizia.si\/?product=namizna-hladilna-vitrina-m800-bela","title":{"rendered":"Namizna hladilna vitrina, M800, BELA"},"content":{"rendered":"<p><span>Kompaktna in reprezentativna<\/span><strong> hladilna vitrina<\/strong><span> za vsestransko uporabo v gostinstvu in hotelirstvu. Na privla\u010den in pregleden na\u010din predstavite svoje torte, sladice, prigrizke in pija\u010de. Zaradi<\/span><strong> stekla na vseh straneh<\/strong><span> in <\/span><strong>samozapiralnih vrat<\/strong><span> je vitrina odli\u010dna tudi za predstavitev izdelkov v samopostre\u017enem prostoru. <\/span><\/p>\n<h3 class=\"desc-headings\">Poudarki<\/h3>\n<ul>\n<li>Okroglo steklo<\/li>\n<li>Prostorsko var\u010den zaradi kompaktnih dimenzij<\/li>\n<li>3 nastavljive re\u0161etke<\/li>\n<li>4-stransko dvojno steklo<\/li>\n<li>LED notranja osvetlitev<\/li>\n<\/ul>\n<h3 class=\"desc-headings\">Informacije o izdelku<\/h3>\n<ul>\n<li>Vsebina: 78 l<\/li>\n<li>Hlajenje z zra\u010dnim pretokom<\/li>\n<li>Avtomatsko odmrzovanje<\/li>\n<li>Digitalno uravnavanje temperature<\/li>\n<\/ul>\n<h3 class=\"desc-headings\">Tehni\u010dne informacije<\/h3>\n<ul>\n<li>Temperaturno obmo\u010dje: 0\u00b0\/+12\u00b0C<\/li>\n<li>Povezava: 230 V \/ 164 W<\/li>\n<li>Dimenzije: 45,2 x 40,6 x 96,6 cm (\u0160xGxV)<\/li>\n<\/ul>\n","protected":false},"excerpt":{"rendered":"<p>Temperaturno obmo\u010dje: 0\u00b0\/+12\u00b0C<br \/>Povezava: 230 V \/ 164 W<br \/>Dimenzije: 45,2 x 40,6 x 96,6 cm (\u0160xGxV)<\/p>\n","protected":false},"featured_media":83975,"comment_status":"open","ping_status":"closed","template":"","meta":{"_acf_changed":false},"product_brand":[166],"product_cat":[37],"product_tag":[],"class_list":{"0":"post-83872","1":"product","2":"type-product","3":"status-publish","4":"has-post-thumbnail","6":"product_brand-mayway","7":"product_cat-namizne-hladilne-vitrine","9":"first","10":"instock","11":"shipping-taxable","12":"purchasable","13":"product-type-simple"},"acf":[],"_links":{"self":[{"href":"https:\/\/go-st.vizia.si\/index.php?rest_route=\/wp\/v2\/product\/83872","targetHints":{"allow":["GET"]}}],"collection":[{"href":"https:\/\/go-st.vizia.si\/index.php?rest_route=\/wp\/v2\/product"}],"about":[{"href":"https:\/\/go-st.vizia.si\/index.php?rest_route=\/wp\/v2\/types\/product"}],"replies":[{"embeddable":true,"href":"https:\/\/go-st.vizia.si\/index.php?rest_route=%2Fwp%2Fv2%2Fcomments&post=83872"}],"wp:featuredmedia":[{"embeddable":true,"href":"https:\/\/go-st.vizia.si\/index.php?rest_route=\/wp\/v2\/media\/83975"}],"wp:attachment":[{"href":"https:\/\/go-st.vizia.si\/index.php?rest_route=%2Fwp%2Fv2%2Fmedia&parent=83872"}],"wp:term":[{"taxonomy":"product_brand","embeddable":true,"href":"https:\/\/go-st.vizia.si\/index.php?rest_route=%2Fwp%2Fv2%2Fproduct_brand&post=83872"},{"taxonomy":"product_cat","embeddable":true,"href":"https:\/\/go-st.vizia.si\/index.php?rest_route=%2Fwp%2Fv2%2Fproduct_cat&post=83872"},{"taxonomy":"product_tag","embeddable":true,"href":"https:\/\/go-st.vizia.si\/index.php?rest_route=%2Fwp%2Fv2%2Fproduct_tag&post=83872"}],"curies":[{"name":"wp","href":"https:\/\/api.w.org\/{rel}","templated":true}]}}