{"id":83979,"date":"2026-01-29T18:06:49","date_gmt":"2026-01-29T18:06:49","guid":{"rendered":"https:\/\/go-st.vizia.si\/?post_type=product&#038;p=83979"},"modified":"2026-02-12T09:49:00","modified_gmt":"2026-02-12T09:49:00","slug":"hladna-vitrina-kv-1d","status":"publish","type":"product","link":"https:\/\/go-st.vizia.si\/?product=hladna-vitrina-kv-1d","title":{"rendered":"Hladna vitrina, KV-1D"},"content":{"rendered":"<p><strong>Hladilne vitrine MAYWAY<\/strong> so odli\u010dne za hlajenje in predstavitev prigrizkov in pija\u010d, zato zelo spodbujajo prodajo. <strong>Moderen dizajn<\/strong> in <strong>velika predstavitvena povr\u0161ina<\/strong> omogo\u010data optimalno predstavitev va\u0161ih izdelkov. Preudarna konstrukcija daje va\u0161im izdelkom \u0161e posebej privla\u010den videz in jih spremeni v posebne poudarke. <\/p>\n<h3 class=\"desc-headings\">Poudarki<\/h3>\n<ul>\n<li>Ohi\u0161je iz nerjave\u010dega jekla z modernim dizajnom<\/li>\n<li>Fiksna steklena pokrivna plo\u0161\u010da, odprta na strani stranke<\/li>\n<li>Velika predstavitvena povr\u0161ina, optimalen pogled na izdelke<\/li>\n<li>Ne\u017eno tiho hlajenje<\/li>\n<li>Avtomatsko izhlapevanje kondenzata<\/li>\n<li>Digitalno uravnavanje temperature s prikazom temperature in stanja<\/li>\n<\/ul>\n<h3 class=\"desc-headings\">Informacije o izdelku<\/h3>\n<ul>\n<li>iz nerjave\u010dega jekla<\/li>\n<li>digitalni prikaz temperature<\/li>\n<li>prostornina: 40 l<\/li>\n<li>enostavno \u010di\u0161\u010denje<\/li>\n<\/ul>\n<h3 class=\"desc-headings\">Tehni\u010dne informacije<\/h3>\n<ul>\n<li>avtomatsko odtaljevanje<\/li>\n<li>hladilno sredstvo: R600a<\/li>\n<li>Temperaturno obmo\u010dje: +2\u00b0\/+12\u00b0C<\/li>\n<li>Povezava: 230 V \/ 110 W<\/li>\n<li>Dimenzije: 68 x 57,5 x 33,5 cm (\u0160xGxV)<\/li>\n<\/ul>\n","protected":false},"excerpt":{"rendered":"<p>Temperaturno obmo\u010dje: +2\u00b0\/+12\u00b0C<br \/>Povezava: 230 V \/ 110 W<br \/>Dimenzije: 68 x 57,5 x 33,5 cm (\u0160xGxV)<\/p>\n","protected":false},"featured_media":84011,"comment_status":"open","ping_status":"closed","template":"","meta":{"_acf_changed":false},"product_brand":[166],"product_cat":[37],"product_tag":[],"class_list":{"0":"post-83979","1":"product","2":"type-product","3":"status-publish","4":"has-post-thumbnail","6":"product_brand-mayway","7":"product_cat-namizne-hladilne-vitrine","9":"first","10":"instock","11":"shipping-taxable","12":"purchasable","13":"product-type-simple"},"acf":[],"_links":{"self":[{"href":"https:\/\/go-st.vizia.si\/index.php?rest_route=\/wp\/v2\/product\/83979","targetHints":{"allow":["GET"]}}],"collection":[{"href":"https:\/\/go-st.vizia.si\/index.php?rest_route=\/wp\/v2\/product"}],"about":[{"href":"https:\/\/go-st.vizia.si\/index.php?rest_route=\/wp\/v2\/types\/product"}],"replies":[{"embeddable":true,"href":"https:\/\/go-st.vizia.si\/index.php?rest_route=%2Fwp%2Fv2%2Fcomments&post=83979"}],"wp:featuredmedia":[{"embeddable":true,"href":"https:\/\/go-st.vizia.si\/index.php?rest_route=\/wp\/v2\/media\/84011"}],"wp:attachment":[{"href":"https:\/\/go-st.vizia.si\/index.php?rest_route=%2Fwp%2Fv2%2Fmedia&parent=83979"}],"wp:term":[{"taxonomy":"product_brand","embeddable":true,"href":"https:\/\/go-st.vizia.si\/index.php?rest_route=%2Fwp%2Fv2%2Fproduct_brand&post=83979"},{"taxonomy":"product_cat","embeddable":true,"href":"https:\/\/go-st.vizia.si\/index.php?rest_route=%2Fwp%2Fv2%2Fproduct_cat&post=83979"},{"taxonomy":"product_tag","embeddable":true,"href":"https:\/\/go-st.vizia.si\/index.php?rest_route=%2Fwp%2Fv2%2Fproduct_tag&post=83979"}],"curies":[{"name":"wp","href":"https:\/\/api.w.org\/{rel}","templated":true}]}}