{"id":83990,"date":"2026-01-29T18:06:49","date_gmt":"2026-01-29T18:06:49","guid":{"rendered":"https:\/\/go-st.vizia.si\/?post_type=product&#038;p=83990"},"modified":"2026-02-12T09:49:04","modified_gmt":"2026-02-12T09:49:04","slug":"hladilna-vitrina-sushi-613-black","status":"publish","type":"product","link":"https:\/\/go-st.vizia.si\/?product=hladilna-vitrina-sushi-613-black","title":{"rendered":"Hladilna vitrina, SUSHI-613 BLACK"},"content":{"rendered":"<p><span>V <strong>vitrinah za su\u0161i MAYWAY<\/strong><span> lahko na apetiten in privla\u010den na\u010din predstavite su\u0161i, prigrizke in druge prigrizke. Sodoben, oblikovno privla\u010den  design v kombinaciji z ukrivljenim sprednjim steklom naredi vitrino pravo pa\u0161o za o\u010di. Poka\u017eite svojo hrano v najbolj\u0161i lu\u010di in hkrati izkoristite prednosti konstantnega in u\u010dinkovitega hlajenja z nizko porabo energije. <\/span><\/p>\n<h3 class=\"desc-headings\">Poudarki<\/h3>\n<ul>\n<li>Velika predstavitvena povr\u0161ina <\/li>\n<li>Ukrivljeno sprednje steklo<\/li>\n<li>Enostavno polnjenje s pomo\u010djo drsnih vrat na strani upravljavca<\/li>\n<li>LED notranja osvetlitev<\/li>\n<li>Digitalni zaslon<\/li>\n<\/ul>\n<h3 class=\"desc-headings\">Informacije o izdelku<\/h3>\n<ul>\n<li>Barva: \u010drna<\/li>\n<li>Kapaciteta: 6 x GN 1\/3 ali 4 x GN 1\/2 ali 3 x GN 2\/3<\/li>\n<li>Digitalno uravnavanje temperature<\/li>\n<li>LED osvetlitev, ukrivljeno sprednje steklo<\/li>\n<li>Drse\u010da vrata zadaj, avtomatsko odmrzovanje<\/li>\n<li>Hladilno sredstvo: R600a<\/li>\n<li>Pri namestitvi nad 900 m nadmorske vi\u0161ine je garancija za steklo izklju\u010dena<\/li>\n<\/ul>\n<h3 class=\"desc-headings\">Tehni\u010dne informacije<\/h3>\n<ul>\n<li>Temperaturno obmo\u010dje: 0\u00b0\/+12\u00b0C<\/li>\n<li>Priklju\u010dek: 230 V \/ 190 W<\/li>\n<li>Dimenzije: 152,9 x 42 x 26,5 cm (\u0160xGxV)<\/li>\n<\/ul>\n","protected":false},"excerpt":{"rendered":"<ul>\n<li>Kapaciteta: 6 x GN 1\/3<\/li>\n<li>Povezava: 230 V \/ 190 W<\/li>\n<li>Dimenzije: 152,9 x 42 x 26,5 cm (\u0160xGxV)<\/li>\n<\/ul>\n","protected":false},"featured_media":84031,"comment_status":"open","ping_status":"closed","template":"","meta":{"_acf_changed":false},"product_brand":[526,527],"product_cat":[37],"product_tag":[],"class_list":{"0":"post-83990","1":"product","2":"type-product","3":"status-publish","4":"has-post-thumbnail","6":"product_brand-ltd","7":"product_brand-rotor-electrical-appliances-co","8":"product_cat-namizne-hladilne-vitrine","10":"first","11":"instock","12":"shipping-taxable","13":"purchasable","14":"product-type-simple"},"acf":[],"_links":{"self":[{"href":"https:\/\/go-st.vizia.si\/index.php?rest_route=\/wp\/v2\/product\/83990","targetHints":{"allow":["GET"]}}],"collection":[{"href":"https:\/\/go-st.vizia.si\/index.php?rest_route=\/wp\/v2\/product"}],"about":[{"href":"https:\/\/go-st.vizia.si\/index.php?rest_route=\/wp\/v2\/types\/product"}],"replies":[{"embeddable":true,"href":"https:\/\/go-st.vizia.si\/index.php?rest_route=%2Fwp%2Fv2%2Fcomments&post=83990"}],"wp:featuredmedia":[{"embeddable":true,"href":"https:\/\/go-st.vizia.si\/index.php?rest_route=\/wp\/v2\/media\/84031"}],"wp:attachment":[{"href":"https:\/\/go-st.vizia.si\/index.php?rest_route=%2Fwp%2Fv2%2Fmedia&parent=83990"}],"wp:term":[{"taxonomy":"product_brand","embeddable":true,"href":"https:\/\/go-st.vizia.si\/index.php?rest_route=%2Fwp%2Fv2%2Fproduct_brand&post=83990"},{"taxonomy":"product_cat","embeddable":true,"href":"https:\/\/go-st.vizia.si\/index.php?rest_route=%2Fwp%2Fv2%2Fproduct_cat&post=83990"},{"taxonomy":"product_tag","embeddable":true,"href":"https:\/\/go-st.vizia.si\/index.php?rest_route=%2Fwp%2Fv2%2Fproduct_tag&post=83990"}],"curies":[{"name":"wp","href":"https:\/\/api.w.org\/{rel}","templated":true}]}}