{"id":83993,"date":"2026-01-29T18:06:50","date_gmt":"2026-01-29T18:06:50","guid":{"rendered":"https:\/\/go-st.vizia.si\/?post_type=product&#038;p=83993"},"modified":"2026-02-11T07:37:35","modified_gmt":"2026-02-11T07:37:35","slug":"saladeta-cr-90a","status":"publish","type":"product","link":"https:\/\/go-st.vizia.si\/?product=saladeta-cr-90a","title":{"rendered":"Saladeta CR 90A"},"content":{"rendered":"<p>Saladete ali solatni bari so namenjeni ohranjevanju sve\u017eine in kakovosti solat. Posebnost saladet je v tem, da omogo\u010dajo velik prihranek pri prostoru. Hkrati pa ponujajo funkcionalnost in pravo modularno re\u0161itev v profesionalnih kuhinjah v hotelih, restavracijah, vrtcih, \u0161olah, domovih za starej\u0161e ob\u010dane, bolni\u0161nicah\u2026<\/p>\n<p>Saladeta CR 90A je v celoti narejena iz inoxa. Primerna je za GN 1\/1 posode. Opremljena je s stati\u010dnim hlajenjem, avtomatskim odtajevanjem in digitalnim termostatom. Ima lo\u010deno posodo za vodo. Debelina izolacije je 45 mm. Odstranljiva tesnila vrat. Dvoja vrata. Vrata se zapirajo sama in s tem se prepre\u010di odve\u010dno uhajanje hladnega zraka. Odstranljiva tesnila vrat. Po vi\u0161ini nastavljive nogice. <\/p>\n<p><\/p>\n","protected":false},"excerpt":{"rendered":"<p>Saladete ali solatni bari so namenjeni ohranjevanju sve\u017eine in kakovosti solat. Posebnost saladet je v tem, da omogo\u010dajo velik prihranek pri prostoru. Hkrati pa ponujajo funkcionalnost in pravo modularno re\u0161itev v profesionalnih kuhinjah v hotelih, restavracijah, vrtcih, \u0161olah, domovih za starej\u0161e ob\u010dane, bolni\u0161nicah\u2026 Saladeta CR 90A je v celoti narejena iz inoxa. Primerna je za [&hellip;]<\/p>\n","protected":false},"featured_media":84033,"comment_status":"open","ping_status":"closed","template":"","meta":{"_acf_changed":false},"product_brand":[313],"product_cat":[38],"product_tag":[],"class_list":{"0":"post-83993","1":"product","2":"type-product","3":"status-publish","4":"has-post-thumbnail","6":"product_brand-cool-head","7":"product_cat-saladete","9":"first","10":"instock","11":"shipping-taxable","12":"purchasable","13":"product-type-simple"},"acf":[],"_links":{"self":[{"href":"https:\/\/go-st.vizia.si\/index.php?rest_route=\/wp\/v2\/product\/83993","targetHints":{"allow":["GET"]}}],"collection":[{"href":"https:\/\/go-st.vizia.si\/index.php?rest_route=\/wp\/v2\/product"}],"about":[{"href":"https:\/\/go-st.vizia.si\/index.php?rest_route=\/wp\/v2\/types\/product"}],"replies":[{"embeddable":true,"href":"https:\/\/go-st.vizia.si\/index.php?rest_route=%2Fwp%2Fv2%2Fcomments&post=83993"}],"wp:featuredmedia":[{"embeddable":true,"href":"https:\/\/go-st.vizia.si\/index.php?rest_route=\/wp\/v2\/media\/84033"}],"wp:attachment":[{"href":"https:\/\/go-st.vizia.si\/index.php?rest_route=%2Fwp%2Fv2%2Fmedia&parent=83993"}],"wp:term":[{"taxonomy":"product_brand","embeddable":true,"href":"https:\/\/go-st.vizia.si\/index.php?rest_route=%2Fwp%2Fv2%2Fproduct_brand&post=83993"},{"taxonomy":"product_cat","embeddable":true,"href":"https:\/\/go-st.vizia.si\/index.php?rest_route=%2Fwp%2Fv2%2Fproduct_cat&post=83993"},{"taxonomy":"product_tag","embeddable":true,"href":"https:\/\/go-st.vizia.si\/index.php?rest_route=%2Fwp%2Fv2%2Fproduct_tag&post=83993"}],"curies":[{"name":"wp","href":"https:\/\/api.w.org\/{rel}","templated":true}]}}