{"id":84007,"date":"2026-01-29T18:06:50","date_gmt":"2026-01-29T18:06:50","guid":{"rendered":"https:\/\/go-st.vizia.si\/?post_type=product&#038;p=84007"},"modified":"2026-02-12T09:48:44","modified_gmt":"2026-02-12T09:48:44","slug":"saladeta-2-vrata","status":"publish","type":"product","link":"https:\/\/go-st.vizia.si\/?product=saladeta-2-vrata","title":{"rendered":"SALADETA, 2 VRATA"},"content":{"rendered":"<p><strong>MAYWAY Saladetten<\/strong> zagotavljajo <strong>neprekinjeno hlajenje<\/strong> v notranjosti in tako poskrbijo za <strong>dolgotrajno sve\u017eino va\u0161ih \u017eivil<\/strong>. Z uporabo GN-posod je mogo\u010de prostor u\u010dinkovito izkoristiti. Idealne so za uporabo v gostinskih obratih, velikih kuhinjah, skupinskih prehrambenih obratih, okrep\u010devalnicah, pa tudi v cateringih in menzah. <\/p>\n<h3 class=\"desc-headings\">Poudarki<\/h3>\n<ul>\n<li>Notranjost in zunanjost v celoti iz nerjave\u010dega jekla<\/li>\n<li>Regulacija temperature prek digitalnega zaslona<\/li>\n<li>Debelina izolacije 4,5 cm<\/li>\n<li>Penasti izparilnik<\/li>\n<li>302 l uporabne prostornine<\/li>\n<\/ul>\n<h3 class=\"desc-headings\">Informacije o izdelku<\/h3>\n<ul>\n<li>2 vrata iz nerjave\u010dega jekla<\/li>\n<li>noge z nastavljivo vi\u0161ino<\/li>\n<li>drsni\/odklopni pokrov<\/li>\n<li>vklju\u010dno z rezalno desko iz polietilena<\/li>\n<li>2 re\u0161etki GN 1\/1<\/li>\n<li>re\u0161etke z nastavljivo vi\u0161ino<\/li>\n<\/ul>\n<h3 class=\"desc-headings\">Tehni\u010dne informacije<\/h3>\n<ul>\n<li>Pripravljen za priklop<\/li>\n<li>Hlajenje z zra\u010dnim pretokom<\/li>\n<li>Avtomatsko odmrzovanje<\/li>\n<li>Temperaturno obmo\u010dje: +2\u00b0\/+8\u00b0C<\/li>\n<li>Hladilno sredstvo: R600a<\/li>\n<li>Povezovalna vrednost: 230 V \/ 230 W<\/li>\n<li>Dimenzije: 104,5 x 70 x 87 cm (\u0160xGxV)<\/li>\n<\/ul>\n<h3 class=\"desc-headings\">Prilo\u017eena oprema<\/h3>\n<ul>\n<li>2 re\u0161etki GN 1\/1<\/li>\n<\/ul>\n","protected":false},"excerpt":{"rendered":"<p>Vsebina: 302 l.<br \/>Temperaturno obmo\u010dje: +2\u00b0\/+8\u00b0C<br \/>Povezava: 230 V \/ 230 W<br \/>Dimenzije: 104,5 x 70 x 87 cm (\u0160xGxV)<\/p>\n","protected":false},"featured_media":84165,"comment_status":"open","ping_status":"closed","template":"","meta":{"_acf_changed":false},"product_brand":[166],"product_cat":[38],"product_tag":[],"class_list":{"0":"post-84007","1":"product","2":"type-product","3":"status-publish","4":"has-post-thumbnail","6":"product_brand-mayway","7":"product_cat-saladete","9":"first","10":"instock","11":"shipping-taxable","12":"purchasable","13":"product-type-simple"},"acf":[],"_links":{"self":[{"href":"https:\/\/go-st.vizia.si\/index.php?rest_route=\/wp\/v2\/product\/84007","targetHints":{"allow":["GET"]}}],"collection":[{"href":"https:\/\/go-st.vizia.si\/index.php?rest_route=\/wp\/v2\/product"}],"about":[{"href":"https:\/\/go-st.vizia.si\/index.php?rest_route=\/wp\/v2\/types\/product"}],"replies":[{"embeddable":true,"href":"https:\/\/go-st.vizia.si\/index.php?rest_route=%2Fwp%2Fv2%2Fcomments&post=84007"}],"wp:featuredmedia":[{"embeddable":true,"href":"https:\/\/go-st.vizia.si\/index.php?rest_route=\/wp\/v2\/media\/84165"}],"wp:attachment":[{"href":"https:\/\/go-st.vizia.si\/index.php?rest_route=%2Fwp%2Fv2%2Fmedia&parent=84007"}],"wp:term":[{"taxonomy":"product_brand","embeddable":true,"href":"https:\/\/go-st.vizia.si\/index.php?rest_route=%2Fwp%2Fv2%2Fproduct_brand&post=84007"},{"taxonomy":"product_cat","embeddable":true,"href":"https:\/\/go-st.vizia.si\/index.php?rest_route=%2Fwp%2Fv2%2Fproduct_cat&post=84007"},{"taxonomy":"product_tag","embeddable":true,"href":"https:\/\/go-st.vizia.si\/index.php?rest_route=%2Fwp%2Fv2%2Fproduct_tag&post=84007"}],"curies":[{"name":"wp","href":"https:\/\/api.w.org\/{rel}","templated":true}]}}