{"id":84107,"date":"2026-01-29T18:07:10","date_gmt":"2026-01-29T18:07:10","guid":{"rendered":"https:\/\/go-st.vizia.si\/?post_type=product&#038;p=84107"},"modified":"2026-02-12T09:49:08","modified_gmt":"2026-02-12T09:49:08","slug":"salamoreznica-eurocut-220","status":"publish","type":"product","link":"https:\/\/go-st.vizia.si\/?product=salamoreznica-eurocut-220","title":{"rendered":"Salamoreznica EUROCUT 220"},"content":{"rendered":"<p>Izdelano v Italiji, najbolj kakovostni materiali so skrbno in z ljubeznijo do detajla obdelani. Profesionalno, kromirano rezilo tega profesionalnega rezalnika za vse zagotavlja najbolj\u0161o kakovost rezanja in naredi va\u0161e jedi privla\u010dne na vsakem kro\u017eniku \u2013 z rezalniki MAYWAY do odli\u010dnega uspeha!<\/p>\n<h3 class=\"desc-headings\">Poudarki<\/h3>\n<ul>\n<li>Kalen, trdo kromiran no\u017e Easy Cut<\/li>\n<li>Patentirani rezalni disk Easy Cut 3. generacije<\/li>\n<li>Ro\u010dni brusilnik no\u017eev<\/li>\n<li>Prezra\u010devan in mo\u010dan motor<\/li>\n<li>Podlaga za rezanje in premi\u010den dr\u017ealo za ostanke iz eloksiranega aluminija<\/li>\n<li>Vodilo in pokrov rezalne plo\u0161\u010de iz eloksiranega aluminija<\/li>\n<li>Vozek s plasti\u010dno za\u0161\u010dito za varno uporabo<\/li>\n<li>Enostavno \u010di\u0161\u010denje s sistemom Easy Clean<\/li>\n<\/ul>\n<h3 class=\"desc-headings\">Informacije o izdelku<\/h3>\n<ul>\n<li>iz eloksiranega aluminija <\/li>\n<li>Premer rezila: 22 cm<\/li>\n<li>trdno name\u0161\u010den za\u0161\u010ditni obro\u010d za rezilo<\/li>\n<li>Debelina rezanja 0\u201314 mm<\/li>\n<li>Maks. velikost rezanega materiala: 185 x 140 (\u00b15) mm<\/li>\n<\/ul>\n<h3 class=\"desc-headings\">Tehni\u010dne informacije<\/h3>\n<ul>\n<li>Povezava: 230 V \/ 140 W<\/li>\n<li>Dimenzije: 25\/48 x 40\/53 x 32 cm (\u0160xGxV)<\/li>\n<\/ul>\n<h3 class=\"desc-headings\">Prilo\u017eena oprema<\/h3>\n<ul>\n<li>Brusilnik<\/li>\n<\/ul>\n","protected":false},"excerpt":{"rendered":"<p>Rezalni no\u017e: 22 cm DM<br \/>Povezava: 230 V \/ 140 W<br \/>Dimenzije: 25\/48 x 40\/53 x 32 cm (\u0160xGxV)<\/p>\n","protected":false},"featured_media":86007,"comment_status":"open","ping_status":"closed","template":"","meta":{"_acf_changed":false},"product_brand":[1247],"product_cat":[116],"product_tag":[],"class_list":{"0":"post-84107","1":"product","2":"type-product","3":"status-publish","4":"has-post-thumbnail","6":"product_brand-r-g-v","7":"product_cat-salamoreznice-in-prsutoreznice","9":"first","10":"instock","11":"shipping-taxable","12":"purchasable","13":"product-type-simple"},"acf":[],"_links":{"self":[{"href":"https:\/\/go-st.vizia.si\/index.php?rest_route=\/wp\/v2\/product\/84107","targetHints":{"allow":["GET"]}}],"collection":[{"href":"https:\/\/go-st.vizia.si\/index.php?rest_route=\/wp\/v2\/product"}],"about":[{"href":"https:\/\/go-st.vizia.si\/index.php?rest_route=\/wp\/v2\/types\/product"}],"replies":[{"embeddable":true,"href":"https:\/\/go-st.vizia.si\/index.php?rest_route=%2Fwp%2Fv2%2Fcomments&post=84107"}],"wp:featuredmedia":[{"embeddable":true,"href":"https:\/\/go-st.vizia.si\/index.php?rest_route=\/wp\/v2\/media\/86007"}],"wp:attachment":[{"href":"https:\/\/go-st.vizia.si\/index.php?rest_route=%2Fwp%2Fv2%2Fmedia&parent=84107"}],"wp:term":[{"taxonomy":"product_brand","embeddable":true,"href":"https:\/\/go-st.vizia.si\/index.php?rest_route=%2Fwp%2Fv2%2Fproduct_brand&post=84107"},{"taxonomy":"product_cat","embeddable":true,"href":"https:\/\/go-st.vizia.si\/index.php?rest_route=%2Fwp%2Fv2%2Fproduct_cat&post=84107"},{"taxonomy":"product_tag","embeddable":true,"href":"https:\/\/go-st.vizia.si\/index.php?rest_route=%2Fwp%2Fv2%2Fproduct_tag&post=84107"}],"curies":[{"name":"wp","href":"https:\/\/api.w.org\/{rel}","templated":true}]}}