{"id":84124,"date":"2026-01-29T18:07:11","date_gmt":"2026-01-29T18:07:11","guid":{"rendered":"https:\/\/go-st.vizia.si\/?post_type=product&#038;p=84124"},"modified":"2026-03-20T13:53:33","modified_gmt":"2026-03-20T13:53:33","slug":"sok-komora-skf-07-touch","status":"publish","type":"product","link":"https:\/\/go-st.vizia.si\/?product=sok-komora-skf-07-touch","title":{"rendered":"\u0160OK KOMORA, SKF 07 TOUCH"},"content":{"rendered":"<p>Hranite svoja \u017eivila brez izgube okusa in z nespremenjeno konsistenco in kakovostjo. V nasprotju s po\u010dasnim zamrzovanjem se pri hitrem zamrzovanju teko\u010dina v \u017eivilih pretvori v mikrokristale, ki ne po\u0161kodujejo tkivne strukture. Tako ostanejo sve\u017ea, njihov okus se ne spremeni in se lahko shranjujejo brez izgube kakovosti. Prihranite \u010das in denar s pripravo in konzerviranjem velikih koli\u010din ter zmanj\u0161anjem stro\u0161kov surovin. <\/p>\n<h3 class=\"desc-headings\">Poudarki<\/h3>\n<ul>\n<li>6 cm izolacija iz poliuretana brez CFC<\/li>\n<li>Notranjost in zunanjost iz nerjave\u010dega jekla<\/li>\n<li>Vklju\u010den senzor temperature jedra PTC<\/li>\n<li>Enostavno \u010di\u0161\u010denje zaradi zaobljenih notranjih vogalov<\/li>\n<li>Ohranjanje hrane z nespremenjeno kakovostjo ve\u010d tednov ali mesecev<\/li>\n<li>Najnovej\u0161i tehni\u010dni standard<\/li>\n<li>Nadzorna in upravljalna plo\u0161\u010da s senzorskim zaslonom<\/li>\n<\/ul>\n<h3 class=\"desc-headings\">Informacije o izdelku<\/h3>\n<ul>\n<li>Zmogljivost hitrega hlajenja: pribli\u017eno 25 kg od +70 \u00b0C do +3 \u00b0C v 90 minutah<\/li>\n<li>Zmogljivost hitrega zamrzovanja: pribli\u017eno 15 kg od +70 \u00b0C do -18 \u00b0C v 240 minutah<\/li>\n<li>Vsebina: 190 l<\/li>\n<li>Kapaciteta: 7 x GN 1\/1 ali 7  plo\u010devine 60 x 40 cm<\/li>\n<li>Razdalja med vodili: 10,5 cm <\/li>\n<li>Samozapiralna vrata z magnetnim tesnilom<\/li>\n<\/ul>\n<h3 class=\"desc-headings\">Tehni\u010dne informacije<\/h3>\n<ul>\n<li>Pripravljen za priklop<\/li>\n<li>Hlajenje z zra\u010dnim pretokom<\/li>\n<li>Hladilno sredstvo: R455<\/li>\n<li>Povezovalna vrednost: 230 V \/ 1300 W<\/li>\n<li>Notranje mere: 61 x 43 x 76 cm (\u0160xGxV)<\/li>\n<li>Zunanje mere: 75 x 75 x 131\/133 cm (\u0160xGxV)<\/li>\n<\/ul>\n","protected":false},"excerpt":{"rendered":"<p>Zmogljivost: 7 vstavkov<br \/>Povezovalna vrednost: 230 V \/ 1300 W<br \/>Dimenzije: 75 x 75 x 131\/133 cm (\u0160xGxV)<\/p>\n","protected":false},"featured_media":84202,"comment_status":"open","ping_status":"closed","template":"","meta":{"_acf_changed":false},"product_brand":[166,411],"product_cat":[39],"product_tag":[],"class_list":{"0":"post-84124","1":"product","2":"type-product","3":"status-publish","4":"has-post-thumbnail","6":"product_brand-mayway","7":"product_brand-tecnodom","8":"product_cat-sok-komore","10":"first","11":"instock","12":"shipping-taxable","13":"purchasable","14":"product-type-simple"},"acf":[],"_links":{"self":[{"href":"https:\/\/go-st.vizia.si\/index.php?rest_route=\/wp\/v2\/product\/84124","targetHints":{"allow":["GET"]}}],"collection":[{"href":"https:\/\/go-st.vizia.si\/index.php?rest_route=\/wp\/v2\/product"}],"about":[{"href":"https:\/\/go-st.vizia.si\/index.php?rest_route=\/wp\/v2\/types\/product"}],"replies":[{"embeddable":true,"href":"https:\/\/go-st.vizia.si\/index.php?rest_route=%2Fwp%2Fv2%2Fcomments&post=84124"}],"wp:featuredmedia":[{"embeddable":true,"href":"https:\/\/go-st.vizia.si\/index.php?rest_route=\/wp\/v2\/media\/84202"}],"wp:attachment":[{"href":"https:\/\/go-st.vizia.si\/index.php?rest_route=%2Fwp%2Fv2%2Fmedia&parent=84124"}],"wp:term":[{"taxonomy":"product_brand","embeddable":true,"href":"https:\/\/go-st.vizia.si\/index.php?rest_route=%2Fwp%2Fv2%2Fproduct_brand&post=84124"},{"taxonomy":"product_cat","embeddable":true,"href":"https:\/\/go-st.vizia.si\/index.php?rest_route=%2Fwp%2Fv2%2Fproduct_cat&post=84124"},{"taxonomy":"product_tag","embeddable":true,"href":"https:\/\/go-st.vizia.si\/index.php?rest_route=%2Fwp%2Fv2%2Fproduct_tag&post=84124"}],"curies":[{"name":"wp","href":"https:\/\/api.w.org\/{rel}","templated":true}]}}