{"id":84230,"date":"2026-01-29T18:07:23","date_gmt":"2026-01-29T18:07:23","guid":{"rendered":"https:\/\/go-st.vizia.si\/?post_type=product&#038;p=84230"},"modified":"2026-02-12T09:42:24","modified_gmt":"2026-02-12T09:42:24","slug":"vgradna-hlajena-linija-inside-irpg-0816","status":"publish","type":"product","link":"https:\/\/go-st.vizia.si\/?product=vgradna-hlajena-linija-inside-irpg-0816","title":{"rendered":"VGRADNA HLAJENA LINIJA, INSIDE, IRPG 0816"},"content":{"rendered":"<h3 class=\"desc-headings\">Poudarki<\/h3>\n<ul>\n<li>Hladilna posoda iz visokokakovostnega nerjave\u010dega jekla<\/li>\n<li>Konstantna temperatura v celotni hladilni posodi<\/li>\n<li>Stati\u010dni, vpene\u010d izparilnik<\/li>\n<li>Brez izparilnikov v notranjosti<\/li>\n<li>Brez po\u0161kodb zaradi korozije na izparilniku<\/li>\n<li>Prisilno prezra\u010devana hladilna enota spodaj\/desno, pripravljena za priklop<\/li>\n<li>Okolju prijazno hladilno sredstvo z nizkim GWP<\/li>\n<li>Digitalno krmiljenje temperature s prikazom temperature<\/li>\n<li>Hladilna posoda tesno varjena, z zaobljenimi vogali za enostavno \u010di\u0161\u010denje<\/li>\n<li>Odvod kondenzirane vode v dnu hladilne kadi<\/li>\n<li>Avtomatsko izhlapevanje kondenzirane vode<\/li>\n<\/ul>\n<h3 class=\"desc-headings\">Tehni\u010dne informacije<\/h3>\n<ul>\n<li>Hladilno sredstvo: R455A<\/li>\n<li>Hladilna zmogljivost: 377 W \/ VT -10 \u00b0C<\/li>\n<li>Priklju\u010dek: 230 V \/ 350 W<\/li>\n<li>Dimenzije okvira: 81 x 64 x 2 cm (\u0160xGxV)<\/li>\n<li>Dimenzije izreza: 79 x 62 x 57 cm* (\u0160xGxV)<\/li>\n<li>Dimenzije hladilne kadi: 64 x 51 x 16 cm (\u0160xGxV)<\/li>\n<li>* Vi\u0161ina s hladilnim agregatom<\/li>\n<\/ul>\n","protected":false},"excerpt":{"rendered":"<p><span>Stati\u010dna vgradna hladilna korita<\/span><br \/><span>Kapaciteta: 2 x GN 1\/1<\/span><br \/><span>Temperaturno obmo\u010dje: +2\u00b0\/+8\u00b0C<\/span><br \/><span>Priklju\u010dek: 230 V \/ 350 W<\/span><br \/><span>Obrobni razmerji: 81 x 64 x 2 cm (\u0160xGxV)<\/span><br \/><span>Dimenzije izreza: 79 x 62 cm (\u0160xG)<\/span><br \/><span>Dimenzije hladilne posode: 64 x 51 x 16 cm (\u0160xGxV)<\/span><\/p>\n","protected":false},"featured_media":84259,"comment_status":"open","ping_status":"closed","template":"","meta":{"_acf_changed":false},"product_brand":[],"product_cat":[40],"product_tag":[],"class_list":{"0":"post-84230","1":"product","2":"type-product","3":"status-publish","4":"has-post-thumbnail","6":"product_cat-solatni-bari","8":"first","9":"instock","10":"shipping-taxable","11":"purchasable","12":"product-type-simple"},"acf":[],"_links":{"self":[{"href":"https:\/\/go-st.vizia.si\/index.php?rest_route=\/wp\/v2\/product\/84230","targetHints":{"allow":["GET"]}}],"collection":[{"href":"https:\/\/go-st.vizia.si\/index.php?rest_route=\/wp\/v2\/product"}],"about":[{"href":"https:\/\/go-st.vizia.si\/index.php?rest_route=\/wp\/v2\/types\/product"}],"replies":[{"embeddable":true,"href":"https:\/\/go-st.vizia.si\/index.php?rest_route=%2Fwp%2Fv2%2Fcomments&post=84230"}],"wp:featuredmedia":[{"embeddable":true,"href":"https:\/\/go-st.vizia.si\/index.php?rest_route=\/wp\/v2\/media\/84259"}],"wp:attachment":[{"href":"https:\/\/go-st.vizia.si\/index.php?rest_route=%2Fwp%2Fv2%2Fmedia&parent=84230"}],"wp:term":[{"taxonomy":"product_brand","embeddable":true,"href":"https:\/\/go-st.vizia.si\/index.php?rest_route=%2Fwp%2Fv2%2Fproduct_brand&post=84230"},{"taxonomy":"product_cat","embeddable":true,"href":"https:\/\/go-st.vizia.si\/index.php?rest_route=%2Fwp%2Fv2%2Fproduct_cat&post=84230"},{"taxonomy":"product_tag","embeddable":true,"href":"https:\/\/go-st.vizia.si\/index.php?rest_route=%2Fwp%2Fv2%2Fproduct_tag&post=84230"}],"curies":[{"name":"wp","href":"https:\/\/api.w.org\/{rel}","templated":true}]}}