{"id":84235,"date":"2026-01-29T18:07:23","date_gmt":"2026-01-29T18:07:23","guid":{"rendered":"https:\/\/go-st.vizia.si\/?post_type=product&#038;p=84235"},"modified":"2026-02-12T09:42:41","modified_gmt":"2026-02-12T09:42:41","slug":"hladni-bife-mwlr-2827","status":"publish","type":"product","link":"https:\/\/go-st.vizia.si\/?product=hladni-bife-mwlr-2827","title":{"rendered":"HLADNI BIFE MWLR 2827"},"content":{"rendered":"<p>Barva: temni oreh, struktura iz <br \/>masivnega lesa, pokrov v obliki kupole <br \/>iz pleksi stekla, vklju\u010dno z 2 zlo\u017eljivimi <br \/>policami za pladnje, stati\u010dno hlajenje, <br \/>zmogljivost: 4 x GN 1\/1 vi\u0161ina 15 cm <br \/>Temperaturno obmo\u010dje pri zaprtem <br \/>pokrovu: +2\u00b0\/+10\u00b0C <br \/>Priklju\u010dek: 230 V \/ 250 W <br \/>Dimenzije: 148 x 82\/120 x 92,5\/125 cm (\u0160xGxV)<\/p><\/p>\n","protected":false},"excerpt":{"rendered":"<p>Barva: temni oreh, struktura iz masivnega lesa, pokrov v obliki kupole iz pleksi stekla, vklju\u010dno z 2 zlo\u017eljivimi policami za pladnje, stati\u010dno hlajenje, zmogljivost: 4 x GN 1\/1 vi\u0161ina 15 cm Temperaturno obmo\u010dje pri zaprtem pokrovu: +2\u00b0\/+10\u00b0C Priklju\u010dek: 230 V \/ 250 W Dimenzije: 148 x 82\/120 x 92,5\/125 cm (\u0160xGxV)<\/p>\n","protected":false},"featured_media":84264,"comment_status":"open","ping_status":"closed","template":"","meta":{"_acf_changed":false},"product_brand":[],"product_cat":[40],"product_tag":[],"class_list":{"0":"post-84235","1":"product","2":"type-product","3":"status-publish","4":"has-post-thumbnail","6":"product_cat-solatni-bari","8":"first","9":"instock","10":"shipping-taxable","11":"purchasable","12":"product-type-simple"},"acf":[],"_links":{"self":[{"href":"https:\/\/go-st.vizia.si\/index.php?rest_route=\/wp\/v2\/product\/84235","targetHints":{"allow":["GET"]}}],"collection":[{"href":"https:\/\/go-st.vizia.si\/index.php?rest_route=\/wp\/v2\/product"}],"about":[{"href":"https:\/\/go-st.vizia.si\/index.php?rest_route=\/wp\/v2\/types\/product"}],"replies":[{"embeddable":true,"href":"https:\/\/go-st.vizia.si\/index.php?rest_route=%2Fwp%2Fv2%2Fcomments&post=84235"}],"wp:featuredmedia":[{"embeddable":true,"href":"https:\/\/go-st.vizia.si\/index.php?rest_route=\/wp\/v2\/media\/84264"}],"wp:attachment":[{"href":"https:\/\/go-st.vizia.si\/index.php?rest_route=%2Fwp%2Fv2%2Fmedia&parent=84235"}],"wp:term":[{"taxonomy":"product_brand","embeddable":true,"href":"https:\/\/go-st.vizia.si\/index.php?rest_route=%2Fwp%2Fv2%2Fproduct_brand&post=84235"},{"taxonomy":"product_cat","embeddable":true,"href":"https:\/\/go-st.vizia.si\/index.php?rest_route=%2Fwp%2Fv2%2Fproduct_cat&post=84235"},{"taxonomy":"product_tag","embeddable":true,"href":"https:\/\/go-st.vizia.si\/index.php?rest_route=%2Fwp%2Fv2%2Fproduct_tag&post=84235"}],"curies":[{"name":"wp","href":"https:\/\/api.w.org\/{rel}","templated":true}]}}