{"id":84241,"date":"2026-01-29T18:07:24","date_gmt":"2026-01-29T18:07:24","guid":{"rendered":"https:\/\/go-st.vizia.si\/?post_type=product&#038;p=84241"},"modified":"2026-02-11T07:37:41","modified_gmt":"2026-02-11T07:37:41","slug":"vinska-vitrina-cw-500","status":"publish","type":"product","link":"https:\/\/go-st.vizia.si\/?product=vinska-vitrina-cw-500","title":{"rendered":"Vinska vitrina CW 500"},"content":{"rendered":"<p>Elegantne in moderne vinske vitrine so narejene iz izredno kvalitetnih in vzdr\u017eljivih materialov. Primerne so za kvalitetno hranjenje in staranje steklenic vina. Nepogre\u0161ljivi so v barih, restavracijah, trgovinah, hotelih\u2026 &nbsp;<\/p>\n<p>Vinska vitrina CW 500 je opremljena z zra\u010dnim hlajenjem in avtomatskim odtajevanjem. LED osvetlitev. Debelina izolacije je 50 mm. Majhna poraba energije. Odstranljiva tesnila vrat. Samodejno zapiranje vrat. Alarm za odprta vrata. Standardno zaklepanje. Vrata iz dvoslojnega kaljenega stekla. Zatemnjeno steklo za za\u0161\u010dito kakovosti vina. Lesene police so izvle\u010dne, zato omogo\u010dajo la\u017eji pregled nad steklenicami.<\/p>\n<p><\/p>\n","protected":false},"excerpt":{"rendered":"<p>Elegantne in moderne vinske vitrine so narejene iz izredno kvalitetnih in vzdr\u017eljivih materialov. Primerne so za kvalitetno hranjenje in staranje steklenic vina. Nepogre\u0161ljivi so v barih, restavracijah, trgovinah, hotelih\u2026 &nbsp; Vinska vitrina CW 500 je opremljena z zra\u010dnim hlajenjem in avtomatskim odtajevanjem. LED osvetlitev. Debelina izolacije je 50 mm. Majhna poraba energije. Odstranljiva tesnila vrat. [&hellip;]<\/p>\n","protected":false},"featured_media":84283,"comment_status":"open","ping_status":"closed","template":"","meta":{"_acf_changed":false},"product_brand":[313],"product_cat":[41],"product_tag":[],"class_list":{"0":"post-84241","1":"product","2":"type-product","3":"status-publish","4":"has-post-thumbnail","6":"product_brand-cool-head","7":"product_cat-vinske-vitrine","9":"first","10":"instock","11":"shipping-taxable","12":"purchasable","13":"product-type-simple"},"acf":[],"_links":{"self":[{"href":"https:\/\/go-st.vizia.si\/index.php?rest_route=\/wp\/v2\/product\/84241","targetHints":{"allow":["GET"]}}],"collection":[{"href":"https:\/\/go-st.vizia.si\/index.php?rest_route=\/wp\/v2\/product"}],"about":[{"href":"https:\/\/go-st.vizia.si\/index.php?rest_route=\/wp\/v2\/types\/product"}],"replies":[{"embeddable":true,"href":"https:\/\/go-st.vizia.si\/index.php?rest_route=%2Fwp%2Fv2%2Fcomments&post=84241"}],"wp:featuredmedia":[{"embeddable":true,"href":"https:\/\/go-st.vizia.si\/index.php?rest_route=\/wp\/v2\/media\/84283"}],"wp:attachment":[{"href":"https:\/\/go-st.vizia.si\/index.php?rest_route=%2Fwp%2Fv2%2Fmedia&parent=84241"}],"wp:term":[{"taxonomy":"product_brand","embeddable":true,"href":"https:\/\/go-st.vizia.si\/index.php?rest_route=%2Fwp%2Fv2%2Fproduct_brand&post=84241"},{"taxonomy":"product_cat","embeddable":true,"href":"https:\/\/go-st.vizia.si\/index.php?rest_route=%2Fwp%2Fv2%2Fproduct_cat&post=84241"},{"taxonomy":"product_tag","embeddable":true,"href":"https:\/\/go-st.vizia.si\/index.php?rest_route=%2Fwp%2Fv2%2Fproduct_tag&post=84241"}],"curies":[{"name":"wp","href":"https:\/\/api.w.org\/{rel}","templated":true}]}}