{"id":84248,"date":"2026-01-29T18:07:24","date_gmt":"2026-01-29T18:07:24","guid":{"rendered":"https:\/\/go-st.vizia.si\/?post_type=product&#038;p=84248"},"modified":"2026-02-12T09:49:04","modified_gmt":"2026-02-12T09:49:04","slug":"vinska-vitrina","status":"publish","type":"product","link":"https:\/\/go-st.vizia.si\/?product=vinska-vitrina","title":{"rendered":"Vinska vitrina"},"content":{"rendered":"<p>Eleganten hladilnik za vino, znotraj in zunaj v \u010drni barvi, je bogastvo za vsakega ljubitelja vina. S svojo kapaciteto do 116 steklenic, predstavljenih na visokokakovostnih nosilcih iz nerjave\u010dega jekla, ponuja dovolj prostora za raznoliko zbirko vin. Obarvana steklena sprednja stran, podprta z UV-nevtralno LED-osvetlitvijo, ne zagotavlja le stilsko predstavitev va\u0161ih vin, ampak jih tudi \u0161\u010diti pred \u0161kodljivimi vplivi svetlobe.<br \/>Moderen dizajn dopolnjuje uporabniku prijazen elektronski nadzorni panel z LCD-zaslonom, ki omogo\u010da natan\u010dno nadzorovanje in spremljanje temperature ter delovnega stanja. Zahvaljujo\u010d tihemu delovanju, ki zna\u0161a le 41 dB(A), in nizki porabi energije se ta vinska hladilnica brez te\u017eav vklopi v vsako okolje _x0013_ idealna za gostinstvo ali stilsko opremljene bivalne prostore. S to vinsko hladilnico boste naredili odli\u010dno izbiro za optimalno shranjevanje in elegantno predstavitev va\u0161e zbirke vin.<\/p>\n<h3 class=\"desc-headings\">Poudarki<\/h3>\n<ul>\n<li>\u010crna (notranjost in zunanjost)<\/li>\n<li>Kapaciteta: 116 steklenic<\/li>\n<li>Nosilci iz nerjave\u010dega jekla<\/li>\n<li>Obarvana steklena sprednja stran<\/li>\n<li>UV-nevtralna LED-razsvetljava<\/li>\n<li>Elektronski nadzorni panel<\/li>\n<li>LCD-zaslon<\/li>\n<\/ul>\n<h3 class=\"desc-headings\">Informacije o izdelku<\/h3>\n<ul>\n<li>Nadzor temperature<\/li>\n<li>Tiho delovanje: 41 dB(A)<\/li>\n<li>Nizka poraba energije<\/li>\n<li>Za gostinstvo in bivalne prostore<\/li>\n<li>Optimalno shranjevanje in predstavitev vina<\/li>\n<li>Avtomatsko odmrzovanje<\/li>\n<li>16 re\u0161etk 48,8 x 38,9 cm<\/li>\n<li>2 vi\u0161insko nastavljiva noga in 2 kolesa<\/li>\n<\/ul>\n<h3 class=\"desc-headings\">Tehni\u010dne informacije<\/h3>\n<ul>\n<li>Okolju prijazno hladilno sredstvo R600a<\/li>\n<li>Temperaturno obmo\u010dje: +5\u00b0\/+18\u00b0C<\/li>\n<li>Povezovalna vrednost: 230 V \/ 185 W<\/li>\n<li>Dimenzije: 60 x 60,3 x 186 cm (\u0160xGxV)<\/li>\n<\/ul>\n","protected":false},"excerpt":{"rendered":"<p>Temperaturno obmo\u010dje: +5 \u00b0C\/+18 \u00b0C<br \/>Povezovalna vrednost: 230 V \/ 185 W<br \/>Dimenzije: 60 x 60,3 x 186 cm (\u0160xGxV)<\/p>\n","protected":false},"featured_media":84299,"comment_status":"open","ping_status":"closed","template":"","meta":{"_acf_changed":false},"product_brand":[166],"product_cat":[41],"product_tag":[],"class_list":{"0":"post-84248","1":"product","2":"type-product","3":"status-publish","4":"has-post-thumbnail","6":"product_brand-mayway","7":"product_cat-vinske-vitrine","9":"first","10":"instock","11":"shipping-taxable","12":"purchasable","13":"product-type-simple"},"acf":[],"_links":{"self":[{"href":"https:\/\/go-st.vizia.si\/index.php?rest_route=\/wp\/v2\/product\/84248","targetHints":{"allow":["GET"]}}],"collection":[{"href":"https:\/\/go-st.vizia.si\/index.php?rest_route=\/wp\/v2\/product"}],"about":[{"href":"https:\/\/go-st.vizia.si\/index.php?rest_route=\/wp\/v2\/types\/product"}],"replies":[{"embeddable":true,"href":"https:\/\/go-st.vizia.si\/index.php?rest_route=%2Fwp%2Fv2%2Fcomments&post=84248"}],"wp:featuredmedia":[{"embeddable":true,"href":"https:\/\/go-st.vizia.si\/index.php?rest_route=\/wp\/v2\/media\/84299"}],"wp:attachment":[{"href":"https:\/\/go-st.vizia.si\/index.php?rest_route=%2Fwp%2Fv2%2Fmedia&parent=84248"}],"wp:term":[{"taxonomy":"product_brand","embeddable":true,"href":"https:\/\/go-st.vizia.si\/index.php?rest_route=%2Fwp%2Fv2%2Fproduct_brand&post=84248"},{"taxonomy":"product_cat","embeddable":true,"href":"https:\/\/go-st.vizia.si\/index.php?rest_route=%2Fwp%2Fv2%2Fproduct_cat&post=84248"},{"taxonomy":"product_tag","embeddable":true,"href":"https:\/\/go-st.vizia.si\/index.php?rest_route=%2Fwp%2Fv2%2Fproduct_tag&post=84248"}],"curies":[{"name":"wp","href":"https:\/\/api.w.org\/{rel}","templated":true}]}}