{"id":84301,"date":"2026-01-29T18:07:33","date_gmt":"2026-01-29T18:07:33","guid":{"rendered":"https:\/\/go-st.vizia.si\/?post_type=product&#038;p=84301"},"modified":"2026-02-12T09:47:51","modified_gmt":"2026-02-12T09:47:51","slug":"vinska-vitrina-aroma-610-black","status":"publish","type":"product","link":"https:\/\/go-st.vizia.si\/?product=vinska-vitrina-aroma-610-black","title":{"rendered":"Vinska vitrina, AROMA 610 BLACK"},"content":{"rendered":"<p>Vino postre\u017eite pri idealni temperaturi! Okus vina je odvisen tudi od temperature \u2013 v hladilnikih za vino AFINOX se va\u0161a vina hranijo pri konstantni temperaturi, tako da lahko svojim gostom vedno postre\u017eete vino pri pravi temperaturi. Idealna temperatura za pitje belega vina je med 8 \u00b0C in 12 \u00b0C, rde\u010dega vina pa med 14 \u00b0C in 18 \u00b0C. Glede na model so vinske omare opremljene z luknjanimi policami iz nerjave\u010dega jekla ali cevmi iz nerjave\u010dega jekla, ki so idealne za predstavitev in shranjevanje rde\u010dih, belih in pene\u010dih vin. Na\u0161e vinske omare zagotavljajo enakomerno hlajenje pri natan\u010dno pravi temperaturi.<\/p>\n<h3 class=\"desc-headings\">Poudarki<\/h3>\n<ul>\n<li>Moderen, privla\u010den dizajn, Black Edition<\/li>\n<li>Notranjost iz visokokakovostnega nerjave\u010dega jekla<\/li>\n<li>Stekla sprednja stran s skritim ro\u010dajem vrat ali elegantnim ro\u010dajem iz nerjave\u010dega jekla<\/li>\n<li>Razstavna povr\u0161ina: 4 police iz nerjave\u010dih jeklenih cevi in 1 polica spodaj<\/li>\n<li>Dvojna, navpi\u010dna LED notranja osvetlitev<\/li>\n<li>Elektronski nadzorni panel<\/li>\n<li>Prikaz temperature in stanja prek LCD-zaslona<\/li>\n<li>Vrata z magnetnim tesnilom, s toplotnim steklom, zaklenljiva, zamenljivim te\u010dajem vrat<\/li>\n<li>Hladilni sistem: stati\u010dno hlajenje s pomo\u010djo ventilatorja<\/li>\n<li>Avtomatsko odtaljevanje z izhlapevanjem kondenzata<\/li>\n<li>Nizka raven hrupa 50 dB (A)<\/li>\n<\/ul>\n<h3 class=\"desc-headings\">Informacije o izdelku<\/h3>\n<ul>\n<li>Vsebina: 270 l<\/li>\n<li>Vsebina do 74 steklenic<\/li>\n<li>Barva: \u010drna<\/li>\n<li>Nizka poraba energije<\/li>\n<li>Vrata s skritim ro\u010dajem ali elegantnim ro\u010dajem iz nerjave\u010dega jekla<\/li>\n<li>Notranja LED-razsvetljava<\/li>\n<li>Vrata se odpirajo na levo, zamenljiva smer odpiranja<\/li>\n<\/ul>\n<h3 class=\"desc-headings\">Tehni\u010dne informacije<\/h3>\n<ul>\n<li>Elektronski nadzorni panel<\/li>\n<li>Izbirni stikalo za hlajenje z zra\u010dnim pretokom<\/li>\n<li>Temperaturno obmo\u010dje: +4\u00b0\/+12\u00b0C<\/li>\n<li>Hladilno sredstvo: R290<\/li>\n<li>Priklju\u010dek: 230 V \/ 247 W<\/li>\n<li>Dimenzije: 61 x 51,5 x 194 cm (\u0160xGxV)<\/li>\n<\/ul>\n","protected":false},"excerpt":{"rendered":"<p>Vsebina: 270 l \u2013 74 steklenic<br \/>Temperaturno obmo\u010dje: +4 \u00b0C\/+12 \u00b0C<br \/>Vrata: zamenljiva<br \/>Priklju\u010dek: 230 V \/ 247 W<br \/>Dimenzije: 61 x 51,5 x 194 cm (\u0160xGxV)<\/p>\n","protected":false},"featured_media":84329,"comment_status":"open","ping_status":"closed","template":"","meta":{"_acf_changed":false},"product_brand":[267],"product_cat":[41],"product_tag":[],"class_list":{"0":"post-84301","1":"product","2":"type-product","3":"status-publish","4":"has-post-thumbnail","6":"product_brand-afinox","7":"product_cat-vinske-vitrine","9":"first","10":"instock","11":"shipping-taxable","12":"purchasable","13":"product-type-simple"},"acf":[],"_links":{"self":[{"href":"https:\/\/go-st.vizia.si\/index.php?rest_route=\/wp\/v2\/product\/84301","targetHints":{"allow":["GET"]}}],"collection":[{"href":"https:\/\/go-st.vizia.si\/index.php?rest_route=\/wp\/v2\/product"}],"about":[{"href":"https:\/\/go-st.vizia.si\/index.php?rest_route=\/wp\/v2\/types\/product"}],"replies":[{"embeddable":true,"href":"https:\/\/go-st.vizia.si\/index.php?rest_route=%2Fwp%2Fv2%2Fcomments&post=84301"}],"wp:featuredmedia":[{"embeddable":true,"href":"https:\/\/go-st.vizia.si\/index.php?rest_route=\/wp\/v2\/media\/84329"}],"wp:attachment":[{"href":"https:\/\/go-st.vizia.si\/index.php?rest_route=%2Fwp%2Fv2%2Fmedia&parent=84301"}],"wp:term":[{"taxonomy":"product_brand","embeddable":true,"href":"https:\/\/go-st.vizia.si\/index.php?rest_route=%2Fwp%2Fv2%2Fproduct_brand&post=84301"},{"taxonomy":"product_cat","embeddable":true,"href":"https:\/\/go-st.vizia.si\/index.php?rest_route=%2Fwp%2Fv2%2Fproduct_cat&post=84301"},{"taxonomy":"product_tag","embeddable":true,"href":"https:\/\/go-st.vizia.si\/index.php?rest_route=%2Fwp%2Fv2%2Fproduct_tag&post=84301"}],"curies":[{"name":"wp","href":"https:\/\/api.w.org\/{rel}","templated":true}]}}