{"id":84376,"date":"2026-01-29T18:07:54","date_gmt":"2026-01-29T18:07:54","guid":{"rendered":"https:\/\/go-st.vizia.si\/?post_type=product&#038;p=84376"},"modified":"2026-04-17T04:34:27","modified_gmt":"2026-04-17T04:34:27","slug":"plinski-stedilnik-z-elektricno-pecico-delta-700-cf4-78gpe","status":"publish","type":"product","link":"https:\/\/go-st.vizia.si\/?product=plinski-stedilnik-z-elektricno-pecico-delta-700-cf4-78gpe","title":{"rendered":"PLINSKI \u0160TEDILNIK S STATI\u010cNO EL. PE\u010cICO, DELTA 700,  CF4-78GPE"},"content":{"rendered":"<p>Visoko kakovosten \u0161tedilnik za profesionalno uporabo, ki zdru\u017euje najvi\u0161jo zmogljivost in zanesljivost. Uporablja se kot samostojna enota ali kot del linije, saj je zdru\u017eljiv z drugimi aparati serije Delta 700.<\/p>\n<h3 class=\"desc-headings\">Poudarki<\/h3>\n<ul>\n<li>V celoti izdelan iz visokokakovostnega nerjave\u010dega jekla<\/li>\n<li>Zaobljeni profili za enostavno in hitro \u010di\u0161\u010denje<\/li>\n<li>Vsi gumbi so za\u0161\u010diteni pred brizganjem vode z za\u0161\u010dito IPX5<\/li>\n<li>Vsi gorilniki s pilotnim plamenom<\/li>\n<li>Piezoelektri\u010dni v\u017eig pe\u010dice<\/li>\n<li>Enostavno, uporabniku prijazno upravljanje<\/li>\n<li>Vsi servisni deli so dostopni z enostavno odstranitvijo sprednje nadzorne plo\u0161\u010de.<\/li>\n<\/ul>\n<h3 class=\"desc-headings\">Informacije o izdelku<\/h3>\n<ul>\n<li>4 plinski gorilniki mo\u010di: 2 x 5,5 KW + 7,5 KW + 3,5 KW<\/li>\n<li>S pilotnim plamenom<\/li>\n<li>Nastavitev temperature pe\u010dice od 50 do 300 \u00b0C<\/li>\n<li>Elektri\u010dna pe\u010dica velikosti GN 2\/1<\/li>\n<li>Odvod dimnih plinov na zadnji strani, odstranljiv dimnik<\/li>\n<li>Prilagajanje delovne vi\u0161ine z vi\u0161insko nastavljivimi nogami<\/li>\n<li>Enostavno vzdr\u017eevanje z odstranitvijo sprednje plo\u0161\u010de<\/li>\n<\/ul>\n<h3 class=\"desc-headings\">Tehni\u010dne informacije<\/h3>\n<ul>\n<li>Plinski priklju\u010dek: 22kW \/ 18.920 Kcal<\/li>\n<li>Elektri\u010dni priklju\u010dek: 400 V \/ 5 KW<\/li>\n<li>Dimenzije: 800 x 705 x 900 mm (\u0160xGxV)<\/li>\n<\/ul>\n<p><iframe loading=\"lazy\" title=\"Sketchfab 3D Model\" frameborder=\"0\" allowfullscreen=\"\" mozallowfullscreen=\"true\" webkitallowfullscreen=\"true\" allow=\"autoplay; fullscreen; xr-spatial-tracking\" src=\"https:\/\/sketchfab.com\/models\/43e3be5677a04ed7815ef8b866f80db8\/embed?ui_animations=0\" width=\"100%\" height=\"auto\"><br \/> <\/iframe><\/p>\n","protected":false},"excerpt":{"rendered":"<p>4 plinski gorilniki<br \/>\nMo\u010d: 22 kW<br \/>\nDimenzije: 800 x 705 x 900 mm (\u0160xGxV)<\/p>\n","protected":false},"featured_media":97379,"comment_status":"open","ping_status":"closed","template":"","meta":{"_acf_changed":false},"product_brand":[1444],"product_cat":[],"product_tag":[],"class_list":{"0":"post-84376","1":"product","2":"type-product","3":"status-publish","4":"has-post-thumbnail","6":"product_brand-lotus","7":"pa_linija-globina-2688","8":"pa_prikljucek-plin","10":"first","11":"instock","12":"shipping-taxable","13":"purchasable","14":"product-type-simple"},"acf":[],"_links":{"self":[{"href":"https:\/\/go-st.vizia.si\/index.php?rest_route=\/wp\/v2\/product\/84376","targetHints":{"allow":["GET"]}}],"collection":[{"href":"https:\/\/go-st.vizia.si\/index.php?rest_route=\/wp\/v2\/product"}],"about":[{"href":"https:\/\/go-st.vizia.si\/index.php?rest_route=\/wp\/v2\/types\/product"}],"replies":[{"embeddable":true,"href":"https:\/\/go-st.vizia.si\/index.php?rest_route=%2Fwp%2Fv2%2Fcomments&post=84376"}],"wp:featuredmedia":[{"embeddable":true,"href":"https:\/\/go-st.vizia.si\/index.php?rest_route=\/wp\/v2\/media\/97379"}],"wp:attachment":[{"href":"https:\/\/go-st.vizia.si\/index.php?rest_route=%2Fwp%2Fv2%2Fmedia&parent=84376"}],"wp:term":[{"taxonomy":"product_brand","embeddable":true,"href":"https:\/\/go-st.vizia.si\/index.php?rest_route=%2Fwp%2Fv2%2Fproduct_brand&post=84376"},{"taxonomy":"product_cat","embeddable":true,"href":"https:\/\/go-st.vizia.si\/index.php?rest_route=%2Fwp%2Fv2%2Fproduct_cat&post=84376"},{"taxonomy":"product_tag","embeddable":true,"href":"https:\/\/go-st.vizia.si\/index.php?rest_route=%2Fwp%2Fv2%2Fproduct_tag&post=84376"}],"curies":[{"name":"wp","href":"https:\/\/api.w.org\/{rel}","templated":true}]}}