{"id":84383,"date":"2026-01-29T18:07:54","date_gmt":"2026-01-29T18:07:54","guid":{"rendered":"https:\/\/go-st.vizia.si\/?post_type=product&#038;p=84383"},"modified":"2026-03-20T13:50:27","modified_gmt":"2026-03-20T13:50:27","slug":"ventilacijska-pecica-airpower-04-435-m","status":"publish","type":"product","link":"https:\/\/go-st.vizia.si\/?product=ventilacijska-pecica-airpower-04-435-m","title":{"rendered":"Ventilacijska pe\u010dica, AIRPOWER-04-435 M"},"content":{"rendered":"<p>V gostinskih obratih in velikih kuhinjah so zahteve za zmogljive vro\u010dozra\u010dne pe\u010dice \u0161e posebej raznolike. Zahvaljujo\u010d u\u010dinkovitosti in vsestranskosti <strong>vro\u010dozra\u010dnih pe\u010dic MAYWAY<\/strong> se skraj\u0161ajo \u010dasi peke, cvrtja in kuhanja, hkrati pa se ohrani okus hranilnih snovi.<\/p>\n<h3 class=\"desc-headings\">Poudarki<\/h3>\n<ul>\n<li>Izdelano v Italiji<\/li>\n<li>Notranjost in ohi\u0161je iz nerjave\u010dega jekla<\/li>\n<li>Enotna priprava najrazli\u010dnej\u0161ih jedi<\/li>\n<li>Temperirana steklena vrata z nizko stopnjo emisij navznoter<\/li>\n<li>Var\u010den z energijo<\/li>\n<li>Uporabniku prijazen nadzor<\/li>\n<li>Enostavno in hitro \u010di\u0161\u010denje<\/li>\n<\/ul>\n<h3 class=\"desc-headings\">Informacije o izdelku<\/h3>\n<ul>\n<li>Notranja osvetlitev<\/li>\n<li>Varnostni ro\u010daj vrat<\/li>\n<li>Kapaciteta: 4 re\u0161etke 43,5 x 35 cm<\/li>\n<li>Razdalja med vodili: 8,4 cm<\/li>\n<li>Velikost pe\u010dice: 46,4 x 42 x 37 cm (\u0160xGxV)<\/li>\n<li>Re\u0161etke so na voljo lo\u010deno<\/li>\n<li>Primerne re\u0161etke: \u0161t. art. <a href=\"https:\/\/www.mayway.eu\/detail\/index\/sArticle\/10653\/number\/8638532\">8638532<\/a><\/li>\n<\/ul>\n<h3 class=\"desc-headings\">Tehni\u010dne informacije<\/h3>\n<ul>\n<li>mehansko upravljanje<\/li>\n<li>dvojni ventilator<\/li>\n<li>priklju\u010dna mo\u010d: 230 V \/ 3,35 KW<\/li>\n<li>Dimenzije: 58,9 x 66 x 58 cm (\u0160xGxV)<\/li>\n<\/ul>\n","protected":false},"excerpt":{"rendered":"<p>4 vstavni predali 43,5 x 35 cm<br \/>Priklju\u010dna mo\u010d: 230 V \/ 3,35 KW<br \/>Dimenzije: 58,9 x 66 x 58 cm (\u0160xGxV)<\/p>\n","protected":false},"featured_media":85342,"comment_status":"open","ping_status":"closed","template":"","meta":{"_acf_changed":false},"product_brand":[],"product_cat":[2837],"product_tag":[],"class_list":{"0":"post-84383","1":"product","2":"type-product","3":"status-publish","4":"has-post-thumbnail","6":"product_cat-namizne-pecice-peci","8":"first","9":"instock","10":"shipping-taxable","11":"purchasable","12":"product-type-simple"},"acf":[],"_links":{"self":[{"href":"https:\/\/go-st.vizia.si\/index.php?rest_route=\/wp\/v2\/product\/84383","targetHints":{"allow":["GET"]}}],"collection":[{"href":"https:\/\/go-st.vizia.si\/index.php?rest_route=\/wp\/v2\/product"}],"about":[{"href":"https:\/\/go-st.vizia.si\/index.php?rest_route=\/wp\/v2\/types\/product"}],"replies":[{"embeddable":true,"href":"https:\/\/go-st.vizia.si\/index.php?rest_route=%2Fwp%2Fv2%2Fcomments&post=84383"}],"wp:featuredmedia":[{"embeddable":true,"href":"https:\/\/go-st.vizia.si\/index.php?rest_route=\/wp\/v2\/media\/85342"}],"wp:attachment":[{"href":"https:\/\/go-st.vizia.si\/index.php?rest_route=%2Fwp%2Fv2%2Fmedia&parent=84383"}],"wp:term":[{"taxonomy":"product_brand","embeddable":true,"href":"https:\/\/go-st.vizia.si\/index.php?rest_route=%2Fwp%2Fv2%2Fproduct_brand&post=84383"},{"taxonomy":"product_cat","embeddable":true,"href":"https:\/\/go-st.vizia.si\/index.php?rest_route=%2Fwp%2Fv2%2Fproduct_cat&post=84383"},{"taxonomy":"product_tag","embeddable":true,"href":"https:\/\/go-st.vizia.si\/index.php?rest_route=%2Fwp%2Fv2%2Fproduct_tag&post=84383"}],"curies":[{"name":"wp","href":"https:\/\/api.w.org\/{rel}","templated":true}]}}