{"id":84422,"date":"2026-01-29T18:07:55","date_gmt":"2026-01-29T18:07:55","guid":{"rendered":"https:\/\/go-st.vizia.si\/?post_type=product&#038;p=84422"},"modified":"2026-02-26T08:36:57","modified_gmt":"2026-02-26T08:36:57","slug":"mini-pizza-pec-mp-36","status":"publish","type":"product","link":"https:\/\/go-st.vizia.si\/?product=mini-pizza-pec-mp-36","title":{"rendered":"Mini pizza pe\u010d, MP-36"},"content":{"rendered":"<p>Buon appetito \u2013 okusna pizza, sve\u017ee iz pe\u010dice! Kompaktna <strong>mini pe\u010dica za pice<\/strong> je nepogre\u0161ljiva v vsaki kuhinji za prigrizke. Idealna za zamrznjene pice, sendvi\u010de, predkuhane jedi, polnjene toast, piadine itd.<\/p>\n<h3 class=\"desc-headings\">Poudarki<\/h3>\n<ul>\n<li>Idealno za zamrznjene pice in prigrizke<\/li>\n<li>Ohi\u0161je v celoti iz nerjave\u010dega jekla<\/li>\n<li>Izvle\u010dljiva re\u0161etka z zlo\u017eljivim ro\u010dajem<\/li>\n<li>Izvle\u010dljiva posoda za drobtine<\/li>\n<li>Enostavna uporaba<\/li>\n<li>Natan\u010dna nastavitev \u010dasa peke s \u010dasovnikom<\/li>\n<li>Stopenjska regulacija temperature<\/li>\n<\/ul>\n<h3 class=\"desc-headings\">Informacije o izdelku<\/h3>\n<ul>\n<li>Zmogljivost: 1 pica premera 32 cm<\/li>\n<li>Izvle\u010dni predal z re\u0161etko<\/li>\n<li>Povr\u0161ina za peko: 34 x 33 cm (\u0160xG)<\/li>\n<li>Funkcija \u010dasovnika<\/li>\n<\/ul>\n<h3 class=\"desc-headings\">Tehni\u010dne informacije<\/h3>\n<ul>\n<li>Temperaturno obmo\u010dje: +50\u00b0\/+300\u00b0C<\/li>\n<li>Povezovalna vrednost: 230 V \/ 1,75 KW<\/li>\n<li>Dimenzije: 50,5 x 41 x 21,5 cm (\u0160xGxV)<\/li>\n<\/ul>\n","protected":false},"excerpt":{"rendered":"<p>1 pe\u010dna komora<br \/>Priklju\u010dna mo\u010d: 230 V \/ 1,75 KW<br \/>Dimenzije: 50,5 x 41 x 21,5 cm (\u0160xGxV)<\/p>\n","protected":false},"featured_media":85366,"comment_status":"open","ping_status":"closed","template":"","meta":{"_acf_changed":false},"product_brand":[986],"product_cat":[52],"product_tag":[],"class_list":{"0":"post-84422","1":"product","2":"type-product","3":"status-publish","4":"has-post-thumbnail","6":"product_brand-rm-gastro","7":"product_cat-pizza-peci","9":"first","10":"instock","11":"shipping-taxable","12":"purchasable","13":"product-type-simple"},"acf":[],"_links":{"self":[{"href":"https:\/\/go-st.vizia.si\/index.php?rest_route=\/wp\/v2\/product\/84422","targetHints":{"allow":["GET"]}}],"collection":[{"href":"https:\/\/go-st.vizia.si\/index.php?rest_route=\/wp\/v2\/product"}],"about":[{"href":"https:\/\/go-st.vizia.si\/index.php?rest_route=\/wp\/v2\/types\/product"}],"replies":[{"embeddable":true,"href":"https:\/\/go-st.vizia.si\/index.php?rest_route=%2Fwp%2Fv2%2Fcomments&post=84422"}],"wp:featuredmedia":[{"embeddable":true,"href":"https:\/\/go-st.vizia.si\/index.php?rest_route=\/wp\/v2\/media\/85366"}],"wp:attachment":[{"href":"https:\/\/go-st.vizia.si\/index.php?rest_route=%2Fwp%2Fv2%2Fmedia&parent=84422"}],"wp:term":[{"taxonomy":"product_brand","embeddable":true,"href":"https:\/\/go-st.vizia.si\/index.php?rest_route=%2Fwp%2Fv2%2Fproduct_brand&post=84422"},{"taxonomy":"product_cat","embeddable":true,"href":"https:\/\/go-st.vizia.si\/index.php?rest_route=%2Fwp%2Fv2%2Fproduct_cat&post=84422"},{"taxonomy":"product_tag","embeddable":true,"href":"https:\/\/go-st.vizia.si\/index.php?rest_route=%2Fwp%2Fv2%2Fproduct_tag&post=84422"}],"curies":[{"name":"wp","href":"https:\/\/api.w.org\/{rel}","templated":true}]}}