{"id":84423,"date":"2026-01-29T18:07:55","date_gmt":"2026-01-29T18:07:55","guid":{"rendered":"https:\/\/go-st.vizia.si\/?post_type=product&#038;p=84423"},"modified":"2026-02-12T09:49:14","modified_gmt":"2026-02-12T09:49:14","slug":"delovna-miza-3at167b","status":"publish","type":"product","link":"https:\/\/go-st.vizia.si\/?product=delovna-miza-3at167b","title":{"rendered":"Delovna miza, 3AT167B"},"content":{"rendered":"<p>Prakti\u010dni in nepogre\u0161ljivi v sodobni profesionalni kuhinji. Delovne mize MAYWAY zaradi svoje robustne kakovosti in vsestranske uporabnosti ustvarjajo moderno in zanesljivo delovno mesto za dolga leta. Izdelek je proizveden v Italiji in prepri\u010da z evropsko kakovostjo izvedbe, materiala in konstrukcije. Zahvaljujo\u010d vi\u0161insko nastavljivim nogam iz kvadratnega profila je mizo mogo\u010de stabilno namestiti tudi na neravnih tleh, kjer prepri\u010da z optimalno stabilnostjo. <\/p>\n<h3 class=\"desc-headings\">Poudarki<\/h3>\n<ul>\n<li>Evropski kakovostni izdelek, proizveden v Italiji<\/li>\n<li>Delovna plo\u0161\u010da iz visokokakovostnega, 1 mm debelega nerjave\u010dega jekla AISI 304<\/li>\n<li>Visokokakovostno nerjave\u010de jeklo AISI 304 je optimalno za ravnanje z \u017eivili<\/li>\n<li>Podloga delovne plo\u0161\u010de iz 18 mm debele, vodoodporne in ognjevarne plo\u0161\u010de<\/li>\n<li>40 mm debela delovna plo\u0161\u010da z za\u0161\u010ditnim robom za roke po celotnem obodu<\/li>\n<li>Struktura mize je dodatno oja\u010dena z zgornjo pre\u010dko z vzdol\u017enimi in pre\u010dnimi nosilci<\/li>\n<li>Optimalna delovna vi\u0161ina z vi\u0161insko nastavljivimi nogami<\/li>\n<li>Spodnja polica je dodatno oja\u010dena z omega profilom<\/li>\n<li>Izdelano v skladu z veljavnimi higienskimi smernicami EU<\/li>\n<\/ul>\n<h3 class=\"desc-headings\">Informacije o izdelku<\/h3>\n<ul>\n<li>vklju\u010dno z dnom<\/li>\n<li>noge iz kvadratnega profila 40 x 40 mm<\/li>\n<li>vi\u0161ina nastavljiva<\/li>\n<li>Dimenzije: 160 x 70 x 90 cm (\u0160xGxV)<\/li>\n<\/ul>\n","protected":false},"excerpt":{"rendered":"<p>z dnom<br \/>Dimenzije: 160 x 70 x 90 cm (\u0160xGxV)<\/p>\n","protected":false},"featured_media":84577,"comment_status":"open","ping_status":"closed","template":"","meta":{"_acf_changed":false},"product_brand":[166],"product_cat":[105],"product_tag":[],"class_list":{"0":"post-84423","1":"product","2":"type-product","3":"status-publish","4":"has-post-thumbnail","6":"product_brand-mayway","7":"product_cat-delovne-mize","9":"first","10":"instock","11":"shipping-taxable","12":"purchasable","13":"product-type-simple"},"acf":[],"_links":{"self":[{"href":"https:\/\/go-st.vizia.si\/index.php?rest_route=\/wp\/v2\/product\/84423","targetHints":{"allow":["GET"]}}],"collection":[{"href":"https:\/\/go-st.vizia.si\/index.php?rest_route=\/wp\/v2\/product"}],"about":[{"href":"https:\/\/go-st.vizia.si\/index.php?rest_route=\/wp\/v2\/types\/product"}],"replies":[{"embeddable":true,"href":"https:\/\/go-st.vizia.si\/index.php?rest_route=%2Fwp%2Fv2%2Fcomments&post=84423"}],"wp:featuredmedia":[{"embeddable":true,"href":"https:\/\/go-st.vizia.si\/index.php?rest_route=\/wp\/v2\/media\/84577"}],"wp:attachment":[{"href":"https:\/\/go-st.vizia.si\/index.php?rest_route=%2Fwp%2Fv2%2Fmedia&parent=84423"}],"wp:term":[{"taxonomy":"product_brand","embeddable":true,"href":"https:\/\/go-st.vizia.si\/index.php?rest_route=%2Fwp%2Fv2%2Fproduct_brand&post=84423"},{"taxonomy":"product_cat","embeddable":true,"href":"https:\/\/go-st.vizia.si\/index.php?rest_route=%2Fwp%2Fv2%2Fproduct_cat&post=84423"},{"taxonomy":"product_tag","embeddable":true,"href":"https:\/\/go-st.vizia.si\/index.php?rest_route=%2Fwp%2Fv2%2Fproduct_tag&post=84423"}],"curies":[{"name":"wp","href":"https:\/\/api.w.org\/{rel}","templated":true}]}}