{"id":84605,"date":"2026-01-29T18:09:01","date_gmt":"2026-01-29T18:09:01","guid":{"rendered":"https:\/\/go-st.vizia.si\/?post_type=product&#038;p=84605"},"modified":"2026-02-12T09:49:05","modified_gmt":"2026-02-12T09:49:05","slug":"salamoreznica-posevna-45-275g","status":"publish","type":"product","link":"https:\/\/go-st.vizia.si\/?product=salamoreznica-posevna-45-275g","title":{"rendered":"Salamoreznica po\u0161evna 45\u00b0 275G"},"content":{"rendered":"<p>Izdelano v Italiji, najbolj kakovostni materiali so skrbno in z ljubeznijo do detajla obdelani. Profesionalno, kromirano rezilo tega profesionalnega vsestranskega rezalnika zagotavlja najbolj\u0161o kakovost rezanja in naredi va\u0161e jedi privla\u010dne na vsakem kro\u017eniku \u2013 z rezalniki MAYWAY do odli\u010dnega uspeha! Popolnoma zasnovan za majhne trgovine, kjer je potrebna profesionalna zmogljivost na majhnem prostoru.<\/p>\n<h3 class=\"desc-headings\">Poudarki<\/h3>\n<ul>\n<li>Vozek z mo\u010dnim naklonom 45\u00b0<\/li>\n<li>Debelina reza nastavljiva do 13 mm<\/li>\n<li>Ro\u010dni brusilnik no\u017eev<\/li>\n<li>Prezra\u010devan in mo\u010dan motor<\/li>\n<li>Podlaga za rezanje in premi\u010den dr\u017ealo za ostanke iz eloksiranega aluminija<\/li>\n<li>Vodilo in pokrov rezalne plo\u0161\u010de iz eloksiranega aluminija<\/li>\n<li>Vozek s plasti\u010dno za\u0161\u010dito za varno uporabo<\/li>\n<li>Z dodatnim teflonskim no\u017eem, ki je na voljo kot dodatna oprema, primeren tudi za toplo kruh in sir<\/li>\n<li>Enostavno \u010di\u0161\u010denje<\/li>\n<\/ul>\n<h3 class=\"desc-headings\">Informacije o izdelku<\/h3>\n<ul>\n<li>masivno ohi\u0161je <\/li>\n<li>premer rezila: 27,5 cm<\/li>\n<li>debelina reza 0\u201313 mm<\/li>\n<li>rezalna zmogljivost DM: 19 cm<\/li>\n<li>maks. velikost rezanega materiala: 18,5 x 24 cm<\/li>\n<li>Dovozna dol\u017eina: 27 cm<\/li>\n<li>Zaporni vozi\u010dek<\/li>\n<\/ul>\n<h3 class=\"desc-headings\">Tehni\u010dne informacije<\/h3>\n<ul>\n<li>Povezava: 230 V \/ 180 W<\/li>\n<li>Dimenzije: 44 x 65 x 46 cm (\u0160xGxV)<\/li>\n<\/ul>\n","protected":false},"excerpt":{"rendered":"<p>Rezalni no\u017e: 27,5 cm DM<br \/>Povezava: 230 V \/ 180 W<br \/>Dimenzije: 44 x 65 x 46 cm (\u0160xGxV)<\/p>\n","protected":false},"featured_media":86036,"comment_status":"open","ping_status":"closed","template":"","meta":{"_acf_changed":false},"product_brand":[1301],"product_cat":[116],"product_tag":[],"class_list":{"0":"post-84605","1":"product","2":"type-product","3":"status-publish","4":"has-post-thumbnail","6":"product_brand-noaw","7":"product_cat-salamoreznice-in-prsutoreznice","9":"first","10":"instock","11":"shipping-taxable","12":"purchasable","13":"product-type-simple"},"acf":[],"_links":{"self":[{"href":"https:\/\/go-st.vizia.si\/index.php?rest_route=\/wp\/v2\/product\/84605","targetHints":{"allow":["GET"]}}],"collection":[{"href":"https:\/\/go-st.vizia.si\/index.php?rest_route=\/wp\/v2\/product"}],"about":[{"href":"https:\/\/go-st.vizia.si\/index.php?rest_route=\/wp\/v2\/types\/product"}],"replies":[{"embeddable":true,"href":"https:\/\/go-st.vizia.si\/index.php?rest_route=%2Fwp%2Fv2%2Fcomments&post=84605"}],"wp:featuredmedia":[{"embeddable":true,"href":"https:\/\/go-st.vizia.si\/index.php?rest_route=\/wp\/v2\/media\/86036"}],"wp:attachment":[{"href":"https:\/\/go-st.vizia.si\/index.php?rest_route=%2Fwp%2Fv2%2Fmedia&parent=84605"}],"wp:term":[{"taxonomy":"product_brand","embeddable":true,"href":"https:\/\/go-st.vizia.si\/index.php?rest_route=%2Fwp%2Fv2%2Fproduct_brand&post=84605"},{"taxonomy":"product_cat","embeddable":true,"href":"https:\/\/go-st.vizia.si\/index.php?rest_route=%2Fwp%2Fv2%2Fproduct_cat&post=84605"},{"taxonomy":"product_tag","embeddable":true,"href":"https:\/\/go-st.vizia.si\/index.php?rest_route=%2Fwp%2Fv2%2Fproduct_tag&post=84605"}],"curies":[{"name":"wp","href":"https:\/\/api.w.org\/{rel}","templated":true}]}}