{"id":85141,"date":"2026-01-29T18:12:58","date_gmt":"2026-01-29T18:12:58","guid":{"rendered":"https:\/\/go-st.vizia.si\/?post_type=product&#038;p=85141"},"modified":"2026-02-12T09:49:05","modified_gmt":"2026-02-12T09:49:05","slug":"predalnik-za-kavorondaap272","status":"publish","type":"product","link":"https:\/\/go-st.vizia.si\/?product=predalnik-za-kavorondaap272","title":{"rendered":"PREDALNIK ZA KAVO,RONDA,AP272"},"content":{"rendered":"<h3 class=\"desc-headings\">Poudarki<\/h3>\n<ul>\n<li>Sprednja in zadnja stran ter notranji posod iz nerjave\u010dega jekla<\/li>\n<li>Notranji posod z zaobljenimi vogali<\/li>\n<li>Zaprt vgradni ohi\u0161je iz polipropilena<\/li>\n<li>Notranji posod z za\u0161\u010dito pred paro<\/li>\n<li>Robusten, odstranljiv palica za trkanje<\/li>\n<li>Za\u0161\u010dita pred po\u0161kodbami zaradi vodne pare<\/li>\n<li>Enostavno \u010di\u0161\u010denje<\/li>\n<\/ul>\n<h3 class=\"desc-headings\">Prilo\u017eena oprema<\/h3>\n<ul>\n<li>Dimenzije: 37,7 x 43,1 x 16,4 cm (\u0160xGxV)<\/li>\n<\/ul>\n","protected":false},"excerpt":{"rendered":"<p>S palico za trkanje in za\u0161\u010dito pred paro<br \/>Dimenzije: 37,7 x 43,1 x 16,4 cm (\u0160xGxV)<\/p>\n","protected":false},"featured_media":85187,"comment_status":"open","ping_status":"closed","template":"","meta":{"_acf_changed":false},"product_brand":[],"product_cat":[135],"product_tag":[],"class_list":{"0":"post-85141","1":"product","2":"type-product","3":"status-publish","4":"has-post-thumbnail","6":"product_cat-dodatki-in-nadgradnje","8":"first","9":"instock","10":"shipping-taxable","11":"purchasable","12":"product-type-simple"},"acf":[],"_links":{"self":[{"href":"https:\/\/go-st.vizia.si\/index.php?rest_route=\/wp\/v2\/product\/85141","targetHints":{"allow":["GET"]}}],"collection":[{"href":"https:\/\/go-st.vizia.si\/index.php?rest_route=\/wp\/v2\/product"}],"about":[{"href":"https:\/\/go-st.vizia.si\/index.php?rest_route=\/wp\/v2\/types\/product"}],"replies":[{"embeddable":true,"href":"https:\/\/go-st.vizia.si\/index.php?rest_route=%2Fwp%2Fv2%2Fcomments&post=85141"}],"wp:featuredmedia":[{"embeddable":true,"href":"https:\/\/go-st.vizia.si\/index.php?rest_route=\/wp\/v2\/media\/85187"}],"wp:attachment":[{"href":"https:\/\/go-st.vizia.si\/index.php?rest_route=%2Fwp%2Fv2%2Fmedia&parent=85141"}],"wp:term":[{"taxonomy":"product_brand","embeddable":true,"href":"https:\/\/go-st.vizia.si\/index.php?rest_route=%2Fwp%2Fv2%2Fproduct_brand&post=85141"},{"taxonomy":"product_cat","embeddable":true,"href":"https:\/\/go-st.vizia.si\/index.php?rest_route=%2Fwp%2Fv2%2Fproduct_cat&post=85141"},{"taxonomy":"product_tag","embeddable":true,"href":"https:\/\/go-st.vizia.si\/index.php?rest_route=%2Fwp%2Fv2%2Fproduct_tag&post=85141"}],"curies":[{"name":"wp","href":"https:\/\/api.w.org\/{rel}","templated":true}]}}