{"id":85211,"date":"2026-01-29T18:13:19","date_gmt":"2026-01-29T18:13:19","guid":{"rendered":"https:\/\/go-st.vizia.si\/?post_type=product&#038;p=85211"},"modified":"2026-02-11T07:38:06","modified_gmt":"2026-02-11T07:38:06","slug":"stenska-napa-globine-110","status":"publish","type":"product","link":"https:\/\/go-st.vizia.si\/?product=stenska-napa-globine-110","title":{"rendered":"Stenska napa globine 110"},"content":{"rendered":"<p class=\"MsoNormal\" style=\"margin-bottom:0cm;margin-bottom:.0001pt;line-height:normal\"><!--[if gte mso 9]><xml> <o:OfficeDocumentSettings>  <o:AllowPNG\/> <\/o:OfficeDocumentSettings><\/xml><![endif]--><!--[if gte mso 9]><xml> <w:WordDocument>  <w:View>Normal<\/w:View>  <w:Zoom>0<\/w:Zoom>  <w:TrackMoves\/>  <w:TrackFormatting\/>  <w:HyphenationZone>21<\/w:HyphenationZone>  <w:PunctuationKerning\/>  <w:ValidateAgainstSchemas\/>  <w:SaveIfXMLInvalid>false<\/w:SaveIfXMLInvalid>  <w:IgnoreMixedContent>false<\/w:IgnoreMixedContent>  <w:AlwaysShowPlaceholderText>false<\/w:AlwaysShowPlaceholderText>  <w:DoNotPromoteQF\/>  <w:LidThemeOther>SL<\/w:LidThemeOther>  <w:LidThemeAsian>X-NONE<\/w:LidThemeAsian>  <w:LidThemeComplexScript>X-NONE<\/w:LidThemeComplexScript>  <w:Compatibility>   <w:BreakWrappedTables\/>   <w:SnapToGridInCell\/>   <w:WrapTextWithPunct\/>   <w:UseAsianBreakRules\/>   <w:DontGrowAutofit\/>   <w:SplitPgBreakAndParaMark\/>   <w:EnableOpenTypeKerning\/>   <w:DontFlipMirrorIndents\/>   <w:OverrideTableStyleHps\/>  <\/w:Compatibility>  <m:mathPr>   <m:mathFont m:val=\"Cambria Math\"\/>   <m:brkBin m:val=\"before\"\/>   <m:brkBinSub m:val=\"&#45;-\"\/>   <m:smallFrac m:val=\"off\"\/>   <m:dispDef\/>   <m:lMargin m:val=\"0\"\/>   <m:rMargin m:val=\"0\"\/>   <m:defJc m:val=\"centerGroup\"\/>   <m:wrapIndent m:val=\"1440\"\/>   <m:intLim m:val=\"subSup\"\/>   <m:naryLim m:val=\"undOvr\"\/>  <\/m:mathPr><\/w:WordDocument><\/xml><![endif]--><!--[if gte mso 9]><xml> <w:LatentStyles DefLockedState=\"false\" DefUnhideWhenUsed=\"true\"  DefSemiHidden=\"true\" DefQFormat=\"false\" DefPriority=\"99\"  LatentStyleCount=\"267\">  <w:LsdException Locked=\"false\" Priority=\"0\" SemiHidden=\"false\"   UnhideWhenUsed=\"false\" QFormat=\"true\" Name=\"Normal\"\/>  <w:LsdException Locked=\"false\" Priority=\"9\" SemiHidden=\"false\"   UnhideWhenUsed=\"false\" QFormat=\"true\" Name=\"heading 1\"\/>  <w:LsdException Locked=\"false\" Priority=\"9\" QFormat=\"true\" Name=\"heading 2\"\/>  <w:LsdException Locked=\"false\" Priority=\"9\" QFormat=\"true\" Name=\"heading 3\"\/>  <w:LsdException Locked=\"false\" Priority=\"9\" QFormat=\"true\" Name=\"heading 4\"\/>  <w:LsdException Locked=\"false\" Priority=\"9\" QFormat=\"true\" Name=\"heading 5\"\/>  <w:LsdException Locked=\"false\" Priority=\"9\" QFormat=\"true\" Name=\"heading 6\"\/>  <w:LsdException Locked=\"false\" Priority=\"9\" QFormat=\"true\" Name=\"heading 7\"\/>  <w:LsdException Locked=\"false\" Priority=\"9\" QFormat=\"true\" Name=\"heading 8\"\/>  <w:LsdException Locked=\"false\" Priority=\"9\" QFormat=\"true\" Name=\"heading 9\"\/>  <w:LsdException Locked=\"false\" Priority=\"39\" Name=\"toc 1\"\/>  <w:LsdException Locked=\"false\" Priority=\"39\" Name=\"toc 2\"\/>  <w:LsdException Locked=\"false\" Priority=\"39\" Name=\"toc 3\"\/>  <w:LsdException Locked=\"false\" Priority=\"39\" Name=\"toc 4\"\/>  <w:LsdException Locked=\"false\" Priority=\"39\" Name=\"toc 5\"\/>  <w:LsdException Locked=\"false\" Priority=\"39\" Name=\"toc 6\"\/>  <w:LsdException Locked=\"false\" Priority=\"39\" Name=\"toc 7\"\/>  <w:LsdException Locked=\"false\" Priority=\"39\" Name=\"toc 8\"\/>  <w:LsdException Locked=\"false\" Priority=\"39\" Name=\"toc 9\"\/>  <w:LsdException Locked=\"false\" Priority=\"35\" QFormat=\"true\" Name=\"caption\"\/>  <w:LsdException Locked=\"false\" Priority=\"10\" SemiHidden=\"false\"   UnhideWhenUsed=\"false\" QFormat=\"true\" Name=\"Title\"\/>  <w:LsdException Locked=\"false\" Priority=\"1\" Name=\"Default Paragraph Font\"\/>  <w:LsdException Locked=\"false\" Priority=\"11\" SemiHidden=\"false\"   UnhideWhenUsed=\"false\" QFormat=\"true\" Name=\"Subtitle\"\/>  <w:LsdException Locked=\"false\" Priority=\"22\" SemiHidden=\"false\"   UnhideWhenUsed=\"false\" QFormat=\"true\" Name=\"Strong\"\/>  <w:LsdException Locked=\"false\" Priority=\"20\" SemiHidden=\"false\"   UnhideWhenUsed=\"false\" QFormat=\"true\" Name=\"Emphasis\"\/>  <w:LsdException Locked=\"false\" Priority=\"59\" SemiHidden=\"false\"   UnhideWhenUsed=\"false\" Name=\"Table Grid\"\/>  <w:LsdException Locked=\"false\" UnhideWhenUsed=\"false\" Name=\"Placeholder Text\"\/>  <w:LsdException Locked=\"false\" Priority=\"1\" SemiHidden=\"false\"   UnhideWhenUsed=\"false\" QFormat=\"true\" Name=\"No Spacing\"\/>  <w:LsdException Locked=\"false\" Priority=\"60\" SemiHidden=\"false\"   UnhideWhenUsed=\"false\" Name=\"Light Shading\"\/>  <w:LsdException Locked=\"false\" Priority=\"61\" SemiHidden=\"false\"   UnhideWhenUsed=\"false\" Name=\"Light List\"\/>  <w:LsdException Locked=\"false\" Priority=\"62\" SemiHidden=\"false\"   UnhideWhenUsed=\"false\" Name=\"Light Grid\"\/>  <w:LsdException Locked=\"false\" Priority=\"63\" SemiHidden=\"false\"   UnhideWhenUsed=\"false\" Name=\"Medium Shading 1\"\/>  <w:LsdException Locked=\"false\" Priority=\"64\" SemiHidden=\"false\"   UnhideWhenUsed=\"false\" Name=\"Medium Shading 2\"\/>  <w:LsdException Locked=\"false\" Priority=\"65\" SemiHidden=\"false\"   UnhideWhenUsed=\"false\" Name=\"Medium List 1\"\/>  <w:LsdException Locked=\"false\" Priority=\"66\" SemiHidden=\"false\"   UnhideWhenUsed=\"false\" Name=\"Medium List 2\"\/>  <w:LsdException Locked=\"false\" Priority=\"67\" SemiHidden=\"false\"   UnhideWhenUsed=\"false\" Name=\"Medium Grid 1\"\/>  <w:LsdException Locked=\"false\" Priority=\"68\" SemiHidden=\"false\"   UnhideWhenUsed=\"false\" Name=\"Medium Grid 2\"\/>  <w:LsdException Locked=\"false\" Priority=\"69\" SemiHidden=\"false\"   UnhideWhenUsed=\"false\" Name=\"Medium Grid 3\"\/>  <w:LsdException Locked=\"false\" Priority=\"70\" SemiHidden=\"false\"   UnhideWhenUsed=\"false\" Name=\"Dark List\"\/>  <w:LsdException Locked=\"false\" Priority=\"71\" SemiHidden=\"false\"   UnhideWhenUsed=\"false\" Name=\"Colorful Shading\"\/>  <w:LsdException Locked=\"false\" Priority=\"72\" SemiHidden=\"false\"   UnhideWhenUsed=\"false\" Name=\"Colorful List\"\/>  <w:LsdException Locked=\"false\" Priority=\"73\" SemiHidden=\"false\"   UnhideWhenUsed=\"false\" Name=\"Colorful Grid\"\/>  <w:LsdException Locked=\"false\" Priority=\"60\" SemiHidden=\"false\"   UnhideWhenUsed=\"false\" Name=\"Light Shading Accent 1\"\/>  <w:LsdException Locked=\"false\" Priority=\"61\" SemiHidden=\"false\"   UnhideWhenUsed=\"false\" Name=\"Light List Accent 1\"\/>  <w:LsdException Locked=\"false\" Priority=\"62\" SemiHidden=\"false\"   UnhideWhenUsed=\"false\" Name=\"Light Grid Accent 1\"\/>  <w:LsdException Locked=\"false\" Priority=\"63\" SemiHidden=\"false\"   UnhideWhenUsed=\"false\" Name=\"Medium Shading 1 Accent 1\"\/>  <w:LsdException Locked=\"false\" Priority=\"64\" SemiHidden=\"false\"   UnhideWhenUsed=\"false\" Name=\"Medium Shading 2 Accent 1\"\/>  <w:LsdException Locked=\"false\" Priority=\"65\" SemiHidden=\"false\"   UnhideWhenUsed=\"false\" Name=\"Medium List 1 Accent 1\"\/>  <w:LsdException Locked=\"false\" UnhideWhenUsed=\"false\" Name=\"Revision\"\/>  <w:LsdException Locked=\"false\" Priority=\"34\" SemiHidden=\"false\"   UnhideWhenUsed=\"false\" QFormat=\"true\" Name=\"List Paragraph\"\/>  <w:LsdException Locked=\"false\" Priority=\"29\" SemiHidden=\"false\"   UnhideWhenUsed=\"false\" QFormat=\"true\" Name=\"Quote\"\/>  <w:LsdException Locked=\"false\" Priority=\"30\" SemiHidden=\"false\"   UnhideWhenUsed=\"false\" QFormat=\"true\" Name=\"Intense Quote\"\/>  <w:LsdException Locked=\"false\" Priority=\"66\" SemiHidden=\"false\"   UnhideWhenUsed=\"false\" Name=\"Medium List 2 Accent 1\"\/>  <w:LsdException Locked=\"false\" Priority=\"67\" SemiHidden=\"false\"   UnhideWhenUsed=\"false\" Name=\"Medium Grid 1 Accent 1\"\/>  <w:LsdException Locked=\"false\" Priority=\"68\" SemiHidden=\"false\"   UnhideWhenUsed=\"false\" Name=\"Medium Grid 2 Accent 1\"\/>  <w:LsdException Locked=\"false\" Priority=\"69\" SemiHidden=\"false\"   UnhideWhenUsed=\"false\" Name=\"Medium Grid 3 Accent 1\"\/>  <w:LsdException Locked=\"false\" Priority=\"70\" SemiHidden=\"false\"   UnhideWhenUsed=\"false\" Name=\"Dark List Accent 1\"\/>  <w:LsdException Locked=\"false\" Priority=\"71\" SemiHidden=\"false\"   UnhideWhenUsed=\"false\" Name=\"Colorful Shading Accent 1\"\/>  <w:LsdException Locked=\"false\" Priority=\"72\" SemiHidden=\"false\"   UnhideWhenUsed=\"false\" Name=\"Colorful List Accent 1\"\/>  <w:LsdException Locked=\"false\" Priority=\"73\" SemiHidden=\"false\"   UnhideWhenUsed=\"false\" Name=\"Colorful Grid Accent 1\"\/>  <w:LsdException Locked=\"false\" Priority=\"60\" SemiHidden=\"false\"   UnhideWhenUsed=\"false\" Name=\"Light Shading Accent 2\"\/>  <w:LsdException Locked=\"false\" Priority=\"61\" SemiHidden=\"false\"   UnhideWhenUsed=\"false\" Name=\"Light List Accent 2\"\/>  <w:LsdException Locked=\"false\" Priority=\"62\" SemiHidden=\"false\"   UnhideWhenUsed=\"false\" Name=\"Light Grid Accent 2\"\/>  <w:LsdException Locked=\"false\" Priority=\"63\" SemiHidden=\"false\"   UnhideWhenUsed=\"false\" Name=\"Medium Shading 1 Accent 2\"\/>  <w:LsdException Locked=\"false\" Priority=\"64\" SemiHidden=\"false\"   UnhideWhenUsed=\"false\" Name=\"Medium Shading 2 Accent 2\"\/>  <w:LsdException Locked=\"false\" Priority=\"65\" SemiHidden=\"false\"   UnhideWhenUsed=\"false\" Name=\"Medium List 1 Accent 2\"\/>  <w:LsdException Locked=\"false\" Priority=\"66\" SemiHidden=\"false\"   UnhideWhenUsed=\"false\" Name=\"Medium List 2 Accent 2\"\/>  <w:LsdException Locked=\"false\" Priority=\"67\" SemiHidden=\"false\"   UnhideWhenUsed=\"false\" Name=\"Medium Grid 1 Accent 2\"\/>  <w:LsdException Locked=\"false\" Priority=\"68\" SemiHidden=\"false\"   UnhideWhenUsed=\"false\" Name=\"Medium Grid 2 Accent 2\"\/>  <w:LsdException Locked=\"false\" Priority=\"69\" SemiHidden=\"false\"   UnhideWhenUsed=\"false\" Name=\"Medium Grid 3 Accent 2\"\/>  <w:LsdException Locked=\"false\" Priority=\"70\" SemiHidden=\"false\"   UnhideWhenUsed=\"false\" Name=\"Dark List Accent 2\"\/>  <w:LsdException Locked=\"false\" Priority=\"71\" SemiHidden=\"false\"   UnhideWhenUsed=\"false\" Name=\"Colorful Shading Accent 2\"\/>  <w:LsdException Locked=\"false\" Priority=\"72\" SemiHidden=\"false\"   UnhideWhenUsed=\"false\" Name=\"Colorful List Accent 2\"\/>  <w:LsdException Locked=\"false\" Priority=\"73\" SemiHidden=\"false\"   UnhideWhenUsed=\"false\" Name=\"Colorful Grid Accent 2\"\/>  <w:LsdException Locked=\"false\" Priority=\"60\" SemiHidden=\"false\"   UnhideWhenUsed=\"false\" Name=\"Light Shading Accent 3\"\/>  <w:LsdException Locked=\"false\" Priority=\"61\" SemiHidden=\"false\"   UnhideWhenUsed=\"false\" Name=\"Light List Accent 3\"\/>  <w:LsdException Locked=\"false\" Priority=\"62\" SemiHidden=\"false\"   UnhideWhenUsed=\"false\" Name=\"Light Grid Accent 3\"\/>  <w:LsdException Locked=\"false\" Priority=\"63\" SemiHidden=\"false\"   UnhideWhenUsed=\"false\" Name=\"Medium Shading 1 Accent 3\"\/>  <w:LsdException Locked=\"false\" Priority=\"64\" SemiHidden=\"false\"   UnhideWhenUsed=\"false\" Name=\"Medium Shading 2 Accent 3\"\/>  <w:LsdException Locked=\"false\" Priority=\"65\" SemiHidden=\"false\"   UnhideWhenUsed=\"false\" Name=\"Medium List 1 Accent 3\"\/>  <w:LsdException Locked=\"false\" Priority=\"66\" SemiHidden=\"false\"   UnhideWhenUsed=\"false\" Name=\"Medium List 2 Accent 3\"\/>  <w:LsdException Locked=\"false\" Priority=\"67\" SemiHidden=\"false\"   UnhideWhenUsed=\"false\" Name=\"Medium Grid 1 Accent 3\"\/>  <w:LsdException Locked=\"false\" Priority=\"68\" SemiHidden=\"false\"   UnhideWhenUsed=\"false\" Name=\"Medium Grid 2 Accent 3\"\/>  <w:LsdException Locked=\"false\" Priority=\"69\" SemiHidden=\"false\"   UnhideWhenUsed=\"false\" Name=\"Medium Grid 3 Accent 3\"\/>  <w:LsdException Locked=\"false\" Priority=\"70\" SemiHidden=\"false\"   UnhideWhenUsed=\"false\" Name=\"Dark List Accent 3\"\/>  <w:LsdException Locked=\"false\" Priority=\"71\" SemiHidden=\"false\"   UnhideWhenUsed=\"false\" Name=\"Colorful Shading Accent 3\"\/>  <w:LsdException Locked=\"false\" Priority=\"72\" SemiHidden=\"false\"   UnhideWhenUsed=\"false\" Name=\"Colorful List Accent 3\"\/>  <w:LsdException Locked=\"false\" Priority=\"73\" SemiHidden=\"false\"   UnhideWhenUsed=\"false\" Name=\"Colorful Grid Accent 3\"\/>  <w:LsdException Locked=\"false\" Priority=\"60\" SemiHidden=\"false\"   UnhideWhenUsed=\"false\" Name=\"Light Shading Accent 4\"\/>  <w:LsdException Locked=\"false\" Priority=\"61\" SemiHidden=\"false\"   UnhideWhenUsed=\"false\" Name=\"Light List Accent 4\"\/>  <w:LsdException Locked=\"false\" Priority=\"62\" SemiHidden=\"false\"   UnhideWhenUsed=\"false\" Name=\"Light Grid Accent 4\"\/>  <w:LsdException Locked=\"false\" Priority=\"63\" SemiHidden=\"false\"   UnhideWhenUsed=\"false\" Name=\"Medium Shading 1 Accent 4\"\/>  <w:LsdException Locked=\"false\" Priority=\"64\" SemiHidden=\"false\"   UnhideWhenUsed=\"false\" Name=\"Medium Shading 2 Accent 4\"\/>  <w:LsdException Locked=\"false\" Priority=\"65\" SemiHidden=\"false\"   UnhideWhenUsed=\"false\" Name=\"Medium List 1 Accent 4\"\/>  <w:LsdException Locked=\"false\" Priority=\"66\" SemiHidden=\"false\"   UnhideWhenUsed=\"false\" Name=\"Medium List 2 Accent 4\"\/>  <w:LsdException Locked=\"false\" Priority=\"67\" SemiHidden=\"false\"   UnhideWhenUsed=\"false\" Name=\"Medium Grid 1 Accent 4\"\/>  <w:LsdException Locked=\"false\" Priority=\"68\" SemiHidden=\"false\"   UnhideWhenUsed=\"false\" Name=\"Medium Grid 2 Accent 4\"\/>  <w:LsdException Locked=\"false\" Priority=\"69\" SemiHidden=\"false\"   UnhideWhenUsed=\"false\" Name=\"Medium Grid 3 Accent 4\"\/>  <w:LsdException Locked=\"false\" Priority=\"70\" SemiHidden=\"false\"   UnhideWhenUsed=\"false\" Name=\"Dark List Accent 4\"\/>  <w:LsdException Locked=\"false\" Priority=\"71\" SemiHidden=\"false\"   UnhideWhenUsed=\"false\" Name=\"Colorful Shading Accent 4\"\/>  <w:LsdException Locked=\"false\" Priority=\"72\" SemiHidden=\"false\"   UnhideWhenUsed=\"false\" Name=\"Colorful List Accent 4\"\/>  <w:LsdException Locked=\"false\" Priority=\"73\" SemiHidden=\"false\"   UnhideWhenUsed=\"false\" Name=\"Colorful Grid Accent 4\"\/>  <w:LsdException Locked=\"false\" Priority=\"60\" SemiHidden=\"false\"   UnhideWhenUsed=\"false\" Name=\"Light Shading Accent 5\"\/>  <w:LsdException Locked=\"false\" Priority=\"61\" SemiHidden=\"false\"   UnhideWhenUsed=\"false\" Name=\"Light List Accent 5\"\/>  <w:LsdException Locked=\"false\" Priority=\"62\" SemiHidden=\"false\"   UnhideWhenUsed=\"false\" Name=\"Light Grid Accent 5\"\/>  <w:LsdException Locked=\"false\" Priority=\"63\" SemiHidden=\"false\"   UnhideWhenUsed=\"false\" Name=\"Medium Shading 1 Accent 5\"\/>  <w:LsdException Locked=\"false\" Priority=\"64\" SemiHidden=\"false\"   UnhideWhenUsed=\"false\" Name=\"Medium Shading 2 Accent 5\"\/>  <w:LsdException Locked=\"false\" Priority=\"65\" SemiHidden=\"false\"   UnhideWhenUsed=\"false\" Name=\"Medium List 1 Accent 5\"\/>  <w:LsdException Locked=\"false\" Priority=\"66\" SemiHidden=\"false\"   UnhideWhenUsed=\"false\" Name=\"Medium List 2 Accent 5\"\/>  <w:LsdException Locked=\"false\" Priority=\"67\" SemiHidden=\"false\"   UnhideWhenUsed=\"false\" Name=\"Medium Grid 1 Accent 5\"\/>  <w:LsdException Locked=\"false\" Priority=\"68\" SemiHidden=\"false\"   UnhideWhenUsed=\"false\" Name=\"Medium Grid 2 Accent 5\"\/>  <w:LsdException Locked=\"false\" Priority=\"69\" SemiHidden=\"false\"   UnhideWhenUsed=\"false\" Name=\"Medium Grid 3 Accent 5\"\/>  <w:LsdException Locked=\"false\" Priority=\"70\" SemiHidden=\"false\"   UnhideWhenUsed=\"false\" Name=\"Dark List Accent 5\"\/>  <w:LsdException Locked=\"false\" Priority=\"71\" SemiHidden=\"false\"   UnhideWhenUsed=\"false\" Name=\"Colorful Shading Accent 5\"\/>  <w:LsdException Locked=\"false\" Priority=\"72\" SemiHidden=\"false\"   UnhideWhenUsed=\"false\" Name=\"Colorful List Accent 5\"\/>  <w:LsdException Locked=\"false\" Priority=\"73\" SemiHidden=\"false\"   UnhideWhenUsed=\"false\" Name=\"Colorful Grid Accent 5\"\/>  <w:LsdException Locked=\"false\" Priority=\"60\" SemiHidden=\"false\"   UnhideWhenUsed=\"false\" Name=\"Light Shading Accent 6\"\/>  <w:LsdException Locked=\"false\" Priority=\"61\" SemiHidden=\"false\"   UnhideWhenUsed=\"false\" Name=\"Light List Accent 6\"\/>  <w:LsdException Locked=\"false\" Priority=\"62\" SemiHidden=\"false\"   UnhideWhenUsed=\"false\" Name=\"Light Grid Accent 6\"\/>  <w:LsdException Locked=\"false\" Priority=\"63\" SemiHidden=\"false\"   UnhideWhenUsed=\"false\" Name=\"Medium Shading 1 Accent 6\"\/>  <w:LsdException Locked=\"false\" Priority=\"64\" SemiHidden=\"false\"   UnhideWhenUsed=\"false\" Name=\"Medium Shading 2 Accent 6\"\/>  <w:LsdException Locked=\"false\" Priority=\"65\" SemiHidden=\"false\"   UnhideWhenUsed=\"false\" Name=\"Medium List 1 Accent 6\"\/>  <w:LsdException Locked=\"false\" Priority=\"66\" SemiHidden=\"false\"   UnhideWhenUsed=\"false\" Name=\"Medium List 2 Accent 6\"\/>  <w:LsdException Locked=\"false\" Priority=\"67\" SemiHidden=\"false\"   UnhideWhenUsed=\"false\" Name=\"Medium Grid 1 Accent 6\"\/>  <w:LsdException Locked=\"false\" Priority=\"68\" SemiHidden=\"false\"   UnhideWhenUsed=\"false\" Name=\"Medium Grid 2 Accent 6\"\/>  <w:LsdException Locked=\"false\" Priority=\"69\" SemiHidden=\"false\"   UnhideWhenUsed=\"false\" Name=\"Medium Grid 3 Accent 6\"\/>  <w:LsdException Locked=\"false\" Priority=\"70\" SemiHidden=\"false\"   UnhideWhenUsed=\"false\" Name=\"Dark List Accent 6\"\/>  <w:LsdException Locked=\"false\" Priority=\"71\" SemiHidden=\"false\"   UnhideWhenUsed=\"false\" Name=\"Colorful Shading Accent 6\"\/>  <w:LsdException Locked=\"false\" Priority=\"72\" SemiHidden=\"false\"   UnhideWhenUsed=\"false\" Name=\"Colorful List Accent 6\"\/>  <w:LsdException Locked=\"false\" Priority=\"73\" SemiHidden=\"false\"   UnhideWhenUsed=\"false\" Name=\"Colorful Grid Accent 6\"\/>  <w:LsdException Locked=\"false\" Priority=\"19\" SemiHidden=\"false\"   UnhideWhenUsed=\"false\" QFormat=\"true\" Name=\"Subtle Emphasis\"\/>  <w:LsdException Locked=\"false\" Priority=\"21\" SemiHidden=\"false\"   UnhideWhenUsed=\"false\" QFormat=\"true\" Name=\"Intense Emphasis\"\/>  <w:LsdException Locked=\"false\" Priority=\"31\" SemiHidden=\"false\"   UnhideWhenUsed=\"false\" QFormat=\"true\" Name=\"Subtle Reference\"\/>  <w:LsdException Locked=\"false\" Priority=\"32\" SemiHidden=\"false\"   UnhideWhenUsed=\"false\" QFormat=\"true\" Name=\"Intense Reference\"\/>  <w:LsdException Locked=\"false\" Priority=\"33\" SemiHidden=\"false\"   UnhideWhenUsed=\"false\" QFormat=\"true\" Name=\"Book Title\"\/>  <w:LsdException Locked=\"false\" Priority=\"37\" Name=\"Bibliography\"\/>  <w:LsdException Locked=\"false\" Priority=\"39\" QFormat=\"true\" Name=\"TOC Heading\"\/> <\/w:LatentStyles><\/xml><![endif]--><!--[if gte mso 10]>\n\n<style> \/* Style Definitions *\/ table.MsoNormalTable\t{mso-style-name:\"Navadna tabela\";\tmso-tstyle-rowband-size:0;\tmso-tstyle-colband-size:0;\tmso-style-noshow:yes;\tmso-style-priority:99;\tmso-style-parent:\"\";\tmso-padding-alt:0cm 5.4pt 0cm 5.4pt;\tmso-para-margin-top:0cm;\tmso-para-margin-right:0cm;\tmso-para-margin-bottom:8.0pt;\tmso-para-margin-left:0cm;\tline-height:107%;\tmso-pagination:widow-orphan;\tfont-size:11.0pt;\tfont-family:\"Calibri\",\"sans-serif\";\tmso-ascii-font-family:Calibri;\tmso-ascii-theme-font:minor-latin;\tmso-hansi-font-family:Calibri;\tmso-hansi-theme-font:minor-latin;\tmso-fareast-language:EN-US;}<\/style>\n\n<![endif]--><span style=\"mso-ascii-font-family:Calibri;mso-fareast-font-family:&quot;Times New Roman&quot;;mso-hansi-font-family:Calibri;mso-bidi-font-family:&quot;Times New Roman&quot;;color:black;mso-fareast-language:SL;mso-bidi-font-weight:bold\">Nape so v celotinarejene iz visoko kakovostnega inoxa in imajo kanal za zbiranje ma\u0161\u010dobe z vgrajeno\u010distilno pipico.<\/span><span style=\"mso-ascii-font-family:Calibri;mso-fareast-font-family:&quot;Times New Roman&quot;;mso-hansi-font-family:Calibri;mso-bidi-font-family:&quot;Times New Roman&quot;;color:black;mso-fareast-language:SL;mso-bidi-font-weight:bold\"> Opremljene so ssnemljivimi filtri 500 x 500 mm.<\/span><\/p>\n","protected":false},"excerpt":{"rendered":"<p>Nape so v celotinarejene iz visoko kakovostnega inoxa in imajo kanal za zbiranje ma\u0161\u010dobe z vgrajeno\u010distilno pipico. Opremljene so ssnemljivimi filtri 500 x 500 mm.<\/p>\n","protected":false},"featured_media":85241,"comment_status":"open","ping_status":"closed","template":"","meta":{"_acf_changed":false},"product_brand":[],"product_cat":[47],"product_tag":[],"class_list":{"0":"post-85211","1":"product","2":"type-product","3":"status-publish","4":"has-post-thumbnail","6":"product_cat-nape","8":"first","9":"instock","10":"shipping-taxable","11":"purchasable","12":"product-type-variable"},"acf":[],"_links":{"self":[{"href":"https:\/\/go-st.vizia.si\/index.php?rest_route=\/wp\/v2\/product\/85211","targetHints":{"allow":["GET"]}}],"collection":[{"href":"https:\/\/go-st.vizia.si\/index.php?rest_route=\/wp\/v2\/product"}],"about":[{"href":"https:\/\/go-st.vizia.si\/index.php?rest_route=\/wp\/v2\/types\/product"}],"replies":[{"embeddable":true,"href":"https:\/\/go-st.vizia.si\/index.php?rest_route=%2Fwp%2Fv2%2Fcomments&post=85211"}],"wp:featuredmedia":[{"embeddable":true,"href":"https:\/\/go-st.vizia.si\/index.php?rest_route=\/wp\/v2\/media\/85241"}],"wp:attachment":[{"href":"https:\/\/go-st.vizia.si\/index.php?rest_route=%2Fwp%2Fv2%2Fmedia&parent=85211"}],"wp:term":[{"taxonomy":"product_brand","embeddable":true,"href":"https:\/\/go-st.vizia.si\/index.php?rest_route=%2Fwp%2Fv2%2Fproduct_brand&post=85211"},{"taxonomy":"product_cat","embeddable":true,"href":"https:\/\/go-st.vizia.si\/index.php?rest_route=%2Fwp%2Fv2%2Fproduct_cat&post=85211"},{"taxonomy":"product_tag","embeddable":true,"href":"https:\/\/go-st.vizia.si\/index.php?rest_route=%2Fwp%2Fv2%2Fproduct_tag&post=85211"}],"curies":[{"name":"wp","href":"https:\/\/api.w.org\/{rel}","templated":true}]}}