{"id":85249,"date":"2026-01-29T18:13:29","date_gmt":"2026-01-29T18:13:29","guid":{"rendered":"https:\/\/go-st.vizia.si\/?post_type=product&#038;p=85249"},"modified":"2026-02-12T09:43:03","modified_gmt":"2026-02-12T09:43:03","slug":"inox-regal-globine-50","status":"publish","type":"product","link":"https:\/\/go-st.vizia.si\/?product=inox-regal-globine-50","title":{"rendered":"Inox regal globine 50"},"content":{"rendered":"<p>Skladi\u0161\u010dite svoja \u017eivila ali pripomo\u010dke na prostorni in pregleden na\u010din! Poi\u0161\u010dite <strong>polico MAYWAY<\/strong>, ki ustreza va\u0161im potrebam in jo lahko uporabljate na razli\u010dne na\u010dine v hladilnicah in kuhinjah, su\u0161ilnicah in pralnicah. Robustna nosilna konstrukcija z <strong>vi\u0161insko nastavljivimi nosilci<\/strong> z 3,5 cm je v celoti izdelana iz nerjave\u010dega jekla. Odstranljive police iz polietilena so <strong>enostavne za \u010di\u0161\u010denje in nosijo do 150 kg na polico.<\/strong> Vse police MAYWAY so enostavne in hitre za monta\u017eo ter natan\u010dno prilagojene ekstremnim obremenitvam v gostinskih obratih in velikih kuhinjah. <strong>Robustna kakovost<\/strong>, kombinirana z raznolikimi mo\u017enostmi uporabe, ustvarja zanesljivo delovno okolje za dolga leta.<\/p>\n<h3 class=\"desc-headings\">Poudarki<\/h3>\n<ul>\n<li>Robustna nosilna konstrukcija v celoti iz nerjave\u010dega jekla<\/li>\n<li>Police iz hladu odpornega polietilena<\/li>\n<li>Nosilnost do 150 kg na polico<\/li>\n<li>Enostavna monta\u017ea brez orodja<\/li>\n<li>Vsestranska uporaba<\/li>\n<\/ul>\n<h3 class=\"desc-headings\">Informacije o izdelku<\/h3>\n<ul>\n<li>vi\u0161insko nastavljive noge<\/li>\n<li>enostavno \u010di\u0161\u010denje <\/li>\n<li>4 odstranljive police<\/li>\n<li>Dimenzije: 60 x 50 x 180 cm (\u0160xGxV)<\/li>\n<\/ul>\n","protected":false},"excerpt":{"rendered":"<p>Nosilnost\/polica: do 150 kg<br \/>Izvedba: nerjave\u010de jeklo<br \/>Dimenzije: 60 x 50 x 180 cm (\u0160xGxV)<\/p>\n","protected":false},"featured_media":85273,"comment_status":"open","ping_status":"closed","template":"","meta":{"_acf_changed":false},"product_brand":[],"product_cat":[113],"product_tag":[],"class_list":{"0":"post-85249","1":"product","2":"type-product","3":"status-publish","4":"has-post-thumbnail","6":"product_cat-regali","8":"first","9":"instock","10":"shipping-taxable","11":"purchasable","12":"product-type-variable"},"acf":[],"_links":{"self":[{"href":"https:\/\/go-st.vizia.si\/index.php?rest_route=\/wp\/v2\/product\/85249","targetHints":{"allow":["GET"]}}],"collection":[{"href":"https:\/\/go-st.vizia.si\/index.php?rest_route=\/wp\/v2\/product"}],"about":[{"href":"https:\/\/go-st.vizia.si\/index.php?rest_route=\/wp\/v2\/types\/product"}],"replies":[{"embeddable":true,"href":"https:\/\/go-st.vizia.si\/index.php?rest_route=%2Fwp%2Fv2%2Fcomments&post=85249"}],"wp:featuredmedia":[{"embeddable":true,"href":"https:\/\/go-st.vizia.si\/index.php?rest_route=\/wp\/v2\/media\/85273"}],"wp:attachment":[{"href":"https:\/\/go-st.vizia.si\/index.php?rest_route=%2Fwp%2Fv2%2Fmedia&parent=85249"}],"wp:term":[{"taxonomy":"product_brand","embeddable":true,"href":"https:\/\/go-st.vizia.si\/index.php?rest_route=%2Fwp%2Fv2%2Fproduct_brand&post=85249"},{"taxonomy":"product_cat","embeddable":true,"href":"https:\/\/go-st.vizia.si\/index.php?rest_route=%2Fwp%2Fv2%2Fproduct_cat&post=85249"},{"taxonomy":"product_tag","embeddable":true,"href":"https:\/\/go-st.vizia.si\/index.php?rest_route=%2Fwp%2Fv2%2Fproduct_tag&post=85249"}],"curies":[{"name":"wp","href":"https:\/\/api.w.org\/{rel}","templated":true}]}}