{"id":85260,"date":"2026-01-29T18:13:29","date_gmt":"2026-01-29T18:13:29","guid":{"rendered":"https:\/\/go-st.vizia.si\/?post_type=product&#038;p=85260"},"modified":"2026-02-12T09:49:08","modified_gmt":"2026-02-12T09:49:08","slug":"mikrovalovna-pecica-sharp-r-25-am","status":"publish","type":"product","link":"https:\/\/go-st.vizia.si\/?product=mikrovalovna-pecica-sharp-r-25-am","title":{"rendered":"Mikrovalovna pe\u010dica Sharp R-25 AM"},"content":{"rendered":"<p><span>Svojo kuhinjo spremenite v kulinari\u010dno \u010darovnijo! Na\u0161e mikrovalovne pe\u010dice spremenijo kuhanje in segrevanje v u\u017eitek. S sodobnim dizajnom, uporabniku prijaznimi funkcijami in impresivno zmogljivostjo so skrivna sestavina va\u0161ih okusnih stvaritev. Va\u0161 zvesti spremljevalec za okusne trenutke.<\/span><\/p>\n<h3 class=\"desc-headings\">Poudarki<\/h3>\n<ul>\n<li>Stabilno ohi\u0161je iz nerjave\u010dega jekla<\/li>\n<li>Zlo\u017eljiv<\/li>\n<li>Digitalni zaslon<\/li>\n<li>Enostavno upravljanje z vrtljivim gumbom in tipkami<\/li>\n<li>4 stopnje mo\u010di mikrovalovne pe\u010dice<\/li>\n<\/ul>\n<h3 class=\"desc-headings\">Informacije o izdelku<\/h3>\n<ul>\n<li>Nastavitev \u010dasa do 30 minut<\/li>\n<li>Funkcija ponovitve<\/li>\n<li>Kuhalna komora iz nerjave\u010dega jekla s kerami\u010dnim dnom<\/li>\n<li>Prostornina kuhalne komore: 20 l<\/li>\n<\/ul>\n<h3 class=\"desc-headings\">Tehni\u010dne informacije<\/h3>\n<ul>\n<li>Mo\u010d mikrovalovne pe\u010dice: 2100 W<\/li>\n<li>Povezovalna vrednost: 230 V \/ 3,15 KW<\/li>\n<li>Notranje mere: 33 x 33 x 18 cm (\u0160xGxV)<\/li>\n<li>Zunanje mere: 51 x 47 x 33,5 cm (\u0160xGxV)<\/li>\n<\/ul>\n","protected":false},"excerpt":{"rendered":"<p>Priklju\u010dna mo\u010d: 230 V \/ 3,15 KW<br \/>Notranje mere: 33 x 33 x 18 cm (\u0160xGxV)<br \/>Zunanje mere: 51 x 47 x 33,5 cm (\u0160xGxV)<\/p>\n","protected":false},"featured_media":85291,"comment_status":"open","ping_status":"closed","template":"","meta":{"_acf_changed":false},"product_brand":[957],"product_cat":[51],"product_tag":[],"class_list":{"0":"post-85260","1":"product","2":"type-product","3":"status-publish","4":"has-post-thumbnail","6":"product_brand-sharp","7":"product_cat-mikrovalovne-peci","9":"first","10":"instock","11":"shipping-taxable","12":"purchasable","13":"product-type-simple"},"acf":[],"_links":{"self":[{"href":"https:\/\/go-st.vizia.si\/index.php?rest_route=\/wp\/v2\/product\/85260","targetHints":{"allow":["GET"]}}],"collection":[{"href":"https:\/\/go-st.vizia.si\/index.php?rest_route=\/wp\/v2\/product"}],"about":[{"href":"https:\/\/go-st.vizia.si\/index.php?rest_route=\/wp\/v2\/types\/product"}],"replies":[{"embeddable":true,"href":"https:\/\/go-st.vizia.si\/index.php?rest_route=%2Fwp%2Fv2%2Fcomments&post=85260"}],"wp:featuredmedia":[{"embeddable":true,"href":"https:\/\/go-st.vizia.si\/index.php?rest_route=\/wp\/v2\/media\/85291"}],"wp:attachment":[{"href":"https:\/\/go-st.vizia.si\/index.php?rest_route=%2Fwp%2Fv2%2Fmedia&parent=85260"}],"wp:term":[{"taxonomy":"product_brand","embeddable":true,"href":"https:\/\/go-st.vizia.si\/index.php?rest_route=%2Fwp%2Fv2%2Fproduct_brand&post=85260"},{"taxonomy":"product_cat","embeddable":true,"href":"https:\/\/go-st.vizia.si\/index.php?rest_route=%2Fwp%2Fv2%2Fproduct_cat&post=85260"},{"taxonomy":"product_tag","embeddable":true,"href":"https:\/\/go-st.vizia.si\/index.php?rest_route=%2Fwp%2Fv2%2Fproduct_tag&post=85260"}],"curies":[{"name":"wp","href":"https:\/\/api.w.org\/{rel}","templated":true}]}}