{"id":85265,"date":"2026-01-29T18:13:29","date_gmt":"2026-01-29T18:13:29","guid":{"rendered":"https:\/\/go-st.vizia.si\/?post_type=product&#038;p=85265"},"modified":"2026-02-26T08:36:57","modified_gmt":"2026-02-26T08:36:57","slug":"mikrovalovna-pecica-samsung-mj26a6091at","status":"publish","type":"product","link":"https:\/\/go-st.vizia.si\/?product=mikrovalovna-pecica-samsung-mj26a6091at","title":{"rendered":"Mikrovalovna pe\u010dica MJ26A6091AT"},"content":{"rendered":"<p>Preizku\u0161ena kakovost Samsung naredi mikrovalovno pe\u010dico za popolno pomo\u010dnico v va\u0161i kuhinji. Mikrovalovne pe\u010dice so opremljene z najsodobnej\u0161o tehnologijo in visoko zmogljivimi magnetroni, zato so zasnovane za ekstremne obremenitve. Prihranite \u010das in prostor z najvi\u0161jo zmogljivostjo in kompaktno izdelavo. <\/p>\n<h3 class=\"desc-headings\">Poudarki<\/h3>\n<ul>\n<li>Ohi\u0161je in kuhalna komora iz nerjave\u010dega jekla<\/li>\n<li>Zlo\u017eljiva<\/li>\n<li>2 magnetrona zagotavljata enakomeren rezultat kuhanja<\/li>\n<li>Enostavno upravljanje z vrtljivimi gumbi in digitalnim zaslonom<\/li>\n<\/ul>\n<h3 class=\"desc-headings\">Informacije o izdelku<\/h3>\n<ul>\n<li>LED notranja osvetlitev<\/li>\n<li>Gastronorm 2\/3, 26 l<\/li>\n<li>Kuhalna komora 37 x 37 x 19 cm (\u0160xGxV)<\/li>\n<li>5 stopenj mo\u010di mikrovalov (185, 370, 925, 1295 in 1850 W)<\/li>\n<li>Gumb za ponovno segrevanje +20 sekund za hitro ponovno segrevanje hrane<\/li>\n<li>Kuhalna komora iz nerjave\u010dega jekla s kerami\u010dnim dnom<\/li>\n<\/ul>\n<h3 class=\"desc-headings\">Tehni\u010dne informacije<\/h3>\n<ul>\n<li>Mo\u010d mikrovalovne pe\u010dice: 1850 W,<\/li>\n<li>Povezava: 230 V \/ 3,2 KW,<\/li>\n<li>Dimenzije: 46,4 x 55,7 x 36,8 cm (\u0160xGxV)<\/li>\n<\/ul>\n","protected":false},"excerpt":{"rendered":"<p>Mo\u010d mikrovalov: 1850 W,<br \/>Povezovalna vrednost: 230 V \/ 3,2 KW,<br \/>Dimenzije: 46,4 x 55,7 x 36,8 cm (\u0160xGxV)<\/p>\n","protected":false},"featured_media":85304,"comment_status":"open","ping_status":"closed","template":"","meta":{"_acf_changed":false},"product_brand":[958],"product_cat":[51],"product_tag":[],"class_list":{"0":"post-85265","1":"product","2":"type-product","3":"status-publish","4":"has-post-thumbnail","6":"product_brand-samsung","7":"product_cat-mikrovalovne-peci","9":"first","10":"instock","11":"shipping-taxable","12":"purchasable","13":"product-type-simple"},"acf":[],"_links":{"self":[{"href":"https:\/\/go-st.vizia.si\/index.php?rest_route=\/wp\/v2\/product\/85265","targetHints":{"allow":["GET"]}}],"collection":[{"href":"https:\/\/go-st.vizia.si\/index.php?rest_route=\/wp\/v2\/product"}],"about":[{"href":"https:\/\/go-st.vizia.si\/index.php?rest_route=\/wp\/v2\/types\/product"}],"replies":[{"embeddable":true,"href":"https:\/\/go-st.vizia.si\/index.php?rest_route=%2Fwp%2Fv2%2Fcomments&post=85265"}],"wp:featuredmedia":[{"embeddable":true,"href":"https:\/\/go-st.vizia.si\/index.php?rest_route=\/wp\/v2\/media\/85304"}],"wp:attachment":[{"href":"https:\/\/go-st.vizia.si\/index.php?rest_route=%2Fwp%2Fv2%2Fmedia&parent=85265"}],"wp:term":[{"taxonomy":"product_brand","embeddable":true,"href":"https:\/\/go-st.vizia.si\/index.php?rest_route=%2Fwp%2Fv2%2Fproduct_brand&post=85265"},{"taxonomy":"product_cat","embeddable":true,"href":"https:\/\/go-st.vizia.si\/index.php?rest_route=%2Fwp%2Fv2%2Fproduct_cat&post=85265"},{"taxonomy":"product_tag","embeddable":true,"href":"https:\/\/go-st.vizia.si\/index.php?rest_route=%2Fwp%2Fv2%2Fproduct_tag&post=85265"}],"curies":[{"name":"wp","href":"https:\/\/api.w.org\/{rel}","templated":true}]}}