{"id":85266,"date":"2026-01-29T18:13:29","date_gmt":"2026-01-29T18:13:29","guid":{"rendered":"https:\/\/go-st.vizia.si\/?post_type=product&#038;p=85266"},"modified":"2026-02-12T09:49:29","modified_gmt":"2026-02-12T09:49:29","slug":"mikrovalovna-pecica-mj26a6093at","status":"publish","type":"product","link":"https:\/\/go-st.vizia.si\/?product=mikrovalovna-pecica-mj26a6093at","title":{"rendered":"Mikrovalovna pe\u010dica, MJ26A6093AT"},"content":{"rendered":"<p>Preizku\u0161ena kakovost Samsung naredi mikrovalovno pe\u010dico za popolno pomo\u010dnico v va\u0161i kuhinji. Mikrovalovne pe\u010dice so opremljene z najsodobnej\u0161o tehnologijo in visoko zmogljivimi magnetroni, zato so zasnovane za ekstremne obremenitve. Prihranite \u010das in prostor z najvi\u0161jo zmogljivostjo in kompaktno izdelavo. <\/p>\n<h3 class=\"desc-headings\">Poudarki<\/h3>\n<ul>\n<li>Zmogljiva mikrovalovna pe\u010dica s 26-litrskim prostorom za kuhanje<\/li>\n<li>Preizku\u0161ena tehnologija Samsung<\/li>\n<li>Visokokakovostna izdelava \u2013 od profesionalcev za profesionalce<\/li>\n<li>Vsestranska uporaba v profesionalni kuhinji<\/li>\n<li>5 stopenj mo\u010di mikrovalov<\/li>\n<li>Gumb za 20-sekundno ponovno segrevanje za hitro segrevanje jedi<\/li>\n<li>2 magnetrona zagotavljata enakomerne rezultate kuhanja<\/li>\n<li>Uporabniku prijazen zaslon Soft-Touch-Sceen<\/li>\n<li>Enostavno \u010di\u0161\u010denje zahvaljujo\u010d pokrovu, ki je primeren za pomivanje v pomivalnem stroju<\/li>\n<\/ul>\n<h3 class=\"desc-headings\">Informacije o izdelku<\/h3>\n<ul>\n<li>Ohi\u0161je in kuhalna komora iz nerjave\u010dega jekla<\/li>\n<li>Kuhalna komora iz nerjave\u010dega jekla s kerami\u010dnim dnom<\/li>\n<li>Primerno za Gastronorm 2\/3 <\/li>\n<li>Velikost kuhalne komore: 37 x 37 x 19 cm (\u0160xGxV)<\/li>\n<li>5 stopenj mo\u010di \u2013 185, 370, 925, 1295 in 1850 W<\/li>\n<li>Gumb za 20-sekundno ponovno segrevanje <\/li>\n<\/ul>\n<h3 class=\"desc-headings\">Tehni\u010dne informacije<\/h3>\n<ul>\n<li>Mo\u010d mikrovalov: 1850 W<\/li>\n<li>Povezava: 230 V \/ 3,2 KW<\/li>\n<li>Dimenzije: 46,4 x 55,7 x 36,8 cm (\u0160xGxV)<\/li>\n<\/ul>\n","protected":false},"excerpt":{"rendered":"<p>Mo\u010d: 1850 W<br \/>Priklju\u010dna vrednost: 230 V \/ 3,2 KW<br \/>Dimenzije: 46,4 x 55,7 x 36,8 cm (\u0160xGxV)<\/p>\n","protected":false},"featured_media":85305,"comment_status":"open","ping_status":"closed","template":"","meta":{"_acf_changed":false},"product_brand":[],"product_cat":[51],"product_tag":[],"class_list":{"0":"post-85266","1":"product","2":"type-product","3":"status-publish","4":"has-post-thumbnail","6":"product_cat-mikrovalovne-peci","8":"first","9":"instock","10":"shipping-taxable","11":"purchasable","12":"product-type-simple"},"acf":[],"_links":{"self":[{"href":"https:\/\/go-st.vizia.si\/index.php?rest_route=\/wp\/v2\/product\/85266","targetHints":{"allow":["GET"]}}],"collection":[{"href":"https:\/\/go-st.vizia.si\/index.php?rest_route=\/wp\/v2\/product"}],"about":[{"href":"https:\/\/go-st.vizia.si\/index.php?rest_route=\/wp\/v2\/types\/product"}],"replies":[{"embeddable":true,"href":"https:\/\/go-st.vizia.si\/index.php?rest_route=%2Fwp%2Fv2%2Fcomments&post=85266"}],"wp:featuredmedia":[{"embeddable":true,"href":"https:\/\/go-st.vizia.si\/index.php?rest_route=\/wp\/v2\/media\/85305"}],"wp:attachment":[{"href":"https:\/\/go-st.vizia.si\/index.php?rest_route=%2Fwp%2Fv2%2Fmedia&parent=85266"}],"wp:term":[{"taxonomy":"product_brand","embeddable":true,"href":"https:\/\/go-st.vizia.si\/index.php?rest_route=%2Fwp%2Fv2%2Fproduct_brand&post=85266"},{"taxonomy":"product_cat","embeddable":true,"href":"https:\/\/go-st.vizia.si\/index.php?rest_route=%2Fwp%2Fv2%2Fproduct_cat&post=85266"},{"taxonomy":"product_tag","embeddable":true,"href":"https:\/\/go-st.vizia.si\/index.php?rest_route=%2Fwp%2Fv2%2Fproduct_tag&post=85266"}],"curies":[{"name":"wp","href":"https:\/\/api.w.org\/{rel}","templated":true}]}}