{"id":85308,"date":"2026-01-29T18:13:39","date_gmt":"2026-01-29T18:13:39","guid":{"rendered":"https:\/\/go-st.vizia.si\/?post_type=product&#038;p=85308"},"modified":"2026-05-01T21:08:04","modified_gmt":"2026-05-01T21:08:04","slug":"el-parno-konvekcijska-pecica-masterchef-steambox-062he","status":"publish","type":"product","link":"https:\/\/go-st.vizia.si\/?product=el-parno-konvekcijska-pecica-masterchef-steambox-062he","title":{"rendered":"El. parno konvekcijska pe\u010dica, MASTERCHEF STEAMBOX 062HE"},"content":{"rendered":"<p data-start=\"0\" data-end=\"306\"><strong data-start=\"0\" data-end=\"40\">Steambox Masterchef <\/strong>\u00a0je profesionalna parno konvekcijska pe\u010dica priznanega <strong data-start=\"82\" data-end=\"119\">italijanskega proizvajalca Giorik<\/strong>, ki je znan po razvoju napredne gostinske opreme za profesionalne kuhinje. Namenjena je zahtevnim okoljem, kjer so klju\u010dni zanesljivost, natan\u010dnost, higiena in u\u010dinkovita priprava hrane.<\/p>\n<p data-start=\"308\" data-end=\"552\">Zdru\u017euje konvekcijsko peko, peko s paro, kuhanje in napredne nadzorne sisteme, ki omogo\u010dajo dosledne rezultate pri razli\u010dnih na\u010dinih priprave. Zaradi premi\u0161ljene zasnove in tehnolo\u0161ke dovr\u0161enosti predstavlja u\u010dinkovito re\u0161itev za sodobne profesionalne kuhinje.<\/p>\n<p data-start=\"554\" data-end=\"854\">Ohi\u0161je in notranjost sta izdelana iz kakovostnega <strong data-start=\"604\" data-end=\"634\">nerjave\u010dega jekla AISI 304<\/strong>, ki zagotavlja visoko odpornost, dolgo \u017eivljenjsko dobo ter enostavno \u010di\u0161\u010denje. Komora z zaobljenimi robovi izbolj\u0161uje higieno, dvojno zastekljena prezra\u010devana vrata pa prispevajo k varnosti in energetski u\u010dinkovitosti.<\/p>\n<p data-start=\"554\" data-end=\"854\">Intuitiven 10-pal\u010dni zaslon na dotik omogo\u010da enostavno upravljanje, ustvarjanje personaliziranih programov in popoln nadzor nad do 9 fazami priprave.<\/p>\n<h3 data-section-id=\"1bg1veu\" data-start=\"856\" data-end=\"888\">Klju\u010dni sistemi in funkcije:<\/h3>\n<ul data-start=\"889\" data-end=\"1824\">\n<li data-section-id=\"1mwmpk9\" data-start=\"889\" data-end=\"1032\"><strong data-start=\"891\" data-end=\"921\">Symbiotic Steam Technology<\/strong> \u2013 kombinacija proizvodnje pare s pomo\u010djo bojlerja in direktnega brizga ustvarjanja pare za u\u010dinkovito delovanje in optimalno kakovost pare<\/li>\n<li data-section-id=\"mahk4k\" data-start=\"1033\" data-end=\"1102\"><strong data-start=\"1035\" data-end=\"1051\">Meteo System<\/strong> \u2013 samodejni nadzor in uravnavanje vlage v komori<\/li>\n<li data-section-id=\"rkzzmt\" data-start=\"1103\" data-end=\"1187\"><strong data-start=\"1105\" data-end=\"1120\">Steam Tuner<\/strong> \u2013 nastavitev stopnje suhe ali mokre pare glede na vrsto priprave<\/li>\n<li data-section-id=\"1q8ua9y\" data-start=\"1188\" data-end=\"1270\"><strong data-start=\"1190\" data-end=\"1205\">RecipeTuner<\/strong> \u2013 prilagoditev programov glede na pe\u010denje, vlago in zape\u010denost<\/li>\n<li data-section-id=\"m3lpsn\" data-start=\"1271\" data-end=\"1347\"><strong data-start=\"1273\" data-end=\"1290\">Smart Cooking<\/strong> \u2013 poenostavljena izbira programov glede na vrsto hrane<\/li>\n<li data-section-id=\"8rczex\" data-start=\"1348\" data-end=\"1452\"><strong data-start=\"1350\" data-end=\"1380\">Rack Control \/ EasyService<\/strong> \u2013 priprava razli\u010dnih jedi hkrati na ve\u010d nivojih z usklajeno postre\u017ebo<\/li>\n<li data-section-id=\"1ulurqe\" data-start=\"1453\" data-end=\"1527\"><strong data-start=\"1455\" data-end=\"1474\">Delta T Cooking<\/strong><\/li>\n<li data-section-id=\"1y5r5yv\" data-start=\"1528\" data-end=\"1578\"><strong data-start=\"1530\" data-end=\"1544\">Core Probe<\/strong> \u2013 priprava hrane z jedrno sondo<\/li>\n<li data-section-id=\"mkgv9t\" data-start=\"1579\" data-end=\"1651\"><strong data-start=\"1581\" data-end=\"1604\">Inverter Fan System<\/strong> \u2013 ve\u010dstopenjsko prilagodljivo dvosmerno kro\u017eenje zraka<\/li>\n<li data-section-id=\"nq9nw6\" data-start=\"1652\" data-end=\"1738\"><strong data-start=\"1654\" data-end=\"1682\">Automatic Washing System<\/strong> \u2013 avtomatsko \u010di\u0161\u010denje in odstranjevanje vodnega kamna (mo\u017ena uporaba teko\u010dih in tabletiranih \u010distil)<\/li>\n<li data-section-id=\"15qnrzv\" data-start=\"1739\" data-end=\"1824\"><strong data-start=\"1741\" data-end=\"1769\">Wi-Fi &amp; USB Connectivity<\/strong> \u2013 shranjevanje receptov, posodobitve in povezljivost<\/li>\n<li data-section-id=\"15qnrzv\" data-start=\"1739\" data-end=\"1824\"><b>12 Na\u010dinov priprave hrane: <\/b>Kuhanje, kombinacijo (para\/konvekcija), grill\/\u017ear, pe\u010denje, cvrtje, du\u0161enje, gratiniranje, peka pekarskih izdelkov in peciva, pripravo rib, peko jaj\u010dnih jedi, regeneracija in dimljenje (opcijsko)<\/li>\n<li data-section-id=\"15qnrzv\" data-start=\"1739\" data-end=\"1824\"><strong>Avtomatsko polnjenje<\/strong>, praznjenje in \u010di\u0161\u010denje bojlerja<\/li>\n<li data-section-id=\"15qnrzv\" data-start=\"1739\" data-end=\"1824\"><strong>Integriran ro\u010den tu\u0161<\/strong> s samodejnim povratnim navijanjem, vodno zaporo in ve\u010dstopenjskim izvlekom<\/li>\n<li><strong>Cool Down funkcija<\/strong> za hitro ohlajanje in prehodu iz ene faze v drugo<\/li>\n<li><strong>USB priklju\u010dek<\/strong> za prenos podatkov iz pe\u010dice na ra\u010dunalnik ali drugo pe\u010dico<\/li>\n<li><strong>HACCP avtomati\u010dno dokumentiranje podatkov<\/strong> in prenos preko USB klju\u010dka<\/li>\n<li><strong>Avtomatski servisno diagnosti\u010dni center<\/strong><\/li>\n<li data-section-id=\"15qnrzv\" data-start=\"1739\" data-end=\"1824\"><strong>Integriran ro\u010den tu\u0161<\/strong> s samodejnim povratnim navijanjem, vodno zaporo in ve\u010dstopenjskim izvlekom<\/li>\n<li><strong>LED osvetlitev<\/strong> kuhalne komore<\/li>\n<li><strong>Enostavno zamenljivo tesnilo na vratih<\/strong><\/li>\n<li><strong>Mo\u017enost levega in desnega odpiranja vrat<\/strong> (ob naro\u010dilu)<\/li>\n<li><strong>Ergonomsko in enoro\u010dno odpiranje\/zapiranje vrat<\/strong><\/li>\n<\/ul>\n<h3 data-section-id=\"1p6hsyg\" data-start=\"1826\" data-end=\"1847\">Primerna uporaba:<\/h3>\n<ul data-start=\"1848\" data-end=\"1951\">\n<li data-section-id=\"ul3b2x\" data-start=\"1848\" data-end=\"1864\">restavracije<\/li>\n<li data-section-id=\"n3extn\" data-start=\"1865\" data-end=\"1875\">hoteli<\/li>\n<li data-section-id=\"86gy1\" data-start=\"1876\" data-end=\"1888\">catering<\/li>\n<li data-section-id=\"aigy7b\" data-start=\"1889\" data-end=\"1915\">pekarne in sla\u0161\u010di\u010darne<\/li>\n<li data-section-id=\"805g6p\" data-start=\"1916\" data-end=\"1925\">menze<\/li>\n<li data-section-id=\"yxxh0l\" data-start=\"1926\" data-end=\"1951\">kme\u010dki turizmi<\/li>\n<\/ul>\n<p data-start=\"1953\" data-end=\"2240\" data-is-last-node=\"\" data-is-only-node=\"\"><strong>Giorik Steambox Masterchef <\/strong> je zasnovana za profesionalce, ki potrebujejo zanesljivo, tehnolo\u0161ko napredno in trajno re\u0161itev za vsakodnevno intenzivno uporabo. Italijanska kakovost izdelave, napredni sistemi ter osredoto\u010denost na u\u010dinkovitost jo uvr\u0161\u010dajo med dovr\u0161ene re\u0161itve za sodobno gastronomijo.<\/p>\n","protected":false},"excerpt":{"rendered":"<p>Kapaciteta: 6 x GN2\/1<\/p>\n<p>Vgrajen bojler za proizvodnjo pare<\/p>\n<p>Upravljanje s pomo\u010djo zaslona na dotik<\/p>\n","protected":false},"featured_media":85332,"comment_status":"open","ping_status":"closed","template":"","meta":{"_acf_changed":false},"product_brand":[18],"product_cat":[17],"product_tag":[],"class_list":{"0":"post-85308","1":"product","2":"type-product","3":"status-publish","4":"has-post-thumbnail","6":"product_brand-giorik","7":"product_cat-parno-konvekcijske-peci","9":"first","10":"instock","11":"shipping-taxable","12":"purchasable","13":"product-type-simple"},"acf":[],"_links":{"self":[{"href":"https:\/\/go-st.vizia.si\/index.php?rest_route=\/wp\/v2\/product\/85308","targetHints":{"allow":["GET"]}}],"collection":[{"href":"https:\/\/go-st.vizia.si\/index.php?rest_route=\/wp\/v2\/product"}],"about":[{"href":"https:\/\/go-st.vizia.si\/index.php?rest_route=\/wp\/v2\/types\/product"}],"replies":[{"embeddable":true,"href":"https:\/\/go-st.vizia.si\/index.php?rest_route=%2Fwp%2Fv2%2Fcomments&post=85308"}],"wp:featuredmedia":[{"embeddable":true,"href":"https:\/\/go-st.vizia.si\/index.php?rest_route=\/wp\/v2\/media\/85332"}],"wp:attachment":[{"href":"https:\/\/go-st.vizia.si\/index.php?rest_route=%2Fwp%2Fv2%2Fmedia&parent=85308"}],"wp:term":[{"taxonomy":"product_brand","embeddable":true,"href":"https:\/\/go-st.vizia.si\/index.php?rest_route=%2Fwp%2Fv2%2Fproduct_brand&post=85308"},{"taxonomy":"product_cat","embeddable":true,"href":"https:\/\/go-st.vizia.si\/index.php?rest_route=%2Fwp%2Fv2%2Fproduct_cat&post=85308"},{"taxonomy":"product_tag","embeddable":true,"href":"https:\/\/go-st.vizia.si\/index.php?rest_route=%2Fwp%2Fv2%2Fproduct_tag&post=85308"}],"curies":[{"name":"wp","href":"https:\/\/api.w.org\/{rel}","templated":true}]}}