{"id":85309,"date":"2026-01-29T18:13:39","date_gmt":"2026-01-29T18:13:39","guid":{"rendered":"https:\/\/go-st.vizia.si\/?post_type=product&#038;p=85309"},"modified":"2026-02-11T07:38:11","modified_gmt":"2026-02-11T07:38:11","slug":"el-parno-konvekcijska-pecica-masterchef-steambox-102he","status":"publish","type":"product","link":"https:\/\/go-st.vizia.si\/?product=el-parno-konvekcijska-pecica-masterchef-steambox-102he","title":{"rendered":"El. parno konvekcijska pe\u010dica, MASTERCHEF STEAMBOX 102HE"},"content":{"rendered":"<p>Konstrukcija iz nerjave\u010dega jekla, prostoren kuhalni prostor z zaobljenimi vogali, dvojno zastekljena vrata z nagibnim notranjim steklom, 10\" zaslon na dotik, do 9 kuharskih faz na program, temperaturno obmo\u010dje 30 \u00b0C \u2013 300 \u00b0C, vro\u010di zrak, para in kombinirani na\u010din delovanja, 6-stopenjski ventilator z avtomatskim obratnim delovanjem, sonda za merjenje sredi\u0161\u010dne temperature, izvle\u010dna ro\u010dna prha, avtomatsko \u010di\u0161\u010denje, USB- &amp; Wi-Fi-priklju\u010dek, LED osvetlitev, nastavljive noge. . Razmak med vodili: 7 cm Kapaciteta kuhalnega prostora: 10 x GN 2\/1 Dimenzije kuhalnega prostora:<br \/>63,7 x 73 x 75 cm (\u0160xGxV) Elektri\u010dni priklju\u010dek: 400 V \/ 28,3 kW Globina z ro\u010dajem: 92,5 cm<br \/>Mere: 112 x 84,5 x 111,5\/116 cm (\u0160xGxV)<\/p>\n","protected":false},"excerpt":{"rendered":"<p>Konstrukcija iz nerjave\u010dega jekla, prostoren kuhalni prostor z zaobljenimi vogali, dvojno zastekljena vrata z nagibnim notranjim steklom, 10\" zaslon na dotik, do 9 kuharskih faz na program, temperaturno obmo\u010dje 30 \u00b0C \u2013 300 \u00b0C, vro\u010di zrak, para in kombinirani na\u010din delovanja, 6-stopenjski ventilator z avtomatskim obratnim delovanjem, sonda za merjenje sredi\u0161\u010dne temperature, izvle\u010dna ro\u010dna prha, [&hellip;]<\/p>\n","protected":false},"featured_media":85333,"comment_status":"open","ping_status":"closed","template":"","meta":{"_acf_changed":false},"product_brand":[18],"product_cat":[17],"product_tag":[],"class_list":{"0":"post-85309","1":"product","2":"type-product","3":"status-publish","4":"has-post-thumbnail","6":"product_brand-giorik","7":"product_cat-parno-konvekcijske-peci","9":"first","10":"instock","11":"shipping-taxable","12":"purchasable","13":"product-type-simple"},"acf":[],"_links":{"self":[{"href":"https:\/\/go-st.vizia.si\/index.php?rest_route=\/wp\/v2\/product\/85309","targetHints":{"allow":["GET"]}}],"collection":[{"href":"https:\/\/go-st.vizia.si\/index.php?rest_route=\/wp\/v2\/product"}],"about":[{"href":"https:\/\/go-st.vizia.si\/index.php?rest_route=\/wp\/v2\/types\/product"}],"replies":[{"embeddable":true,"href":"https:\/\/go-st.vizia.si\/index.php?rest_route=%2Fwp%2Fv2%2Fcomments&post=85309"}],"wp:featuredmedia":[{"embeddable":true,"href":"https:\/\/go-st.vizia.si\/index.php?rest_route=\/wp\/v2\/media\/85333"}],"wp:attachment":[{"href":"https:\/\/go-st.vizia.si\/index.php?rest_route=%2Fwp%2Fv2%2Fmedia&parent=85309"}],"wp:term":[{"taxonomy":"product_brand","embeddable":true,"href":"https:\/\/go-st.vizia.si\/index.php?rest_route=%2Fwp%2Fv2%2Fproduct_brand&post=85309"},{"taxonomy":"product_cat","embeddable":true,"href":"https:\/\/go-st.vizia.si\/index.php?rest_route=%2Fwp%2Fv2%2Fproduct_cat&post=85309"},{"taxonomy":"product_tag","embeddable":true,"href":"https:\/\/go-st.vizia.si\/index.php?rest_route=%2Fwp%2Fv2%2Fproduct_tag&post=85309"}],"curies":[{"name":"wp","href":"https:\/\/api.w.org\/{rel}","templated":true}]}}