{"id":85312,"date":"2026-01-29T18:13:39","date_gmt":"2026-01-29T18:13:39","guid":{"rendered":"https:\/\/go-st.vizia.si\/?post_type=product&#038;p=85312"},"modified":"2026-02-11T07:38:11","modified_gmt":"2026-02-11T07:38:11","slug":"el-parno-konvekcijska-pecica-masterchef-minitouch-061w","status":"publish","type":"product","link":"https:\/\/go-st.vizia.si\/?product=el-parno-konvekcijska-pecica-masterchef-minitouch-061w","title":{"rendered":"El. parno konvekcijska pe\u010dica, MASTERCHEF MINITOUCH 061W"},"content":{"rendered":"<p>Konstrukcija iz nerjave\u010dega jekla, 5\" zaslon na dotik,<br \/>vnaprej nastavljeni in prilagodljivi programi, do 9 kuharskih faz, 50\u00b0C \u2013 300\u00b0C, vro\u010di zrak, para in kombinirano delovanje, merjenje sredi\u0161\u010dne temperature, nadzor vlage, nastavljive stopnje ventilatorja, so\u010dasno kuhanje brez prenosa okusa, dvojno zastekljena vrata, avtomatski \u010distilni sistem, funkcija \u201eOne Touch\", USB-priklju\u010dek,<br \/>LED osvetlitev, nastavljive noge.<br \/>Razmak med vodili: 3 cm<br \/>Kapaciteta kuhalnega prostora: 6 x GN 1\/1<br \/>Dimenzije kuhalnega prostora: 38 x 54 x 37 cm (\u0160xGxV)<br \/>Elektri\u010dni priklju\u010dek: 400 V \/ 6,9 kW<br \/>Globina z ro\u010dajem: 86,5 cm<br \/>Mere: 52 x 80,6 x 77\/79,2 cm (\u0160xGxV)<\/p>\n","protected":false},"excerpt":{"rendered":"<p>Konstrukcija iz nerjave\u010dega jekla, 5\" zaslon na dotik,vnaprej nastavljeni in prilagodljivi programi, do 9 kuharskih faz, 50\u00b0C \u2013 300\u00b0C, vro\u010di zrak, para in kombinirano delovanje, merjenje sredi\u0161\u010dne temperature, nadzor vlage, nastavljive stopnje ventilatorja, so\u010dasno kuhanje brez prenosa okusa, dvojno zastekljena vrata, avtomatski \u010distilni sistem, funkcija \u201eOne Touch\", USB-priklju\u010dek,LED osvetlitev, nastavljive noge.Razmak med vodili: 3 cmKapaciteta [&hellip;]<\/p>\n","protected":false},"featured_media":85336,"comment_status":"open","ping_status":"closed","template":"","meta":{"_acf_changed":false},"product_brand":[18],"product_cat":[17],"product_tag":[],"class_list":{"0":"post-85312","1":"product","2":"type-product","3":"status-publish","4":"has-post-thumbnail","6":"product_brand-giorik","7":"product_cat-parno-konvekcijske-peci","9":"first","10":"instock","11":"shipping-taxable","12":"purchasable","13":"product-type-simple"},"acf":[],"_links":{"self":[{"href":"https:\/\/go-st.vizia.si\/index.php?rest_route=\/wp\/v2\/product\/85312","targetHints":{"allow":["GET"]}}],"collection":[{"href":"https:\/\/go-st.vizia.si\/index.php?rest_route=\/wp\/v2\/product"}],"about":[{"href":"https:\/\/go-st.vizia.si\/index.php?rest_route=\/wp\/v2\/types\/product"}],"replies":[{"embeddable":true,"href":"https:\/\/go-st.vizia.si\/index.php?rest_route=%2Fwp%2Fv2%2Fcomments&post=85312"}],"wp:featuredmedia":[{"embeddable":true,"href":"https:\/\/go-st.vizia.si\/index.php?rest_route=\/wp\/v2\/media\/85336"}],"wp:attachment":[{"href":"https:\/\/go-st.vizia.si\/index.php?rest_route=%2Fwp%2Fv2%2Fmedia&parent=85312"}],"wp:term":[{"taxonomy":"product_brand","embeddable":true,"href":"https:\/\/go-st.vizia.si\/index.php?rest_route=%2Fwp%2Fv2%2Fproduct_brand&post=85312"},{"taxonomy":"product_cat","embeddable":true,"href":"https:\/\/go-st.vizia.si\/index.php?rest_route=%2Fwp%2Fv2%2Fproduct_cat&post=85312"},{"taxonomy":"product_tag","embeddable":true,"href":"https:\/\/go-st.vizia.si\/index.php?rest_route=%2Fwp%2Fv2%2Fproduct_tag&post=85312"}],"curies":[{"name":"wp","href":"https:\/\/api.w.org\/{rel}","templated":true}]}}