{"id":85324,"date":"2026-01-29T18:13:39","date_gmt":"2026-01-29T18:13:39","guid":{"rendered":"https:\/\/go-st.vizia.si\/?post_type=product&#038;p=85324"},"modified":"2026-02-11T07:38:12","modified_gmt":"2026-02-11T07:38:12","slug":"hobart-combi-plus-101e","status":"publish","type":"product","link":"https:\/\/go-st.vizia.si\/?product=hobart-combi-plus-101e","title":{"rendered":"HOBART COMBI-PLUS 101E"},"content":{"rendered":"<p>Zelo enostavno upravljanje in nizka poraba energije.<\/p>\n<p>Kapaciteta 10x GN1\/1 Kuhanje, pe\u010denje, kombinacija Upravljanje na zaslon na dotik Avtomatski samo\u010distilni sistem Elektri\u010dni priklju\u010dek Dimenzije: 920x846x1069 mm Priklju\u010dna mo\u010d: 400V\/15.300W <\/p>\n","protected":false},"excerpt":{"rendered":"<p>Zelo enostavno upravljanje in nizka poraba energije.<\/p>\n<p>Kapaciteta 10x GN1\/1 Kuhanje, pe\u010denje, kombinacija Upravljanje na zaslon na dotik Avtomatski samo\u010distilni sistem Elektri\u010dni priklju\u010dek Dimenzije: 920x846x1069 mm Priklju\u010dna mo\u010d: 400V\/15.300W <\/p>\n","protected":false},"featured_media":85364,"comment_status":"open","ping_status":"closed","template":"","meta":{"_acf_changed":false},"product_brand":[],"product_cat":[17],"product_tag":[],"class_list":{"0":"post-85324","1":"product","2":"type-product","3":"status-publish","4":"has-post-thumbnail","6":"product_cat-parno-konvekcijske-peci","8":"first","9":"instock","10":"shipping-taxable","11":"purchasable","12":"product-type-simple"},"acf":[],"_links":{"self":[{"href":"https:\/\/go-st.vizia.si\/index.php?rest_route=\/wp\/v2\/product\/85324","targetHints":{"allow":["GET"]}}],"collection":[{"href":"https:\/\/go-st.vizia.si\/index.php?rest_route=\/wp\/v2\/product"}],"about":[{"href":"https:\/\/go-st.vizia.si\/index.php?rest_route=\/wp\/v2\/types\/product"}],"replies":[{"embeddable":true,"href":"https:\/\/go-st.vizia.si\/index.php?rest_route=%2Fwp%2Fv2%2Fcomments&post=85324"}],"wp:featuredmedia":[{"embeddable":true,"href":"https:\/\/go-st.vizia.si\/index.php?rest_route=\/wp\/v2\/media\/85364"}],"wp:attachment":[{"href":"https:\/\/go-st.vizia.si\/index.php?rest_route=%2Fwp%2Fv2%2Fmedia&parent=85324"}],"wp:term":[{"taxonomy":"product_brand","embeddable":true,"href":"https:\/\/go-st.vizia.si\/index.php?rest_route=%2Fwp%2Fv2%2Fproduct_brand&post=85324"},{"taxonomy":"product_cat","embeddable":true,"href":"https:\/\/go-st.vizia.si\/index.php?rest_route=%2Fwp%2Fv2%2Fproduct_cat&post=85324"},{"taxonomy":"product_tag","embeddable":true,"href":"https:\/\/go-st.vizia.si\/index.php?rest_route=%2Fwp%2Fv2%2Fproduct_tag&post=85324"}],"curies":[{"name":"wp","href":"https:\/\/api.w.org\/{rel}","templated":true}]}}