{"id":85329,"date":"2026-01-29T18:13:39","date_gmt":"2026-01-29T18:13:39","guid":{"rendered":"https:\/\/go-st.vizia.si\/?post_type=product&#038;p=85329"},"modified":"2026-02-11T07:38:12","modified_gmt":"2026-02-11T07:38:12","slug":"chefs-combi-twin","status":"publish","type":"product","link":"https:\/\/go-st.vizia.si\/?product=chefs-combi-twin","title":{"rendered":"CHEF\u2018S COMBI TWIN"},"content":{"rendered":"<p>Ve\u010dnamenska kuhinjska oprema \"vse v enem\": konvekcija, kuhanje s paro, pe\u010denje, \u017ear, peka, cvrtje z zrakom, po\u0161iranje, kuhanje na nizki temperaturi, odmrzovanje, regeneracija, vzdr\u017eevanje temperature.<\/p>\n<p>Napredne kuharske tehnologije za vrhunske rezultate kuhanja: z mo\u010dnimi grelnimi elementi, senzorjem lambda za nadzor klime, zmogljivim razvla\u017eevanjem, nadzorovano enakomerno porazdelitvijo toplote in funkcijo vla\u017eenja.<\/p>\n<p><strong>COMBI OS:<\/strong> Inovativna zasnova upravljanja, ki temelji na uporabi pametnega telefona, s hitrim procesorjem v ozadju, kar omogo\u010da intuitivno in zelo odzivno delovanje. Uporabni\u0161ki vmesnik je mogo\u010de enostavno prilagoditi osebnim \u017eeljam.<\/p>\n<p><strong>COMBI CLIMATE CONTROL:<\/strong> Toplota se enakomerno in po potrebi mo\u010dno porazdeli v kuhalni komori, kar zagotavlja najbolj\u0161e rezultate kuhanja, tudi ob polni obremenitvi. Sve\u017ea para prihaja iz generatorja pare, zmogljivo razvla\u017eevanje pa omogo\u010da \u017eeleno hrustljavost.<\/p>\n<p><strong>AUTO CLIMATE:<\/strong> Podpira uporabnika pri ro\u010dnem kuhanju, \u010de je to potrebno. AUTO CLIMATE nastavi primerno kuharsko klimo glede na nastavljeno temperaturo kuhalne komore.<\/p>\n<p><strong>COMBI GUIDE:<\/strong> Preprost kuharski pomo\u010dnik za ponovljive rezultate kuhanja, ne glede na to, kdo je za krmilom. Uporabnik dolo\u010di, kako naj bo hrana pripravljena, COMBI GUIDE pa samodejno nastavi idealno kuharsko klimo. Zaznavanje obremenitve naredi ustrezne prilagoditve, uporabnik pa lahko po potrebi kadarkoli pose\u017ee.<\/p>\n<p><strong>MENU MIX:<\/strong> Spremlja vsak nivo do sekunde natan\u010dno. Preprosto nalo\u017eite hrano, nastavite \u010dasovnik in CHEF'S COMBI vas bo obvestil, ko je hrana pripravljena. MENU MIX lahko poka\u017ee, katere jedi se najbolje ujemajo, in seveda lahko na\u010drtujete in shranite tudi me\u0161ane obremenitve.<\/p>\n<p><strong>COMBI CARE<\/strong>: Samodejni sistem \u010di\u0161\u010denja z zaznavanjem umazanosti in \u010di\u0161\u010dilnimi programi, ki se lahko idealno prilagodijo stopnji umazanosti. Uporaba trdnih \u010distilnih tablet in enostavnih pal\u010dk za nego.<\/p>\n","protected":false},"excerpt":{"rendered":"<p>Ve\u010dnamenska kuhinjska oprema \"vse v enem\": konvekcija, kuhanje s paro, pe\u010denje, \u017ear, peka, cvrtje z zrakom, po\u0161iranje, kuhanje na nizki temperaturi, odmrzovanje, regeneracija, vzdr\u017eevanje temperature. Napredne kuharske tehnologije za vrhunske rezultate kuhanja: z mo\u010dnimi grelnimi elementi, senzorjem lambda za nadzor klime, zmogljivim razvla\u017eevanjem, nadzorovano enakomerno porazdelitvijo toplote in funkcijo vla\u017eenja. COMBI OS: Inovativna zasnova upravljanja, [&hellip;]<\/p>\n","protected":false},"featured_media":85365,"comment_status":"open","ping_status":"closed","template":"","meta":{"_acf_changed":false},"product_brand":[],"product_cat":[17],"product_tag":[],"class_list":{"0":"post-85329","1":"product","2":"type-product","3":"status-publish","4":"has-post-thumbnail","6":"product_cat-parno-konvekcijske-peci","8":"first","9":"instock","10":"shipping-taxable","11":"purchasable","12":"product-type-simple"},"acf":[],"_links":{"self":[{"href":"https:\/\/go-st.vizia.si\/index.php?rest_route=\/wp\/v2\/product\/85329","targetHints":{"allow":["GET"]}}],"collection":[{"href":"https:\/\/go-st.vizia.si\/index.php?rest_route=\/wp\/v2\/product"}],"about":[{"href":"https:\/\/go-st.vizia.si\/index.php?rest_route=\/wp\/v2\/types\/product"}],"replies":[{"embeddable":true,"href":"https:\/\/go-st.vizia.si\/index.php?rest_route=%2Fwp%2Fv2%2Fcomments&post=85329"}],"wp:featuredmedia":[{"embeddable":true,"href":"https:\/\/go-st.vizia.si\/index.php?rest_route=\/wp\/v2\/media\/85365"}],"wp:attachment":[{"href":"https:\/\/go-st.vizia.si\/index.php?rest_route=%2Fwp%2Fv2%2Fmedia&parent=85329"}],"wp:term":[{"taxonomy":"product_brand","embeddable":true,"href":"https:\/\/go-st.vizia.si\/index.php?rest_route=%2Fwp%2Fv2%2Fproduct_brand&post=85329"},{"taxonomy":"product_cat","embeddable":true,"href":"https:\/\/go-st.vizia.si\/index.php?rest_route=%2Fwp%2Fv2%2Fproduct_cat&post=85329"},{"taxonomy":"product_tag","embeddable":true,"href":"https:\/\/go-st.vizia.si\/index.php?rest_route=%2Fwp%2Fv2%2Fproduct_tag&post=85329"}],"curies":[{"name":"wp","href":"https:\/\/api.w.org\/{rel}","templated":true}]}}