{"id":85399,"date":"2026-01-29T18:13:51","date_gmt":"2026-01-29T18:13:51","guid":{"rendered":"https:\/\/go-st.vizia.si\/?post_type=product&#038;p=85399"},"modified":"2026-02-11T07:38:17","modified_gmt":"2026-02-11T07:38:17","slug":"izpiralno-sredstvo-za-konvekcijske-peci-gt-con","status":"publish","type":"product","link":"https:\/\/go-st.vizia.si\/?product=izpiralno-sredstvo-za-konvekcijske-peci-gt-con","title":{"rendered":"Izpiralno sredstvo za konvekcijske pe\u010di Gt Con"},"content":{"rendered":"<p class=\"MsoNormal\"><!--[if gte mso 9]><xml> <o:OfficeDocumentSettings>  <o:AllowPNG><\/o:AllowPNG> <\/o:OfficeDocumentSettings><\/xml><![endif]--><!--[if gte mso 9]><xml> <w:WordDocument>  <w:View>Normal<\/w:View>  <w:Zoom>0<\/w:Zoom>  <w:TrackMoves><\/w:TrackMoves>  <w:TrackFormatting><\/w:TrackFormatting>  <w:HyphenationZone>21<\/w:HyphenationZone>  <w:PunctuationKerning><\/w:PunctuationKerning>  <w:ValidateAgainstSchemas><\/w:ValidateAgainstSchemas>  <w:SaveIfXMLInvalid>false<\/w:SaveIfXMLInvalid>  <w:IgnoreMixedContent>false<\/w:IgnoreMixedContent>  <w:AlwaysShowPlaceholderText>false<\/w:AlwaysShowPlaceholderText>  <w:DoNotPromoteQF><\/w:DoNotPromoteQF>  <w:LidThemeOther>SL<\/w:LidThemeOther>  <w:LidThemeAsian>X-NONE<\/w:LidThemeAsian>  <w:LidThemeComplexScript>X-NONE<\/w:LidThemeComplexScript>  <w:Compatibility>   <w:BreakWrappedTables><\/w:BreakWrappedTables>   <w:SnapToGridInCell><\/w:SnapToGridInCell>   <w:WrapTextWithPunct><\/w:WrapTextWithPunct>   <w:UseAsianBreakRules><\/w:UseAsianBreakRules>   <w:DontGrowAutofit><\/w:DontGrowAutofit>   <w:SplitPgBreakAndParaMark><\/w:SplitPgBreakAndParaMark>   <w:EnableOpenTypeKerning><\/w:EnableOpenTypeKerning>   <w:DontFlipMirrorIndents><\/w:DontFlipMirrorIndents>   <w:OverrideTableStyleHps><\/w:OverrideTableStyleHps>  <\/w:Compatibility>  <m:mathPr>   <m:mathFont m:val=\"Cambria Math\"><\/m:mathFont>   <m:brkBin m:val=\"before\"><\/m:brkBin>   <m:brkBinSub m:val=\"&#45;-\"><\/m:brkBinSub>   <m:smallFrac m:val=\"off\"><\/m:smallFrac>   <m:dispDef><\/m:dispDef>   <m:lMargin m:val=\"0\"><\/m:lMargin>   <m:rMargin m:val=\"0\"><\/m:rMargin>   <m:defJc m:val=\"centerGroup\"><\/m:defJc>   <m:wrapIndent m:val=\"1440\"><\/m:wrapIndent>   <m:intLim m:val=\"subSup\"><\/m:intLim>   <m:naryLim m:val=\"undOvr\"><\/m:naryLim>  <\/m:mathPr><\/w:WordDocument><\/xml><![endif]--><span style=\"mso-bidi-font-weight:bold\">Gt Con<b> <\/b><\/span>jesredstvo za strojno izpiranje konvekcijskih pe\u010di. Zagotavlja popolno izpiranjein hitro su\u0161enje povr\u0161in.<\/p>\n","protected":false},"excerpt":{"rendered":"<p>Gt Con jesredstvo za strojno izpiranje konvekcijskih pe\u010di. Zagotavlja popolno izpiranjein hitro su\u0161enje povr\u0161in.<\/p>\n","protected":false},"featured_media":85446,"comment_status":"open","ping_status":"closed","template":"","meta":{"_acf_changed":false},"product_brand":[1011],"product_cat":[54],"product_tag":[],"class_list":{"0":"post-85399","1":"product","2":"type-product","3":"status-publish","4":"has-post-thumbnail","6":"product_brand-gastro-higiena","7":"product_cat-cistila","9":"first","10":"instock","11":"shipping-taxable","12":"purchasable","13":"product-type-simple"},"acf":[],"_links":{"self":[{"href":"https:\/\/go-st.vizia.si\/index.php?rest_route=\/wp\/v2\/product\/85399","targetHints":{"allow":["GET"]}}],"collection":[{"href":"https:\/\/go-st.vizia.si\/index.php?rest_route=\/wp\/v2\/product"}],"about":[{"href":"https:\/\/go-st.vizia.si\/index.php?rest_route=\/wp\/v2\/types\/product"}],"replies":[{"embeddable":true,"href":"https:\/\/go-st.vizia.si\/index.php?rest_route=%2Fwp%2Fv2%2Fcomments&post=85399"}],"wp:featuredmedia":[{"embeddable":true,"href":"https:\/\/go-st.vizia.si\/index.php?rest_route=\/wp\/v2\/media\/85446"}],"wp:attachment":[{"href":"https:\/\/go-st.vizia.si\/index.php?rest_route=%2Fwp%2Fv2%2Fmedia&parent=85399"}],"wp:term":[{"taxonomy":"product_brand","embeddable":true,"href":"https:\/\/go-st.vizia.si\/index.php?rest_route=%2Fwp%2Fv2%2Fproduct_brand&post=85399"},{"taxonomy":"product_cat","embeddable":true,"href":"https:\/\/go-st.vizia.si\/index.php?rest_route=%2Fwp%2Fv2%2Fproduct_cat&post=85399"},{"taxonomy":"product_tag","embeddable":true,"href":"https:\/\/go-st.vizia.si\/index.php?rest_route=%2Fwp%2Fv2%2Fproduct_tag&post=85399"}],"curies":[{"name":"wp","href":"https:\/\/api.w.org\/{rel}","templated":true}]}}