{"id":85473,"date":"2026-01-29T18:14:02","date_gmt":"2026-01-29T18:14:02","guid":{"rendered":"https:\/\/go-st.vizia.si\/?post_type=product&#038;p=85473"},"modified":"2026-02-11T07:38:17","modified_gmt":"2026-02-11T07:38:17","slug":"x-mac-i-sredstvo-za-odstranjevanje-mascob","status":"publish","type":"product","link":"https:\/\/go-st.vizia.si\/?product=x-mac-i-sredstvo-za-odstranjevanje-mascob","title":{"rendered":"X MAC I- Sredstvo za odstranjevanje ma\u0161\u010dob"},"content":{"rendered":"<p>MAC je teko\u010de sredstvo za odstranjevanje ma\u0161\u010dob. Uporabljamo ga na\u00a0vseh vodoodpornih povr\u0161inah, keramiki, emajl, povr\u0161inah iz aluminija. Sredstvo se uporablja dnevno in nerazred\u010deno.\u00a0 Po\u0161kropimo ga po povr\u0161ini in pustimo u\u010dinkovati kratek \u010das, obri\u0161emo in splaknemo z vodo<\/p>\n","protected":false},"excerpt":{"rendered":"<h1>\u00a0<\/h1>\n<p>Sredstvo za odstranjevanje ma\u0161\u010dob.<\/p>\n<p>Pakiranje: 1000 ml<\/p>\n","protected":false},"featured_media":85503,"comment_status":"open","ping_status":"closed","template":"","meta":{"_acf_changed":false},"product_brand":[1011],"product_cat":[54],"product_tag":[],"class_list":{"0":"post-85473","1":"product","2":"type-product","3":"status-publish","4":"has-post-thumbnail","6":"product_brand-gastro-higiena","7":"product_cat-cistila","9":"first","10":"instock","11":"shipping-taxable","12":"purchasable","13":"product-type-simple"},"acf":[],"_links":{"self":[{"href":"https:\/\/go-st.vizia.si\/index.php?rest_route=\/wp\/v2\/product\/85473","targetHints":{"allow":["GET"]}}],"collection":[{"href":"https:\/\/go-st.vizia.si\/index.php?rest_route=\/wp\/v2\/product"}],"about":[{"href":"https:\/\/go-st.vizia.si\/index.php?rest_route=\/wp\/v2\/types\/product"}],"replies":[{"embeddable":true,"href":"https:\/\/go-st.vizia.si\/index.php?rest_route=%2Fwp%2Fv2%2Fcomments&post=85473"}],"wp:featuredmedia":[{"embeddable":true,"href":"https:\/\/go-st.vizia.si\/index.php?rest_route=\/wp\/v2\/media\/85503"}],"wp:attachment":[{"href":"https:\/\/go-st.vizia.si\/index.php?rest_route=%2Fwp%2Fv2%2Fmedia&parent=85473"}],"wp:term":[{"taxonomy":"product_brand","embeddable":true,"href":"https:\/\/go-st.vizia.si\/index.php?rest_route=%2Fwp%2Fv2%2Fproduct_brand&post=85473"},{"taxonomy":"product_cat","embeddable":true,"href":"https:\/\/go-st.vizia.si\/index.php?rest_route=%2Fwp%2Fv2%2Fproduct_cat&post=85473"},{"taxonomy":"product_tag","embeddable":true,"href":"https:\/\/go-st.vizia.si\/index.php?rest_route=%2Fwp%2Fv2%2Fproduct_tag&post=85473"}],"curies":[{"name":"wp","href":"https:\/\/api.w.org\/{rel}","templated":true}]}}