{"id":85476,"date":"2026-01-29T18:14:02","date_gmt":"2026-01-29T18:14:02","guid":{"rendered":"https:\/\/go-st.vizia.si\/?post_type=product&#038;p=85476"},"modified":"2026-02-11T07:38:17","modified_gmt":"2026-02-11T07:38:17","slug":"x-det-i-sredstvo-za-rocno-pomivanje-posode","status":"publish","type":"product","link":"https:\/\/go-st.vizia.si\/?product=x-det-i-sredstvo-za-rocno-pomivanje-posode","title":{"rendered":"X DET I-Sredstvo za ro\u010dno pomivanje posode"},"content":{"rendered":"<p>X DET I je sredstvo za ro\u010dno pomivanje kro\u017enikov, kozarcev, skodelic, pribora, ponev. Uporabljamo ga sproti dnevno, 30ml na 10L vode. Pred nanosom izperemo ostanke hrane iz posode s toplo vodo, nato v raztopini s pomo\u010djo gobice pomijemo posodo ter dobro speremo z vodo.<\/p>\n","protected":false},"excerpt":{"rendered":"<h1>\u00a0<\/h1>\n<p>Detergent za ro\u010dno pomivanje posode<\/p>\n<p>Pakiranje: 5 kg<\/p>\n","protected":false},"featured_media":85506,"comment_status":"open","ping_status":"closed","template":"","meta":{"_acf_changed":false},"product_brand":[1011],"product_cat":[54],"product_tag":[],"class_list":{"0":"post-85476","1":"product","2":"type-product","3":"status-publish","4":"has-post-thumbnail","6":"product_brand-gastro-higiena","7":"product_cat-cistila","9":"first","10":"instock","11":"shipping-taxable","12":"purchasable","13":"product-type-simple"},"acf":[],"_links":{"self":[{"href":"https:\/\/go-st.vizia.si\/index.php?rest_route=\/wp\/v2\/product\/85476","targetHints":{"allow":["GET"]}}],"collection":[{"href":"https:\/\/go-st.vizia.si\/index.php?rest_route=\/wp\/v2\/product"}],"about":[{"href":"https:\/\/go-st.vizia.si\/index.php?rest_route=\/wp\/v2\/types\/product"}],"replies":[{"embeddable":true,"href":"https:\/\/go-st.vizia.si\/index.php?rest_route=%2Fwp%2Fv2%2Fcomments&post=85476"}],"wp:featuredmedia":[{"embeddable":true,"href":"https:\/\/go-st.vizia.si\/index.php?rest_route=\/wp\/v2\/media\/85506"}],"wp:attachment":[{"href":"https:\/\/go-st.vizia.si\/index.php?rest_route=%2Fwp%2Fv2%2Fmedia&parent=85476"}],"wp:term":[{"taxonomy":"product_brand","embeddable":true,"href":"https:\/\/go-st.vizia.si\/index.php?rest_route=%2Fwp%2Fv2%2Fproduct_brand&post=85476"},{"taxonomy":"product_cat","embeddable":true,"href":"https:\/\/go-st.vizia.si\/index.php?rest_route=%2Fwp%2Fv2%2Fproduct_cat&post=85476"},{"taxonomy":"product_tag","embeddable":true,"href":"https:\/\/go-st.vizia.si\/index.php?rest_route=%2Fwp%2Fv2%2Fproduct_tag&post=85476"}],"curies":[{"name":"wp","href":"https:\/\/api.w.org\/{rel}","templated":true}]}}