{"id":85479,"date":"2026-01-29T18:14:02","date_gmt":"2026-01-29T18:14:02","guid":{"rendered":"https:\/\/go-st.vizia.si\/?post_type=product&#038;p=85479"},"modified":"2026-02-11T07:38:17","modified_gmt":"2026-02-11T07:38:17","slug":"x-con-i-sredstvo-za-ciscenje-parno-konvekcijskih-peci","status":"publish","type":"product","link":"https:\/\/go-st.vizia.si\/?product=x-con-i-sredstvo-za-ciscenje-parno-konvekcijskih-peci","title":{"rendered":"X CON I-Sredstvo za \u010di\u0161\u010denje parno konvekcijskih pe\u010di"},"content":{"rendered":"<p>X7 je teko\u010de sredstvo za \u010di\u0161\u010denje pe\u010di in konvektomatov. Uporablja se ga dnevno oz. po potrebi in sicer razpr\u0161imo po notranjih povr\u0161inah in za\u017eenemo \u010distilni program.<\/p>\n","protected":false},"excerpt":{"rendered":"<h1>\u00a0<\/h1>\n<p>Sredstvo za \u010di\u0161\u010denje pe\u010di in konvektomatov<\/p>\n<p>Pakiranje: 5 kg<\/p>\n","protected":false},"featured_media":85509,"comment_status":"open","ping_status":"closed","template":"","meta":{"_acf_changed":false},"product_brand":[1011],"product_cat":[54],"product_tag":[],"class_list":{"0":"post-85479","1":"product","2":"type-product","3":"status-publish","4":"has-post-thumbnail","6":"product_brand-gastro-higiena","7":"product_cat-cistila","9":"first","10":"instock","11":"shipping-taxable","12":"purchasable","13":"product-type-simple"},"acf":[],"_links":{"self":[{"href":"https:\/\/go-st.vizia.si\/index.php?rest_route=\/wp\/v2\/product\/85479","targetHints":{"allow":["GET"]}}],"collection":[{"href":"https:\/\/go-st.vizia.si\/index.php?rest_route=\/wp\/v2\/product"}],"about":[{"href":"https:\/\/go-st.vizia.si\/index.php?rest_route=\/wp\/v2\/types\/product"}],"replies":[{"embeddable":true,"href":"https:\/\/go-st.vizia.si\/index.php?rest_route=%2Fwp%2Fv2%2Fcomments&post=85479"}],"wp:featuredmedia":[{"embeddable":true,"href":"https:\/\/go-st.vizia.si\/index.php?rest_route=\/wp\/v2\/media\/85509"}],"wp:attachment":[{"href":"https:\/\/go-st.vizia.si\/index.php?rest_route=%2Fwp%2Fv2%2Fmedia&parent=85479"}],"wp:term":[{"taxonomy":"product_brand","embeddable":true,"href":"https:\/\/go-st.vizia.si\/index.php?rest_route=%2Fwp%2Fv2%2Fproduct_brand&post=85479"},{"taxonomy":"product_cat","embeddable":true,"href":"https:\/\/go-st.vizia.si\/index.php?rest_route=%2Fwp%2Fv2%2Fproduct_cat&post=85479"},{"taxonomy":"product_tag","embeddable":true,"href":"https:\/\/go-st.vizia.si\/index.php?rest_route=%2Fwp%2Fv2%2Fproduct_tag&post=85479"}],"curies":[{"name":"wp","href":"https:\/\/api.w.org\/{rel}","templated":true}]}}