{"id":85483,"date":"2026-01-29T18:14:02","date_gmt":"2026-01-29T18:14:02","guid":{"rendered":"https:\/\/go-st.vizia.si\/?post_type=product&#038;p=85483"},"modified":"2026-02-26T08:36:52","modified_gmt":"2026-02-26T08:36:52","slug":"haubni-pomivalni-stroj-za-posodo-top-tech-3823","status":"publish","type":"product","link":"https:\/\/go-st.vizia.si\/?product=haubni-pomivalni-stroj-za-posodo-top-tech-3823","title":{"rendered":"Preto\u010dni pomivalni stroj TOP TECH 3823"},"content":{"rendered":"<h3 class=\"desc-headings\">Poudarki<\/h3>\n<ul>\n<li><strong>Vgrajena<\/strong> pompa za izpiranje<\/li>\n<li><strong>Vgrajena<\/strong> izto\u010dna \u010drpalka<\/li>\n<li><strong>Peristalti\u010dno<\/strong> doziranje izpiranja<\/li>\n<li><strong>Peristalti\u010dno<\/strong> doziranje \u010distila<\/li>\n<li><strong>DuoFlow<\/strong> patentirana pompa za pranje, var\u010dna in tiha<\/li>\n<li><strong>HiTech<\/strong> kombinirana ro\u010dica za pranje in izpiranje iz izredno lahkega kompozitnega materiala<\/li>\n<li><strong>UltraRinse\u2083<\/strong> sistem izpiranja z do 60 % prihrankom vode<\/li>\n<li><strong>ProRinse<\/strong> CRP tehnologija izpiranja<\/li>\n<li><strong>Evolution\u2083<\/strong> avtomatsko delno praznjenje vode iz rezervoarja<\/li>\n<li><strong>ProGressive<\/strong> trojno filtriranje za stalno \u010di\u0161\u010denje pralnega sredstva<\/li>\n<li><strong>EnergySaving<\/strong> sistem za var\u010devanje z energijo \u2013 zni\u017eanje temperature v stanju pripravljenosti<\/li>\n<li><strong>ProDose<\/strong> sistem za nadzor izpiranja<\/li>\n<li><strong>HotWash<\/strong> sistem ogrevanja zagotavlja kraj\u0161e \u010dase izpiranja in izbolj\u0161ano zmogljivost stroja<\/li>\n<li><strong>ProHeat<\/strong> vzporedno delovanje ogrevanja rezervoarja in bojlerja, 20 % vi\u0161ja temperatura pranja<\/li>\n<li><strong>QuickReady<\/strong> upravljanje z energijo za skraj\u0161anje \u010dasa ogrevanja, ki ga je mogo\u010de vklopiti<\/li>\n<li><strong>ThermoStop<\/strong> nadzor izpiranja za ohranjanje temperature izpiranja<\/li>\n<li><strong>ProClean<\/strong> samodejno samo\u010distilno delovanje<\/li>\n<li><strong>ProSelf<\/strong> samodejno praznjenje rezervoarja<\/li>\n<li><strong>ProGlide<\/strong> sistem za dvigovanje pokrova z majhnim trenjem<\/li>\n<li><strong>Sistem za samodiagnozo<\/strong> prek LCD-zaslona v obliki besedila in simbolov<\/li>\n<li><strong>SmartScreen<\/strong> velik ve\u010dbarvni LCD-zaslon s tipkami Soft-Touch<\/li>\n<li><strong>Prikaz temperature<\/strong> prek LCD-zaslona<\/li>\n<\/ul>\n<h3 class=\"desc-headings\">Informacije o izdelku<\/h3>\n<ul>\n<li>Velikost ko\u0161a: 50 x 50 cm<\/li>\n<li>V celoti iz nerjave\u010dega jekla<\/li>\n<li>Uravnote\u017eena kapuca z masivnim ro\u010dajem<\/li>\n<li>Dvojno stenska izolirana konstrukcija pokrova<\/li>\n<li>Enostenska konstrukcija ohi\u0161ja<\/li>\n<li>Vodila za ko\u0161aro za pomivanje<\/li>\n<li>Tiefgezogena konstrukcija rezervoarja<\/li>\n<li>Elektronsko krmiljeno dodatno izpiranje<\/li>\n<li>Sistem Break-Tank z atmosferskim bojlerjem<\/li>\n<li>Velika re\u0161etka rezervoarja iz nerjave\u010dega jekla<\/li>\n<li>Varnostni filter za pralno \u010drpalko<\/li>\n<li>Elektronsko krmiljena \u010drpalka za dodatno izpiranje<\/li>\n<li>Elektronsko krmiljeno doziranje izpiranja<\/li>\n<li>Elektronsko krmiljeno doziranje \u010distila<\/li>\n<li>Elektronsko krmiljena izpustna \u010drpalka<\/li>\n<li>Avtomatsko praznjenje rezervoarja<\/li>\n<li>Zbiranje podatkov o pranju in \u0161tevilo ciklov<\/li>\n<li>Vgrajen USB-vmesnik<\/li>\n<\/ul>\n<h3 class=\"desc-headings\">Tehni\u010dne informacije<\/h3>\n<ul>\n<li>Teoreti\u010dna zmogljivost, pribli\u017eno 60 ko\u0161ar\/uro<\/li>\n<li>Temperatura pranja: 60 \u00b0C<\/li>\n<li>Temperatura izpiranja: 85 \u00b0C<\/li>\n<li>Poraba vode na izpiranje: 1,6 l<\/li>\n<li>Maks. odprtina vrat\/pokrova: 46,5 cm<\/li>\n<li>Maks. premer kro\u017enika: 44 cm<\/li>\n<li>Maks. velikost pladnja: GN 1\/1<\/li>\n<li>Vsebina rezervoarja: 22 l<\/li>\n<li>Vsebina bojlerja: 12 l<\/li>\n<li>Ogrevanje rezervoarja: 2500 W<\/li>\n<li>Ogrevanje bojlerja: 7000 W<\/li>\n<li>Mo\u010d pomivalne \u010drpalke: 700 W<\/li>\n<li>Povezovalna mo\u010d: 10.200 W<\/li>\n<li>Napajanje: 400 V \/ 50 Hz \/ 3 N<\/li>\n<li>Najve\u010dja jakost toka: 16 A<\/li>\n<li>Tlak vode min.-max.: 1,5 - 4 bar<\/li>\n<li>Minimalna in maksimalna temperatura vode: 15\u201360 \u00b0C<\/li>\n<li>Dimenzije: 72,1 x 83,6 x 156,5 cm (\u0160xGxV)<\/li>\n<li>Vi\u0161ina pri odprtem pokrovu: 212 cm<\/li>\n<\/ul>\n<h3 class=\"desc-headings\">Prilo\u017eena oprema<\/h3>\n<ul>\n<li>1 ko\u0161 za kozarce 50 x 50 cm<\/li>\n<li>1 ko\u0161 za kro\u017enike 50 x 50 cm<\/li>\n<li>1 dr\u017ealo za jedilni pribor<\/li>\n<li>2 m dovodni cev \u00be\"<\/li>\n<li>1,7 m odto\u010dna cev<\/li>\n<li>Priklju\u010dni kabel (400 V)<\/li>\n<li>Dol\u017eina cevi za sredstvo za sijaj: pribl. 2,5 m<\/li>\n<li>Dol\u017eina cevi za \u010distilo: pribl. 2,5 m<\/li>\n<\/ul>\n","protected":false},"excerpt":{"rendered":"<p>9 glavnih programov pomivanja<br \/>5 posebnih programov pomivanja<br \/>s termi\u010dno dezinfekcijo<br \/>Trajanje pomivanja: 60 - 90 - 180 sek.<br \/>Velikost ko\u0161are: 50 x 50 cm<br \/>Povezava: 400 V \/ 10,2 KW<br \/>Dimenzije: 72,1 x 83,6 x 156,5 cm (\u0160xGxV)<\/p>\n","protected":false},"featured_media":85518,"comment_status":"open","ping_status":"closed","template":"","meta":{"_acf_changed":false},"product_brand":[1060],"product_cat":[87],"product_tag":[],"class_list":{"0":"post-85483","1":"product","2":"type-product","3":"status-publish","4":"has-post-thumbnail","6":"product_brand-colged","7":"product_cat-haubni-pomivalni-stroji","9":"first","10":"instock","11":"shipping-taxable","12":"purchasable","13":"product-type-simple"},"acf":[],"_links":{"self":[{"href":"https:\/\/go-st.vizia.si\/index.php?rest_route=\/wp\/v2\/product\/85483","targetHints":{"allow":["GET"]}}],"collection":[{"href":"https:\/\/go-st.vizia.si\/index.php?rest_route=\/wp\/v2\/product"}],"about":[{"href":"https:\/\/go-st.vizia.si\/index.php?rest_route=\/wp\/v2\/types\/product"}],"replies":[{"embeddable":true,"href":"https:\/\/go-st.vizia.si\/index.php?rest_route=%2Fwp%2Fv2%2Fcomments&post=85483"}],"wp:featuredmedia":[{"embeddable":true,"href":"https:\/\/go-st.vizia.si\/index.php?rest_route=\/wp\/v2\/media\/85518"}],"wp:attachment":[{"href":"https:\/\/go-st.vizia.si\/index.php?rest_route=%2Fwp%2Fv2%2Fmedia&parent=85483"}],"wp:term":[{"taxonomy":"product_brand","embeddable":true,"href":"https:\/\/go-st.vizia.si\/index.php?rest_route=%2Fwp%2Fv2%2Fproduct_brand&post=85483"},{"taxonomy":"product_cat","embeddable":true,"href":"https:\/\/go-st.vizia.si\/index.php?rest_route=%2Fwp%2Fv2%2Fproduct_cat&post=85483"},{"taxonomy":"product_tag","embeddable":true,"href":"https:\/\/go-st.vizia.si\/index.php?rest_route=%2Fwp%2Fv2%2Fproduct_tag&post=85483"}],"curies":[{"name":"wp","href":"https:\/\/api.w.org\/{rel}","templated":true}]}}