{"id":85484,"date":"2026-01-29T18:14:02","date_gmt":"2026-01-29T18:14:02","guid":{"rendered":"https:\/\/go-st.vizia.si\/?post_type=product&#038;p=85484"},"modified":"2026-02-12T09:42:53","modified_gmt":"2026-02-12T09:42:53","slug":"haubni-pomivalni-stroj-za-posodo-top-tech-3823-d-nrg","status":"publish","type":"product","link":"https:\/\/go-st.vizia.si\/?product=haubni-pomivalni-stroj-za-posodo-top-tech-3823-d-nrg","title":{"rendered":"Haubni pomivalni stroj za posodo Top Tech 3823 D NRG"},"content":{"rendered":"<h3 class=\"desc-headings\">Poudarki<\/h3>\n<ul>\n<li><strong>NRG rekuperacija toplote<\/strong> <span>skoraj <\/span>40 % prihranek energije pri <span>vodi za dodatno izpiranje<\/span><\/li>\n<li><strong>Vgrajena pompa za izpiranje<\/strong>\n<li><strong>Vgrajena izto\u010dna \u010drpalka<\/strong>\n<li><strong>Peristalti\u010dno<\/strong> doziranje izpiranja\n<li><strong>Peristalti\u010dno<\/strong> doziranje \u010distila\n<li><strong>DuoFlow<\/strong> patentirana pompa za pranje, var\u010dna in tiha<\/li>\n<li><strong>HiTech<\/strong> kombinirana ro\u010dica za pranje in izpiranje iz izredno lahkega kompozitnega materiala<\/li>\n<li><strong>UltraRinse\u2083<\/strong> sistem izpiranja z do 60 % prihrankom vode<\/li>\n<li><strong>ProRinse<\/strong> CRP tehnologija izpiranja<\/li>\n<li><strong>Evolution\u2083<\/strong> avtomatsko delno praznjenje vode iz rezervoarja<\/li>\n<li><strong>ProGressive<\/strong> trojno filtriranje za stalno \u010di\u0161\u010denje pralnega sredstva<\/li>\n<li><strong>EnergySaving<\/strong> sistem za var\u010devanje z energijo \u2013 zni\u017eanje temperature v stanju pripravljenosti<\/li>\n<li><strong>ProDose<\/strong> sistem za nadzor izpiranja<\/li>\n<li><strong>HotWash<\/strong> sistem ogrevanja zagotavlja kraj\u0161e \u010dase izpiranja in izbolj\u0161ano zmogljivost stroja<\/li>\n<li><strong>ProHeat<\/strong> vzporedno delovanje ogrevanja rezervoarja in bojlerja, 20 % vi\u0161ja temperatura pranja<\/li>\n<li><strong>QuickReady<\/strong> upravljanje energije za skraj\u0161anje \u010dasa ogrevanja, ki se lahko vklopi<\/li>\n<li><strong>ThermoStop<\/strong> nadzor izpiranja za ohranjanje temperature izpiranja<\/li>\n<li><strong>ProClean<\/strong> samodejno samo\u010distilno delovanje<\/li>\n<li><strong>ProSelf<\/strong> samodejno praznjenje rezervoarja<\/li>\n<li><strong>ProGlide<\/strong> sistem za dvigovanje pokrova z majhnim trenjem<\/li>\n<li><strong>Sistem za samodiagnozo<\/strong> prek LCD-zaslona v obliki besedila in simbolov<\/li>\n<li><strong>SmartScreen<\/strong> velik ve\u010dbarvni LCD-zaslon s tipko Soft-Touch<\/li>\n<li><strong>Prikaz temperature<\/strong> prek LCD-zaslona<\/li>\n<\/ul>\n<h3 class=\"desc-headings\">Informacije o izdelku<\/h3>\n<ul>\n<li>Velikost ko\u0161are: 50 x 50 cm<\/li>\n<li>V celoti iz nerjave\u010dega jekla<\/li>\n<li>Pokrov uravnote\u017een z masivnim ro\u010dajem<\/li>\n<li>Dvojno stenska izolirana konstrukcija pokrova<\/li>\n<li>Enostenska konstrukcija ohi\u0161ja<\/li>\n<li>Vodila za ko\u0161aro za pomivanje<\/li>\n<li>Tlakovana konstrukcija rezervoarja<\/li>\n<li>Elektronsko krmiljeno dodatno izpiranje<\/li>\n<li>Sistem Break-Tank z atmosferskim bojlerjem<\/li>\n<li>Velika re\u0161etka rezervoarja iz nerjave\u010dega jekla<\/li>\n<li>Varnostni filter za pralno \u010drpalko<\/li>\n<li>Elektronsko krmiljena \u010drpalka za dodatno izpiranje<\/li>\n<li>Elektronsko krmiljeno doziranje izpiranja<\/li>\n<li>Elektronsko krmiljeno doziranje \u010distila<\/li>\n<li>Elektronsko krmiljena izpustna \u010drpalka<\/li>\n<li>Avtomatsko praznjenje rezervoarja<\/li>\n<li>Zbiranje podatkov o pranju in \u0161tevilo ciklov<\/li>\n<li>Vgrajen USB-vmesnik<\/li>\n<\/ul>\n<h3 class=\"desc-headings\">Tehni\u010dne informacije<\/h3>\n<ul>\n<li>Teoreti\u010dna zmogljivost, pribli\u017eno 60 ko\u0161ar\/h<\/li>\n<li>Temperatura pranja: 60 \u00b0C<\/li>\n<li>Temperatura izpiranja: 85 \u00b0C<\/li>\n<li>Poraba vode na izpiranje: 1,6 l<\/li>\n<li>Maks. odprtina vrat\/pokrova: 46,5 cm<\/li>\n<li>Maks. premer kro\u017enika: 44 cm<\/li>\n<li>Maks. velikost pladnja: GN 1\/1<\/li>\n<li>Vsebina rezervoarja: 22 l<\/li>\n<li>Vsebina bojlerja: 12 l<\/li>\n<li>Ogrevanje rezervoarja: 2500 W<\/li>\n<li>Ogrevanje kotla: 7000 W<\/li>\n<li>Mo\u010d \u010drpalke za pranje: 700 W<\/li>\n<li>Pritrdilna mo\u010d: 10200 W<\/li>\n<li>Napajanje: 400 V \/ 50 Hz \/ 3 N<\/li>\n<li>Najve\u010dja jakost toka: 16 A<\/li>\n<li>Minimalni in maksimalni tlak vode: 1,5\u20134 bar<\/li>\n<li>Minimalna in maksimalna temperatura vode: 15\u201325 \u00b0C<\/li>\n<li>Elektri\u010dna mo\u010d rekuperatorja toplote: 50 W<\/li>\n<li>Pretok zraka za rekuperacijo toplote: 680 m\u00b3\/h<\/li>\n<li>Dimenzije: 72,1 x 83,6 x 226,5 cm (\u0160xGxV)<\/li>\n<li>Vi\u0161ina odprtega pokrova: 212 cm<\/li>\n<\/ul>\n<h3 class=\"desc-headings\">Prilo\u017eena oprema<\/h3>\n<ul>\n<li>1 ko\u0161 za kozarce 50 x 50 cm<\/li>\n<li>1 ko\u0161 za kro\u017enike 50 x 50 cm<\/li>\n<li>1 dr\u017ealo za jedilni pribor<\/li>\n<li>2 m dovodni cev \u00be\"<\/li>\n<li>1,7 m odvodna cev<\/li>\n<li>Priklju\u010dni kabel (400 V)<\/li>\n<li>Dol\u017eina cevi za splakovalnik: pribl. 2,5 m<\/li>\n<li>Dol\u017eina cevi za \u010distilo: pribl. 2,5 m<\/li>\n<\/ul>\n","protected":false},"excerpt":{"rendered":"<p>9 glavnih programov pomivanja<br \/>5 posebnih programov pomivanja<br \/>s termi\u010dno dezinfekcijo<br \/>Trajanje pomivanja: 60 \u2013 90 \u2013 180 sek. <br \/>Velikost ko\u0161are: 50 x 50 cm<br \/>Povezovalna vrednost: 400 V \/ 10,2 KW<br \/>Dimenzije: 72,1 x 83,6 x 226,5 cm (\u0160xGxV)<\/p>\n","protected":false},"featured_media":85522,"comment_status":"open","ping_status":"closed","template":"","meta":{"_acf_changed":false},"product_brand":[1060],"product_cat":[87],"product_tag":[],"class_list":{"0":"post-85484","1":"product","2":"type-product","3":"status-publish","4":"has-post-thumbnail","6":"product_brand-colged","7":"product_cat-haubni-pomivalni-stroji","9":"first","10":"instock","11":"shipping-taxable","12":"purchasable","13":"product-type-simple"},"acf":[],"_links":{"self":[{"href":"https:\/\/go-st.vizia.si\/index.php?rest_route=\/wp\/v2\/product\/85484","targetHints":{"allow":["GET"]}}],"collection":[{"href":"https:\/\/go-st.vizia.si\/index.php?rest_route=\/wp\/v2\/product"}],"about":[{"href":"https:\/\/go-st.vizia.si\/index.php?rest_route=\/wp\/v2\/types\/product"}],"replies":[{"embeddable":true,"href":"https:\/\/go-st.vizia.si\/index.php?rest_route=%2Fwp%2Fv2%2Fcomments&post=85484"}],"wp:featuredmedia":[{"embeddable":true,"href":"https:\/\/go-st.vizia.si\/index.php?rest_route=\/wp\/v2\/media\/85522"}],"wp:attachment":[{"href":"https:\/\/go-st.vizia.si\/index.php?rest_route=%2Fwp%2Fv2%2Fmedia&parent=85484"}],"wp:term":[{"taxonomy":"product_brand","embeddable":true,"href":"https:\/\/go-st.vizia.si\/index.php?rest_route=%2Fwp%2Fv2%2Fproduct_brand&post=85484"},{"taxonomy":"product_cat","embeddable":true,"href":"https:\/\/go-st.vizia.si\/index.php?rest_route=%2Fwp%2Fv2%2Fproduct_cat&post=85484"},{"taxonomy":"product_tag","embeddable":true,"href":"https:\/\/go-st.vizia.si\/index.php?rest_route=%2Fwp%2Fv2%2Fproduct_tag&post=85484"}],"curies":[{"name":"wp","href":"https:\/\/api.w.org\/{rel}","templated":true}]}}