{"id":85553,"date":"2026-01-29T18:14:16","date_gmt":"2026-01-29T18:14:16","guid":{"rendered":"https:\/\/go-st.vizia.si\/?post_type=product&#038;p=85553"},"modified":"2026-02-11T07:38:22","modified_gmt":"2026-02-11T07:38:22","slug":"kosara-za-kozarce-razlicnih-dimenzij","status":"publish","type":"product","link":"https:\/\/go-st.vizia.si\/?product=kosara-za-kozarce-razlicnih-dimenzij","title":{"rendered":"KO\u0160ARA ZA KOZARCE, razli\u010dnih dimenzij"},"content":{"rendered":"<p>Ko\u0161ara za kozarce s \u0161tirimi vrstami. Narejena je iz rilsana. Plastificirana z za\u0161\u010dito na vogalih. Bele barve.<\/p>\n<p>\u00a0<\/p>\n<p>Dimenzije:<\/p>\n<p>38,5 x 38,5 x 17 cm<\/p>\n<p>40 x 40 x 17 cm<\/p>\n<p>45 x 45 x 17 cm<\/p>\n<p>50 x 50 x 17 cm\u00a0<\/p>\n","protected":false},"excerpt":{"rendered":"<p>Ko\u0161ara za kozarce s \u0161tirimi vrstami. Narejena je iz rilsana. Plastificirana z za\u0161\u010dito na vogalih. Bele barve.<\/p>\n<p>\u00a0<\/p>\n<p>Dimenzije:<\/p>\n<p>38,5 x 38,5 x 17 cm<\/p>\n<p>40 x 40 x 17 cm<\/p>\n<p>45 x 45 x 17 cm<\/p>\n<p>50 x 50 x 17 cm\u00a0<\/p>\n","protected":false},"featured_media":85588,"comment_status":"open","ping_status":"closed","template":"","meta":{"_acf_changed":false},"product_brand":[],"product_cat":[55],"product_tag":[],"class_list":{"0":"post-85553","1":"product","2":"type-product","3":"status-publish","4":"has-post-thumbnail","6":"product_cat-kosare","8":"first","9":"instock","10":"shipping-taxable","11":"purchasable","12":"product-type-simple"},"acf":[],"_links":{"self":[{"href":"https:\/\/go-st.vizia.si\/index.php?rest_route=\/wp\/v2\/product\/85553","targetHints":{"allow":["GET"]}}],"collection":[{"href":"https:\/\/go-st.vizia.si\/index.php?rest_route=\/wp\/v2\/product"}],"about":[{"href":"https:\/\/go-st.vizia.si\/index.php?rest_route=\/wp\/v2\/types\/product"}],"replies":[{"embeddable":true,"href":"https:\/\/go-st.vizia.si\/index.php?rest_route=%2Fwp%2Fv2%2Fcomments&post=85553"}],"wp:featuredmedia":[{"embeddable":true,"href":"https:\/\/go-st.vizia.si\/index.php?rest_route=\/wp\/v2\/media\/85588"}],"wp:attachment":[{"href":"https:\/\/go-st.vizia.si\/index.php?rest_route=%2Fwp%2Fv2%2Fmedia&parent=85553"}],"wp:term":[{"taxonomy":"product_brand","embeddable":true,"href":"https:\/\/go-st.vizia.si\/index.php?rest_route=%2Fwp%2Fv2%2Fproduct_brand&post=85553"},{"taxonomy":"product_cat","embeddable":true,"href":"https:\/\/go-st.vizia.si\/index.php?rest_route=%2Fwp%2Fv2%2Fproduct_cat&post=85553"},{"taxonomy":"product_tag","embeddable":true,"href":"https:\/\/go-st.vizia.si\/index.php?rest_route=%2Fwp%2Fv2%2Fproduct_tag&post=85553"}],"curies":[{"name":"wp","href":"https:\/\/api.w.org\/{rel}","templated":true}]}}